{"id":18246,"date":"2024-02-16T16:49:20","date_gmt":"2024-02-16T17:49:20","guid":{"rendered":"https:\/\/guidetotheazores.pt\/product\/furnas-plantacao-de-cha-e-vila-franca-do-campo\/"},"modified":"2026-05-06T07:09:32","modified_gmt":"2026-05-06T08:09:32","slug":"furnas-plantacao-de-cha-e-vila-franca-do-campo","status":"publish","type":"product","link":"https:\/\/guidetotheazores.pt\/pt-pt\/produto\/furnas-plantacao-de-cha-e-vila-franca-do-campo\/","title":{"rendered":"Furnas, Planta\u00e7\u00e3o de Ch\u00e1 e Vila Franca do Campo"},"content":{"rendered":"<p>Partimos de Ponta Delgada em dire\u00e7\u00e3o \u00e0s Furnas ao longo da costa norte e no caminho par\u00e1mos na F\u00e1brica de Ch\u00e1 da Gorreana. Uma vez nas Furnas, temos o seguinte itiner\u00e1rio planeado:<\/p>\n<p>&#8211; Miradouro do Pico do Ferro<\/p>\n<p>&#8211; A Lagoa das Furnas e as suas caldeiras<\/p>\n<p>&#8211; Parque Terra Nostra ou Po\u00e7a da D. Beija<\/p>\n<p>No regresso a Ponta Delgada, percorremos o lado sul da ilha e fazemos as seguintes paragens:<\/p>\n<p>&#8211; Lagoa do Congro<\/p>\n<p>&#8211; Miradouro de Castelo Branco<\/p>\n<p>&#8211; Miradouro da Senhora da Paz<\/p>\n<p>&#8211; F\u00e1brica de Queijada de Vila Franca do Campo<\/p>\n<p><strong>Informa\u00e7\u00f5es e condi\u00e7\u00f5es<\/strong><\/p>\n<p>Dia inteiro<\/p>\n<p>Dura\u00e7\u00e3o 8 horas<\/p>\n<p>M\u00ednimo 2 pessoas<\/p>\n<p>65 euros por adulto<\/p>\n<p>20 euros por crian\u00e7a at\u00e9 aos 12 anos<\/p>\n<p>Recolha e entrega no alojamento em Ponta Delgada num raio de 5 km inclu\u00eddo<\/p>\n<p>Almo\u00e7o e taxas de entrada nos parques e na lagoa n\u00e3o inclu\u00eddos<\/p>\n<p>Traz fato de banho e toalha<\/p>\n<p><strong>Pol\u00edtica de cancelamento<\/strong><\/p>\n<p>Cancelamento gratuito devido a condi\u00e7\u00f5es climat\u00e9ricas (chuva);<\/p>\n<p>Cancelamento gratuito at\u00e9 15 dias de anteced\u00eancia, n\u00e3o reembols\u00e1vel ap\u00f3s este per\u00edodo<\/p>\n<p>Esta visita est\u00e1 dispon\u00edvel em portugu\u00eas e ingl\u00eas<\/p>\n","protected":false},"excerpt":{"rendered":"<p>Partimos de Ponta Delgada em dire\u00e7\u00e3o \u00e0s Furnas ao longo da costa norte e no caminho par\u00e1mos na F\u00e1brica de Ch\u00e1 da Gorreana. Uma vez nas Furnas, temos o seguinte itiner\u00e1rio planeado:<\/p>\n<p>&#8211; Miradouro do Pico do Ferro<\/p>\n<p>&#8211; A Lagoa das Furnas e as suas caldeiras<\/p>\n<p>&#8211; Parque Terra Nostra ou Po\u00e7a da D. Beija<\/p>\n<p>No regresso a Ponta Delgada, percorremos o lado sul da ilha e fazemos as seguintes paragens:<\/p>\n<p>&#8211; Lagoa do Congro<\/p>\n<p>&#8211; Miradouro de Castelo Branco<\/p>\n<p>&#8211; Miradouro da Senhora da Paz<\/p>\n<p>&#8211; F\u00e1brica de Queijada de Vila Franca do Campo<\/p>\n<p>Esta visita est\u00e1 dispon\u00edvel em portugu\u00eas e ingl\u00eas<\/p>\n","protected":false},"featured_media":14424,"comment_status":"open","ping_status":"closed","template":"","meta":{"_acf_changed":false},"product_brand":[],"product_cat":[539,19306,556,547],"product_tag":[19324],"class_list":{"0":"post-18246","1":"product","2":"type-product","3":"status-publish","4":"has-post-thumbnail","6":"product_cat-atividades-pt-pt","7":"product_cat-sao-miguel-pt-pt","8":"product_cat-todas-as-ilhas","9":"product_cat-visitas-guiadas","10":"product_tag-ilhasaomiguel","12":"first","13":"instock","14":"virtual","15":"sold-individually","16":"taxable","17":"purchasable","18":"product-type-phive_booking"},"acf":[],"_links":{"self":[{"href":"https:\/\/guidetotheazores.pt\/pt-pt\/wp-json\/wp\/v2\/product\/18246","targetHints":{"allow":["GET"]}}],"collection":[{"href":"https:\/\/guidetotheazores.pt\/pt-pt\/wp-json\/wp\/v2\/product"}],"about":[{"href":"https:\/\/guidetotheazores.pt\/pt-pt\/wp-json\/wp\/v2\/types\/product"}],"replies":[{"embeddable":true,"href":"https:\/\/guidetotheazores.pt\/pt-pt\/wp-json\/wp\/v2\/comments?post=18246"}],"wp:featuredmedia":[{"embeddable":true,"href":"https:\/\/guidetotheazores.pt\/pt-pt\/wp-json\/wp\/v2\/media\/14424"}],"wp:attachment":[{"href":"https:\/\/guidetotheazores.pt\/pt-pt\/wp-json\/wp\/v2\/media?parent=18246"}],"wp:term":[{"taxonomy":"product_brand","embeddable":true,"href":"https:\/\/guidetotheazores.pt\/pt-pt\/wp-json\/wp\/v2\/product_brand?post=18246"},{"taxonomy":"product_cat","embeddable":true,"href":"https:\/\/guidetotheazores.pt\/pt-pt\/wp-json\/wp\/v2\/product_cat?post=18246"},{"taxonomy":"product_tag","embeddable":true,"href":"https:\/\/guidetotheazores.pt\/pt-pt\/wp-json\/wp\/v2\/product_tag?post=18246"}],"curies":[{"name":"wp","href":"https:\/\/api.w.org\/{rel}","templated":true}]}}