{"id":18249,"date":"2024-02-16T16:35:40","date_gmt":"2024-02-16T17:35:40","guid":{"rendered":"https:\/\/guidetotheazores.pt\/product\/lagoa-do-fogo-e-nordeste\/"},"modified":"2026-05-06T07:10:08","modified_gmt":"2026-05-06T08:10:08","slug":"visita-a-lagoa-do-fogo-e-nordeste","status":"publish","type":"product","link":"https:\/\/guidetotheazores.pt\/pt-pt\/produto\/visita-a-lagoa-do-fogo-e-nordeste\/","title":{"rendered":"Visita a Lagoa do Fogo e Nordeste"},"content":{"rendered":"<p>Sa\u00edmos de Ponta Delgada em dire\u00e7\u00e3o \u00e0 Lagoa do Fogo, descemos at\u00e9 \u00e0 Caldeira Velha e depois vamos at\u00e9 ao Salto do Cabrito. Desce mais para as caldeiras da Ribeira Grande. A caminho do Nordeste, paramos na f\u00e1brica de ch\u00e1 Gorreana e no concelho do Nordeste visitamos os seguintes locais:<\/p>\n<p>&#8211; Parque da Ribeira dos Caldeir\u00f5es<\/p>\n<p>&#8211; Aldeia do Nordeste<\/p>\n<p>&#8211; Miradouro da Ponta do Sossego<\/p>\n<p>&#8211; Miradouro da Ponta da Madrugada<\/p>\n<p><strong>Informa\u00e7\u00f5es e condi\u00e7\u00f5es<\/strong><\/p>\n<p>Dia inteiro<\/p>\n<p>Dura\u00e7\u00e3o 8 horas<\/p>\n<p>M\u00ednimo 2 pessoas<\/p>\n<p>65 euros por adulto<\/p>\n<p>20 euros por crian\u00e7a at\u00e9 aos 12 anos<\/p>\n<p>Recolha e entrega no alojamento em Ponta Delgada num raio de 5 km inclu\u00eddo<\/p>\n<p>Almo\u00e7o e taxas de entrada no parque n\u00e3o inclu\u00eddos.<\/p>\n<p>Traz fato de banho e toalha<\/p>\n<p><strong>Pol\u00edtica de cancelamento<\/strong><\/p>\n<p>Cancelamento gratuito devido a condi\u00e7\u00f5es climat\u00e9ricas (chuva);<\/p>\n<p>Cancelamento gratuito at\u00e9 15 dias de anteced\u00eancia, n\u00e3o reembols\u00e1vel ap\u00f3s este per\u00edodo<\/p>\n<p>Esta visita est\u00e1 dispon\u00edvel em portugu\u00eas e ingl\u00eas<\/p>\n","protected":false},"excerpt":{"rendered":"<p>Sa\u00edmos de Ponta Delgada em dire\u00e7\u00e3o \u00e0 Lagoa do Fogo, descemos at\u00e9 \u00e0 Caldeira Velha e depois vamos at\u00e9 ao Salto do Cabrito. Desce mais para as caldeiras da Ribeira Grande. A caminho do Nordeste, paramos na f\u00e1brica de ch\u00e1 Gorreana e no concelho do Nordeste visitamos os seguintes locais:<\/p>\n<p>&#8211; Parque da Ribeira dos Caldeir\u00f5es<\/p>\n<p>&#8211; Aldeia do Nordeste<\/p>\n<p>&#8211; Miradouro da Ponta do Sossego<\/p>\n<p>&#8211; Miradouro da Ponta da Madrugada<\/p>\n<p>Esta visita est\u00e1 dispon\u00edvel em portugu\u00eas e ingl\u00eas<\/p>\n","protected":false},"featured_media":14454,"comment_status":"open","ping_status":"closed","template":"","meta":{"_acf_changed":false},"product_brand":[],"product_cat":[539,19306,556,547],"product_tag":[19324],"class_list":{"0":"post-18249","1":"product","2":"type-product","3":"status-publish","4":"has-post-thumbnail","6":"product_cat-atividades-pt-pt","7":"product_cat-sao-miguel-pt-pt","8":"product_cat-todas-as-ilhas","9":"product_cat-visitas-guiadas","10":"product_tag-ilhasaomiguel","12":"first","13":"instock","14":"virtual","15":"sold-individually","16":"taxable","17":"purchasable","18":"product-type-phive_booking"},"acf":[],"_links":{"self":[{"href":"https:\/\/guidetotheazores.pt\/pt-pt\/wp-json\/wp\/v2\/product\/18249","targetHints":{"allow":["GET"]}}],"collection":[{"href":"https:\/\/guidetotheazores.pt\/pt-pt\/wp-json\/wp\/v2\/product"}],"about":[{"href":"https:\/\/guidetotheazores.pt\/pt-pt\/wp-json\/wp\/v2\/types\/product"}],"replies":[{"embeddable":true,"href":"https:\/\/guidetotheazores.pt\/pt-pt\/wp-json\/wp\/v2\/comments?post=18249"}],"wp:featuredmedia":[{"embeddable":true,"href":"https:\/\/guidetotheazores.pt\/pt-pt\/wp-json\/wp\/v2\/media\/14454"}],"wp:attachment":[{"href":"https:\/\/guidetotheazores.pt\/pt-pt\/wp-json\/wp\/v2\/media?parent=18249"}],"wp:term":[{"taxonomy":"product_brand","embeddable":true,"href":"https:\/\/guidetotheazores.pt\/pt-pt\/wp-json\/wp\/v2\/product_brand?post=18249"},{"taxonomy":"product_cat","embeddable":true,"href":"https:\/\/guidetotheazores.pt\/pt-pt\/wp-json\/wp\/v2\/product_cat?post=18249"},{"taxonomy":"product_tag","embeddable":true,"href":"https:\/\/guidetotheazores.pt\/pt-pt\/wp-json\/wp\/v2\/product_tag?post=18249"}],"curies":[{"name":"wp","href":"https:\/\/api.w.org\/{rel}","templated":true}]}}