{"id":18425,"date":"2025-03-12T15:18:57","date_gmt":"2025-03-12T16:18:57","guid":{"rendered":"https:\/\/guidetotheazores.pt\/?post_type=product&#038;p=18425"},"modified":"2026-02-08T07:14:47","modified_gmt":"2026-02-08T08:14:47","slug":"domes-faia","status":"publish","type":"product","link":"https:\/\/guidetotheazores.pt\/pt-pt\/produto\/domes-faia\/","title":{"rendered":"Domes Faia &#8211; C\u00fapulas Faia"},"content":{"rendered":"<h3>A experi\u00eancia de um acampamento, com o conforto e requinte de um hotel.<\/h3>\n<p>Depois de um dia a explorar o patrim\u00f3nio e natureza \u00fanicos da ilha Terceira, descanse numa tenda geod\u00e9sica requintada.<\/p>\n<p>Ao reservar o alojamento pode optar por Single (1 pessoa) ou Duplo (2 Pessoas) e adicionar at\u00e9 3 camas extra (individual).<\/p>\n<p>N\u00e3o tem cozinha.<\/p>\n","protected":false},"excerpt":{"rendered":"<p>Uma experi\u00eancia \u00fanica de glamping na ilha Terceira.<\/p>\n","protected":false},"featured_media":18422,"comment_status":"open","ping_status":"closed","template":"","meta":{"_acf_changed":false},"product_brand":[],"product_cat":[536,538,19279,556],"product_tag":[],"class_list":{"0":"post-18425","1":"product","2":"type-product","3":"status-publish","4":"has-post-thumbnail","6":"product_cat-alojamento","7":"product_cat-camping-glamping-pt-pt","8":"product_cat-terceira-pt-pt","9":"product_cat-todas-as-ilhas","11":"first","12":"instock","13":"sold-individually","14":"taxable","15":"shipping-taxable","16":"purchasable","17":"product-type-phive_booking"},"acf":[],"_links":{"self":[{"href":"https:\/\/guidetotheazores.pt\/pt-pt\/wp-json\/wp\/v2\/product\/18425","targetHints":{"allow":["GET"]}}],"collection":[{"href":"https:\/\/guidetotheazores.pt\/pt-pt\/wp-json\/wp\/v2\/product"}],"about":[{"href":"https:\/\/guidetotheazores.pt\/pt-pt\/wp-json\/wp\/v2\/types\/product"}],"replies":[{"embeddable":true,"href":"https:\/\/guidetotheazores.pt\/pt-pt\/wp-json\/wp\/v2\/comments?post=18425"}],"wp:featuredmedia":[{"embeddable":true,"href":"https:\/\/guidetotheazores.pt\/pt-pt\/wp-json\/wp\/v2\/media\/18422"}],"wp:attachment":[{"href":"https:\/\/guidetotheazores.pt\/pt-pt\/wp-json\/wp\/v2\/media?parent=18425"}],"wp:term":[{"taxonomy":"product_brand","embeddable":true,"href":"https:\/\/guidetotheazores.pt\/pt-pt\/wp-json\/wp\/v2\/product_brand?post=18425"},{"taxonomy":"product_cat","embeddable":true,"href":"https:\/\/guidetotheazores.pt\/pt-pt\/wp-json\/wp\/v2\/product_cat?post=18425"},{"taxonomy":"product_tag","embeddable":true,"href":"https:\/\/guidetotheazores.pt\/pt-pt\/wp-json\/wp\/v2\/product_tag?post=18425"}],"curies":[{"name":"wp","href":"https:\/\/api.w.org\/{rel}","templated":true}]}}