{"id":18534,"date":"2025-03-24T07:47:58","date_gmt":"2025-03-24T08:47:58","guid":{"rendered":"https:\/\/guidetotheazores.pt\/product\/furnas-a-digressao-mistica\/"},"modified":"2026-01-04T13:12:30","modified_gmt":"2026-01-04T14:12:30","slug":"furnas-a-digressao-mistica","status":"publish","type":"product","link":"https:\/\/guidetotheazores.pt\/pt-pt\/produto\/furnas-a-digressao-mistica\/","title":{"rendered":"Furnas: a digress\u00e3o m\u00edstica"},"content":{"rendered":"<p style=\"color: #000000;font-family: 'Helvetica Neue', Helvetica, Roboto, Arial, sans-serif;margin: 0px 0px 20px\">Visita a animada Lagoa das Furnas. Delicia o teu paladar com o tradicional &#8220;Cozido das Furnas&#8221;. Saboreia o corpo e a alma nas termas das Furnas \u00e0 hora de ouro, entre o crep\u00fasculo e a noite. Descobre o verdadeiro misticismo da vila das Furnas \u00e0 noite.   <\/p>\n<p style=\"color: #000000;font-family: 'Helvetica Neue', Helvetica, Roboto, Arial, sans-serif;margin: 0px 0px 20px\">**Pickup \u00e0s 17h30 (17h30), Drop-off \u00e0s 23h30 (23h30) de e para o teu alojamento**<\/p>\n<ol>\n<li style=\"color: #000000;font-family: 'Helvetica Neue', Helvetica, Roboto, Arial, sans-serif\">Recolha + Paragem r\u00e1pida para fotografias &#8211; Ilh\u00e9u de Vila Franca do Campo (1h00m)<\/li>\n<li style=\"color: #000000;font-family: 'Helvetica Neue', Helvetica, Roboto, Arial, sans-serif\">Paragem &#8211; Lagoa das Furnas (30m)<\/li>\n<li style=\"color: #000000;font-family: 'Helvetica Neue', Helvetica, Roboto, Arial, sans-serif\">Cozido das Furnas &#8211; Jantar num restaurante local (1h30m)<\/li>\n<li style=\"color: #000000;font-family: 'Helvetica Neue', Helvetica, Roboto, Arial, sans-serif\">Termas das Furnas &#8211; &#8220;Po\u00e7a da Dona Beija&#8221; (1h30m)<\/li>\n<li style=\"color: #000000;font-family: 'Helvetica Neue', Helvetica, Roboto, Arial, sans-serif\">Curiosidade Pequeno Passeio &#8211; Jardim da Alameda (15m)<\/li>\n<li style=\"color: #000000;font-family: 'Helvetica Neue', Helvetica, Roboto, Arial, sans-serif\">Pequeno Passeio &amp; Del\u00edcias &#8211; Furnas Ic\u00f3nicas Fumarolas e Caldeiras (30m)<\/li>\n<li style=\"color: #000000;font-family: 'Helvetica Neue', Helvetica, Roboto, Arial, sans-serif\">Passeio + Drop-off &#8211; Concelho da Ribeira Grande (45m)<\/li>\n<\/ol>\n<p style=\"color: #000000;font-family: 'Helvetica Neue', Helvetica, Roboto, Arial, sans-serif;margin: 0px 0px 20px\">Inclui:<br \/>\n-Pick-up e Drop-off no local escolhido (condi\u00e7\u00f5es aplic\u00e1veis);<br \/>\n-Guia tur\u00edstico local;<br \/>\n-Van com A\/C e para-brisas panor\u00e2mico;<br \/>\n-Entrada nas Termas das Furnas (EXCLUSIVE DEAL);<br \/>\n-Jantar de Cozido das Furnas num restaurante local (op\u00e7\u00e3o vegetariana dispon\u00edvel);<br \/>\n-Degusta\u00e7\u00e3o de doces locais (EXCLUSIVO);<br \/>\n-Garrafa de \u00e1gua;<br \/>\n-Seguro de viagem.<\/p>\n","protected":false},"excerpt":{"rendered":"<p style=\"color: #000000;font-family: 'Helvetica Neue', Helvetica, Roboto, Arial, sans-serif;margin: 0px 0px 20px\">Visita a animada Lagoa das Furnas. Delicia o teu paladar com o tradicional &#8220;Cozido das Furnas&#8221;. Saboreia o corpo e a alma nas termas das Furnas \u00e0 hora de ouro, entre o crep\u00fasculo e a noite. Descobre o verdadeiro misticismo da vila das Furnas \u00e0 noite.   <\/p>\n<p style=\"color: #000000;font-family: 'Helvetica Neue', Helvetica, Roboto, Arial, sans-serif;margin: 0px 0px 20px\">**Pickup \u00e0s 17h30 (17h30), Drop-off \u00e0s 23h30 (23h30) de e para o teu alojamento**<\/p>\n<ol>\n<li style=\"color: #000000;font-family: 'Helvetica Neue', Helvetica, Roboto, Arial, sans-serif\">Recolha + Paragem r\u00e1pida para fotografias &#8211; Ilh\u00e9u de Vila Franca do Campo (1h00m)<\/li>\n<li style=\"color: #000000;font-family: 'Helvetica Neue', Helvetica, Roboto, Arial, sans-serif\">Paragem &#8211; Lagoa das Furnas (30m)<\/li>\n<li style=\"color: #000000;font-family: 'Helvetica Neue', Helvetica, Roboto, Arial, sans-serif\">Cozido das Furnas &#8211; Jantar num restaurante local (1h30m)<\/li>\n<li style=\"color: #000000;font-family: 'Helvetica Neue', Helvetica, Roboto, Arial, sans-serif\">Termas das Furnas &#8211; &#8220;Po\u00e7a da Dona Beija&#8221; (1h30m)<\/li>\n<li style=\"color: #000000;font-family: 'Helvetica Neue', Helvetica, Roboto, Arial, sans-serif\">Curiosidade Pequeno Passeio &#8211; Jardim da Alameda (15m)<\/li>\n<li style=\"color: #000000;font-family: 'Helvetica Neue', Helvetica, Roboto, Arial, sans-serif\">Pequeno Passeio &amp; Del\u00edcias &#8211; Furnas Ic\u00f3nicas Fumarolas e Caldeiras (30m)<\/li>\n<li style=\"color: #000000;font-family: 'Helvetica Neue', Helvetica, Roboto, Arial, sans-serif\">Passeio + Drop-off &#8211; Concelho da Ribeira Grande (45m)<\/li>\n<\/ol>\n<p style=\"color: #000000;font-family: 'Helvetica Neue', Helvetica, Roboto, Arial, sans-serif;margin: 0px 0px 20px\">Inclui:<br \/>\n-Pick-up e Drop-off no local escolhido (condi\u00e7\u00f5es aplic\u00e1veis);<br \/>\n-Guia tur\u00edstico local;<br \/>\n-Van com A\/C e para-brisas panor\u00e2mico;<br \/>\n-Entrada nas Termas das Furnas (EXCLUSIVE DEAL);<br \/>\n-Jantar de Cozido das Furnas num restaurante local (op\u00e7\u00e3o vegetariana dispon\u00edvel);<br \/>\n-Degusta\u00e7\u00e3o de doces locais (EXCLUSIVO);<br \/>\n-Garrafa de \u00e1gua;<br \/>\n-Seguro de viagem.<\/p>\n","protected":false},"featured_media":21161,"comment_status":"open","ping_status":"closed","template":"","meta":{"_acf_changed":false},"product_brand":[],"product_cat":[539],"product_tag":[],"class_list":{"0":"post-18534","1":"product","2":"type-product","3":"status-publish","4":"has-post-thumbnail","6":"product_cat-atividades-pt-pt","8":"first","9":"instock","10":"virtual","11":"sold-individually","12":"taxable","13":"purchasable","14":"product-type-phive_booking"},"acf":[],"_links":{"self":[{"href":"https:\/\/guidetotheazores.pt\/pt-pt\/wp-json\/wp\/v2\/product\/18534","targetHints":{"allow":["GET"]}}],"collection":[{"href":"https:\/\/guidetotheazores.pt\/pt-pt\/wp-json\/wp\/v2\/product"}],"about":[{"href":"https:\/\/guidetotheazores.pt\/pt-pt\/wp-json\/wp\/v2\/types\/product"}],"replies":[{"embeddable":true,"href":"https:\/\/guidetotheazores.pt\/pt-pt\/wp-json\/wp\/v2\/comments?post=18534"}],"wp:featuredmedia":[{"embeddable":true,"href":"https:\/\/guidetotheazores.pt\/pt-pt\/wp-json\/wp\/v2\/media\/21161"}],"wp:attachment":[{"href":"https:\/\/guidetotheazores.pt\/pt-pt\/wp-json\/wp\/v2\/media?parent=18534"}],"wp:term":[{"taxonomy":"product_brand","embeddable":true,"href":"https:\/\/guidetotheazores.pt\/pt-pt\/wp-json\/wp\/v2\/product_brand?post=18534"},{"taxonomy":"product_cat","embeddable":true,"href":"https:\/\/guidetotheazores.pt\/pt-pt\/wp-json\/wp\/v2\/product_cat?post=18534"},{"taxonomy":"product_tag","embeddable":true,"href":"https:\/\/guidetotheazores.pt\/pt-pt\/wp-json\/wp\/v2\/product_tag?post=18534"}],"curies":[{"name":"wp","href":"https:\/\/api.w.org\/{rel}","templated":true}]}}