{"id":18875,"date":"2025-05-15T21:39:01","date_gmt":"2025-05-15T22:39:01","guid":{"rendered":"https:\/\/guidetotheazores.pt\/product\/sup-principiante\/"},"modified":"2026-01-04T12:54:21","modified_gmt":"2026-01-04T13:54:21","slug":"sup-principiante","status":"publish","type":"product","link":"https:\/\/guidetotheazores.pt\/pt-pt\/produto\/sup-principiante\/","title":{"rendered":"Stand Up Paddle (SUP) para principiantes"},"content":{"rendered":"<p>O N\u00edvel Iniciante \u00e9 indicado para pessoas que querem conhecer esta atividade de aventura pela primeira vez. Este n\u00edvel caracteriza-se por uma dificuldade baixa e zonas de f\u00e1cil acesso, onde aprender\u00e1s as principais t\u00e9cnicas e regras de seguran\u00e7a. <\/p>\n<p>Inclui:<\/p>\n<ul class=\"include\">\n<li><span dir=\"auto\">Recolha e entrega no alojamento;<\/span><\/li>\n<li><i class=\"input-icon field-icon fa\"><\/i><span dir=\"auto\">Equipamento especializado;<\/span><\/li>\n<li><i class=\"input-icon field-icon fa\"><\/i><span dir=\"auto\">Acompanha o guia;<\/span><\/li>\n<li><i class=\"input-icon field-icon fa\"><\/i><span dir=\"auto\">Lanche;<\/span><\/li>\n<li><i class=\"input-icon field-icon fa\"><\/i><span dir=\"auto\">N\u00e3o te preocupes.<\/span><\/li>\n<\/ul>\n","protected":false},"excerpt":{"rendered":"<p>O N\u00edvel Iniciante \u00e9 indicado para pessoas que querem conhecer esta atividade de aventura pela primeira vez. Este n\u00edvel caracteriza-se por uma dificuldade baixa e zonas de f\u00e1cil acesso, onde aprender\u00e1s as principais t\u00e9cnicas e regras de seguran\u00e7a. <\/p>\n","protected":false},"featured_media":18872,"comment_status":"open","ping_status":"closed","template":"","meta":{"_acf_changed":false},"product_brand":[],"product_cat":[539,19279,556],"product_tag":[19340],"class_list":{"0":"post-18875","1":"product","2":"type-product","3":"status-publish","4":"has-post-thumbnail","6":"product_cat-atividades-pt-pt","7":"product_cat-terceira-pt-pt","8":"product_cat-todas-as-ilhas","9":"product_tag-ilhaterceira","11":"first","12":"instock","13":"virtual","14":"sold-individually","15":"taxable","16":"purchasable","17":"product-type-phive_booking"},"acf":[],"_links":{"self":[{"href":"https:\/\/guidetotheazores.pt\/pt-pt\/wp-json\/wp\/v2\/product\/18875","targetHints":{"allow":["GET"]}}],"collection":[{"href":"https:\/\/guidetotheazores.pt\/pt-pt\/wp-json\/wp\/v2\/product"}],"about":[{"href":"https:\/\/guidetotheazores.pt\/pt-pt\/wp-json\/wp\/v2\/types\/product"}],"replies":[{"embeddable":true,"href":"https:\/\/guidetotheazores.pt\/pt-pt\/wp-json\/wp\/v2\/comments?post=18875"}],"wp:featuredmedia":[{"embeddable":true,"href":"https:\/\/guidetotheazores.pt\/pt-pt\/wp-json\/wp\/v2\/media\/18872"}],"wp:attachment":[{"href":"https:\/\/guidetotheazores.pt\/pt-pt\/wp-json\/wp\/v2\/media?parent=18875"}],"wp:term":[{"taxonomy":"product_brand","embeddable":true,"href":"https:\/\/guidetotheazores.pt\/pt-pt\/wp-json\/wp\/v2\/product_brand?post=18875"},{"taxonomy":"product_cat","embeddable":true,"href":"https:\/\/guidetotheazores.pt\/pt-pt\/wp-json\/wp\/v2\/product_cat?post=18875"},{"taxonomy":"product_tag","embeddable":true,"href":"https:\/\/guidetotheazores.pt\/pt-pt\/wp-json\/wp\/v2\/product_tag?post=18875"}],"curies":[{"name":"wp","href":"https:\/\/api.w.org\/{rel}","templated":true}]}}