{"id":18877,"date":"2025-05-13T05:47:34","date_gmt":"2025-05-13T06:47:34","guid":{"rendered":"https:\/\/guidetotheazores.pt\/product\/4-picos-4-vulcoes\/"},"modified":"2026-01-04T13:10:45","modified_gmt":"2026-01-04T14:10:45","slug":"4-picos-4-vulcoes","status":"publish","type":"product","link":"https:\/\/guidetotheazores.pt\/pt-pt\/produto\/4-picos-4-vulcoes\/","title":{"rendered":"4 Picos, 4 Vulc\u00f5es"},"content":{"rendered":"<p>Ao longo desta experi\u00eancia, vais descobrir a Ilha Terceira e os principais fen\u00f3menos vulc\u00e2nicos que a moldaram, e que hoje s\u00e3o palco de paisagens de cortar a respira\u00e7\u00e3o &#8211; como o Algar do Carv\u00e3o, o \u00fanico vulc\u00e3o do mundo que pode ser visitado a p\u00e9.<\/p>\n<p>Onde outrora ocorreram antigas erup\u00e7\u00f5es, ainda prospera uma das mais antigas e \u00faltimas florestas nativas da Europa: a floresta Laurissilva da Macaron\u00e9sia &#8211; uma floresta misteriosa e h\u00famida, rica em esp\u00e9cies end\u00e9micas.<\/p>\n<p>Esta viagem \u00e9 uma busca pelo maior tesouro natural da ilha, enquanto exploras um dos maiores parques naturais dos A\u00e7ores, que faz parte do &#8220;Geoparque A\u00e7ores&#8221;. O passeio \u00e9 feito numa carrinha, com pequenos percursos pedestres ao longo do caminho. <\/p>\n","protected":false},"excerpt":{"rendered":"<p>Ao longo desta experi\u00eancia, vais descobrir a Ilha Terceira e os principais fen\u00f3menos vulc\u00e2nicos que a moldaram, e que hoje s\u00e3o palco de paisagens de cortar a respira\u00e7\u00e3o &#8211; como o Algar do Carv\u00e3o, o \u00fanico vulc\u00e3o do mundo que pode ser visitado a p\u00e9.<\/p>\n","protected":false},"featured_media":18847,"comment_status":"open","ping_status":"closed","template":"","meta":{"_acf_changed":false},"product_brand":[],"product_cat":[539,19279,556,547],"product_tag":[19321,19340],"class_list":{"0":"post-18877","1":"product","2":"type-product","3":"status-publish","4":"has-post-thumbnail","6":"product_cat-atividades-pt-pt","7":"product_cat-terceira-pt-pt","8":"product_cat-todas-as-ilhas","9":"product_cat-visitas-guiadas","10":"product_tag-ilha-terceira","11":"product_tag-ilhaterceira","13":"first","14":"instock","15":"virtual","16":"sold-individually","17":"taxable","18":"purchasable","19":"product-type-phive_booking"},"acf":[],"_links":{"self":[{"href":"https:\/\/guidetotheazores.pt\/pt-pt\/wp-json\/wp\/v2\/product\/18877","targetHints":{"allow":["GET"]}}],"collection":[{"href":"https:\/\/guidetotheazores.pt\/pt-pt\/wp-json\/wp\/v2\/product"}],"about":[{"href":"https:\/\/guidetotheazores.pt\/pt-pt\/wp-json\/wp\/v2\/types\/product"}],"replies":[{"embeddable":true,"href":"https:\/\/guidetotheazores.pt\/pt-pt\/wp-json\/wp\/v2\/comments?post=18877"}],"wp:featuredmedia":[{"embeddable":true,"href":"https:\/\/guidetotheazores.pt\/pt-pt\/wp-json\/wp\/v2\/media\/18847"}],"wp:attachment":[{"href":"https:\/\/guidetotheazores.pt\/pt-pt\/wp-json\/wp\/v2\/media?parent=18877"}],"wp:term":[{"taxonomy":"product_brand","embeddable":true,"href":"https:\/\/guidetotheazores.pt\/pt-pt\/wp-json\/wp\/v2\/product_brand?post=18877"},{"taxonomy":"product_cat","embeddable":true,"href":"https:\/\/guidetotheazores.pt\/pt-pt\/wp-json\/wp\/v2\/product_cat?post=18877"},{"taxonomy":"product_tag","embeddable":true,"href":"https:\/\/guidetotheazores.pt\/pt-pt\/wp-json\/wp\/v2\/product_tag?post=18877"}],"curies":[{"name":"wp","href":"https:\/\/api.w.org\/{rel}","templated":true}]}}