{"id":18991,"date":"2024-05-23T09:55:45","date_gmt":"2024-05-23T10:55:45","guid":{"rendered":"https:\/\/guidetotheazores.pt\/product\/apartamento-com-dois-quartos\/"},"modified":"2024-05-23T09:55:45","modified_gmt":"2024-05-23T10:55:45","slug":"apartamento-com-dois-quartos","status":"publish","type":"product","link":"https:\/\/guidetotheazores.pt\/pt-pt\/produto\/apartamento-com-dois-quartos\/","title":{"rendered":"Apartamento com dois quartos"},"content":{"rendered":"<p><span style=\"color: #191e3b; font-family: 'FreightSansLF Pro', 'Noto Sans JP', 'Noto Sans KR', 'Helvetica Neue', Helvetica, Arial, 'Lucida Grande', 'Segoe UI', Tahoma, -apple-system, Roboto, sans-serif; font-size: 14px;\">S\u00ea bem-vindo!<\/span><br style=\"color: #191e3b; font-family: 'FreightSansLF Pro', 'Noto Sans JP', 'Noto Sans KR', 'Helvetica Neue', Helvetica, Arial, 'Lucida Grande', 'Segoe UI', Tahoma, -apple-system, Roboto, sans-serif; font-size: 14px;\"><span style=\"color: #191e3b; font-family: 'FreightSansLF Pro', 'Noto Sans JP', 'Noto Sans KR', 'Helvetica Neue', Helvetica, Arial, 'Lucida Grande', 'Segoe UI', Tahoma, -apple-system, Roboto, sans-serif; font-size: 14px;\">Descobre o equil\u00edbrio perfeito entre conforto e natureza no nosso encantador apartamento de dois quartos, convenientemente localizado perto do aeroporto de Ponta Delgada. Perto do centro da cidade, mas localizado numa zona calma, proporciona momentos relaxantes aos visitantes da bela ilha de S\u00e3o Miguel.   <\/span><br style=\"color: #191e3b; font-family: 'FreightSansLF Pro', 'Noto Sans JP', 'Noto Sans KR', 'Helvetica Neue', Helvetica, Arial, 'Lucida Grande', 'Segoe UI', Tahoma, -apple-system, Roboto, sans-serif; font-size: 14px;\"><br style=\"color: #191e3b; font-family: 'FreightSansLF Pro', 'Noto Sans JP', 'Noto Sans KR', 'Helvetica Neue', Helvetica, Arial, 'Lucida Grande', 'Segoe UI', Tahoma, -apple-system, Roboto, sans-serif; font-size: 14px;\"><span style=\"color: #191e3b; font-family: 'FreightSansLF Pro', 'Noto Sans JP', 'Noto Sans KR', 'Helvetica Neue', Helvetica, Arial, 'Lucida Grande', 'Segoe UI', Tahoma, -apple-system, Roboto, sans-serif; font-size: 14px;\">Com uma decora\u00e7\u00e3o acolhedora, o nosso apartamento \u00e9 a casa longe de casa que procuras para a tua estadia nos A\u00e7ores. Desfruta dos dias de sol enquanto respiras o ar puro da ilha, ou d\u00e1 um mergulho nas \u00e1guas revigorantes do nosso jacuzzi exterior enquanto admiras o c\u00e9u estrelado.   <\/span><br style=\"color: #191e3b; font-family: 'FreightSansLF Pro', 'Noto Sans JP', 'Noto Sans KR', 'Helvetica Neue', Helvetica, Arial, 'Lucida Grande', 'Segoe UI', Tahoma, -apple-system, Roboto, sans-serif; font-size: 14px;\"><br style=\"color: #191e3b; font-family: 'FreightSansLF Pro', 'Noto Sans JP', 'Noto Sans KR', 'Helvetica Neue', Helvetica, Arial, 'Lucida Grande', 'Segoe UI', Tahoma, -apple-system, Roboto, sans-serif; font-size: 14px;\"><span style=\"color: #191e3b; font-family: 'FreightSansLF Pro', 'Noto Sans JP', 'Noto Sans KR', 'Helvetica Neue', Helvetica, Arial, 'Lucida Grande', 'Segoe UI', Tahoma, -apple-system, Roboto, sans-serif; font-size: 14px;\">Para momentos de absoluto relaxamento, oferecemos a possibilidade de reservar o uso exclusivo do nosso jacuzzi interior e sauna, garantindo uma experi\u00eancia rejuvenescedora (mediante reserva e pr\u00e9-pagamento).<\/span><br style=\"color: #191e3b; font-family: 'FreightSansLF Pro', 'Noto Sans JP', 'Noto Sans KR', 'Helvetica Neue', Helvetica, Arial, 'Lucida Grande', 'Segoe UI', Tahoma, -apple-system, Roboto, sans-serif; font-size: 14px;\"><br style=\"color: #191e3b; font-family: 'FreightSansLF Pro', 'Noto Sans JP', 'Noto Sans KR', 'Helvetica Neue', Helvetica, Arial, 'Lucida Grande', 'Segoe UI', Tahoma, -apple-system, Roboto, sans-serif; font-size: 14px;\"><span style=\"color: #191e3b; font-family: 'FreightSansLF Pro', 'Noto Sans JP', 'Noto Sans KR', 'Helvetica Neue', Helvetica, Arial, 'Lucida Grande', 'Segoe UI', Tahoma, -apple-system, Roboto, sans-serif; font-size: 14px;\">Al\u00e9m disso, mant\u00e9m-te ligado ao mundo exterior com o nosso wi-fi gratuito, garantindo que podes partilhar as tuas aventuras a\u00e7orianas com os teus entes queridos a qualquer momento.<\/span><br style=\"color: #191e3b; font-family: 'FreightSansLF Pro', 'Noto Sans JP', 'Noto Sans KR', 'Helvetica Neue', Helvetica, Arial, 'Lucida Grande', 'Segoe UI', Tahoma, -apple-system, Roboto, sans-serif; font-size: 14px;\"><br style=\"color: #191e3b; font-family: 'FreightSansLF Pro', 'Noto Sans JP', 'Noto Sans KR', 'Helvetica Neue', Helvetica, Arial, 'Lucida Grande', 'Segoe UI', Tahoma, -apple-system, Roboto, sans-serif; font-size: 14px;\"><span style=\"color: #191e3b; font-family: 'FreightSansLF Pro', 'Noto Sans JP', 'Noto Sans KR', 'Helvetica Neue', Helvetica, Arial, 'Lucida Grande', 'Segoe UI', Tahoma, -apple-system, Roboto, sans-serif; font-size: 14px;\">Reserva agora e come\u00e7a a criar mem\u00f3rias inesquec\u00edveis connosco!<\/span><\/p>\n","protected":false},"excerpt":{"rendered":"<p><span style=\"color: #191e3b; font-family: 'FreightSansLF Pro', 'Noto Sans JP', 'Noto Sans KR', 'Helvetica Neue', Helvetica, Arial, 'Lucida Grande', 'Segoe UI', Tahoma, -apple-system, Roboto, sans-serif; font-size: 14px;\">\ud83d\udc65Casa com capacidade para at\u00e9 4 pessoas + 4 pessoas extra. <\/span><span style=\"color: #191e3b; font-family: 'FreightSansLF Pro', 'Noto Sans JP', 'Noto Sans KR', 'Helvetica Neue', Helvetica, Arial, 'Lucida Grande', 'Segoe UI', Tahoma, -apple-system, Roboto, sans-serif; font-size: 14px;\">\ud83d\udecc\ud83c\udffbQuarto duplo (at\u00e9 2 pessoas)<\/span><br style=\"color: #191e3b; font-family: 'FreightSansLF Pro', 'Noto Sans JP', 'Noto Sans KR', 'Helvetica Neue', Helvetica, Arial, 'Lucida Grande', 'Segoe UI', Tahoma, -apple-system, Roboto, sans-serif; font-size: 14px;\"><span style=\"color: #191e3b; font-family: 'FreightSansLF Pro', 'Noto Sans JP', 'Noto Sans KR', 'Helvetica Neue', Helvetica, Arial, 'Lucida Grande', 'Segoe UI', Tahoma, -apple-system, Roboto, sans-serif; font-size: 14px;\">\ud83d\udecc\ud83c\udffbQuarto duplo ou com 2 camas individuais (a pedido) (at\u00e9 2 pessoas)<\/span><br style=\"color: #191e3b; font-family: 'FreightSansLF Pro', 'Noto Sans JP', 'Noto Sans KR', 'Helvetica Neue', Helvetica, Arial, 'Lucida Grande', 'Segoe UI', Tahoma, -apple-system, Roboto, sans-serif; font-size: 14px;\"><span style=\"color: #191e3b; font-family: 'FreightSansLF Pro', 'Noto Sans JP', 'Noto Sans KR', 'Helvetica Neue', Helvetica, Arial, 'Lucida Grande', 'Segoe UI', Tahoma, -apple-system, Roboto, sans-serif; font-size: 14px;\">\ud83d\udebbSala de estar com sof\u00e1-cama (1 adulto ou 2 crian\u00e7as)<\/span><br style=\"color: #191e3b; font-family: 'FreightSansLF Pro', 'Noto Sans JP', 'Noto Sans KR', 'Helvetica Neue', Helvetica, Arial, 'Lucida Grande', 'Segoe UI', Tahoma, -apple-system, Roboto, sans-serif; font-size: 14px;\"><span style=\"color: #191e3b; font-family: 'FreightSansLF Pro', 'Noto Sans JP', 'Noto Sans KR', 'Helvetica Neue', Helvetica, Arial, 'Lucida Grande', 'Segoe UI', Tahoma, -apple-system, Roboto, sans-serif; font-size: 14px;\">\ud83d\udc68\u200d\ud83c\udf73Cozinha com electrodom\u00e9sticos e utens\u00edlios de cozinha e mesa de jantar<\/span><br style=\"color: #191e3b; font-family: 'FreightSansLF Pro', 'Noto Sans JP', 'Noto Sans KR', 'Helvetica Neue', Helvetica, Arial, 'Lucida Grande', 'Segoe UI', Tahoma, -apple-system, Roboto, sans-serif; font-size: 14px;\"><span style=\"color: #191e3b; font-family: 'FreightSansLF Pro', 'Noto Sans JP', 'Noto Sans KR', 'Helvetica Neue', Helvetica, Arial, 'Lucida Grande', 'Segoe UI', Tahoma, -apple-system, Roboto, sans-serif; font-size: 14px;\">\ud83d\udebeCasa de banho com sanita, bid\u00e9 e duche.<\/span><br style=\"color: #191e3b; font-family: 'FreightSansLF Pro', 'Noto Sans JP', 'Noto Sans KR', 'Helvetica Neue', Helvetica, Arial, 'Lucida Grande', 'Segoe UI', Tahoma, -apple-system, Roboto, sans-serif; font-size: 14px;\"><span style=\"color: #191e3b; font-family: 'FreightSansLF Pro', 'Noto Sans JP', 'Noto Sans KR', 'Helvetica Neue', Helvetica, Arial, 'Lucida Grande', 'Segoe UI', Tahoma, -apple-system, Roboto, sans-serif; font-size: 14px;\">\ud83c\udf34Jardim com jacuzzi exterior gratuito<\/span><br style=\"color: #191e3b; font-family: 'FreightSansLF Pro', 'Noto Sans JP', 'Noto Sans KR', 'Helvetica Neue', Helvetica, Arial, 'Lucida Grande', 'Segoe UI', Tahoma, -apple-system, Roboto, sans-serif; font-size: 14px;\"><span style=\"color: #191e3b; font-family: 'FreightSansLF Pro', 'Noto Sans JP', 'Noto Sans KR', 'Helvetica Neue', Helvetica, Arial, 'Lucida Grande', 'Segoe UI', Tahoma, -apple-system, Roboto, sans-serif; font-size: 14px;\">\ud83c\udfcb\ufe0f\u200d\u2640\ufe0f Gin\u00e1sio com acesso gratuito<\/span><\/p>\n","protected":false},"featured_media":16370,"comment_status":"open","ping_status":"closed","template":"","meta":{"_acf_changed":false},"product_brand":[],"product_cat":[],"product_tag":[],"class_list":{"0":"post-18991","1":"product","2":"type-product","3":"status-publish","4":"has-post-thumbnail","7":"first","8":"instock","9":"virtual","10":"sold-individually","11":"taxable","12":"purchasable","13":"product-type-phive_booking"},"acf":[],"_links":{"self":[{"href":"https:\/\/guidetotheazores.pt\/pt-pt\/wp-json\/wp\/v2\/product\/18991","targetHints":{"allow":["GET"]}}],"collection":[{"href":"https:\/\/guidetotheazores.pt\/pt-pt\/wp-json\/wp\/v2\/product"}],"about":[{"href":"https:\/\/guidetotheazores.pt\/pt-pt\/wp-json\/wp\/v2\/types\/product"}],"replies":[{"embeddable":true,"href":"https:\/\/guidetotheazores.pt\/pt-pt\/wp-json\/wp\/v2\/comments?post=18991"}],"wp:featuredmedia":[{"embeddable":true,"href":"https:\/\/guidetotheazores.pt\/pt-pt\/wp-json\/wp\/v2\/media\/16370"}],"wp:attachment":[{"href":"https:\/\/guidetotheazores.pt\/pt-pt\/wp-json\/wp\/v2\/media?parent=18991"}],"wp:term":[{"taxonomy":"product_brand","embeddable":true,"href":"https:\/\/guidetotheazores.pt\/pt-pt\/wp-json\/wp\/v2\/product_brand?post=18991"},{"taxonomy":"product_cat","embeddable":true,"href":"https:\/\/guidetotheazores.pt\/pt-pt\/wp-json\/wp\/v2\/product_cat?post=18991"},{"taxonomy":"product_tag","embeddable":true,"href":"https:\/\/guidetotheazores.pt\/pt-pt\/wp-json\/wp\/v2\/product_tag?post=18991"}],"curies":[{"name":"wp","href":"https:\/\/api.w.org\/{rel}","templated":true}]}}