{"id":19890,"date":"2026-01-06T08:29:44","date_gmt":"2026-01-06T09:29:44","guid":{"rendered":"https:\/\/guidetotheazores.pt\/product\/safari-4x4-de-dia-inteiro-sete-cidades-e-lagoa-do-fogo\/"},"modified":"2026-01-06T08:29:44","modified_gmt":"2026-01-06T09:29:44","slug":"safari-4x4-de-dia-inteiro-sete-cidades-e-lagoa-do-fogo","status":"publish","type":"product","link":"https:\/\/guidetotheazores.pt\/pt-pt\/produto\/safari-4x4-de-dia-inteiro-sete-cidades-e-lagoa-do-fogo\/","title":{"rendered":"Safari 4&#215;4 de dia inteiro: Sete Cidades e Lagoa do Fogo"},"content":{"rendered":"<h2 data-start=\"273\" data-end=\"469\">Explora as maravilhas das Sete Cidades e da Lagoa do Fogo com um passeio de dia inteiro em 4\u00d74!<\/h2>\n<p class=\"\" data-start=\"273\" data-end=\"469\">Explora as dram\u00e1ticas paisagens vulc\u00e2nicas e as maravilhas naturais de S\u00e3o Miguel neste passeio de jipe de dia inteiro, combinando dois dos pontos mais emblem\u00e1ticos da ilha: <strong data-start=\"430\" data-end=\"446\">Sete Cidades<\/strong> e <strong data-start=\"451\" data-end=\"468\">Lagoa do Fogo<\/strong>.<\/p>\n<p class=\"\" data-start=\"471\" data-end=\"840\">Come\u00e7amos o dia em <strong data-start=\"491\" data-end=\"508\">Ponta Delgada<\/strong>, dirigindo-nos para oeste para visitar <strong data-start=\"532\" data-end=\"561\">o Miradouro da Vista do Rei<\/strong>, onde poder\u00e1s apreciar a famosa vista panor\u00e2mica das lagoas g\u00e9meas no interior da cratera vulc\u00e2nica das Sete Cidades. De l\u00e1, descemos at\u00e9 \u00e0s margens da <strong data-start=\"709\" data-end=\"735\">Lagoa das Sete Cidades<\/strong> e exploramos a pacata aldeia das <strong data-start=\"772\" data-end=\"788\">Sete Cidades<\/strong>, onde se encontra a pitoresca <strong data-start=\"814\" data-end=\"839\">Igreja de S\u00e3o Nicolau<\/strong>. <\/p>\n<p class=\"\" data-start=\"842\" data-end=\"1141\">Continuando a viagem, passamos pelo hist\u00f3rico aqueduto <strong data-start=\"890\" data-end=\"915\">do Muro das Nove Janelas<\/strong> e dirigimo-nos para a costa acidentada perto de <strong data-start=\"967\" data-end=\"978\">Capelas<\/strong>, que oferece vistas do oceano e forma\u00e7\u00f5es rochosas vulc\u00e2nicas. Paramos tamb\u00e9m na <strong data-start=\"1050\" data-end=\"1070\">Mulher do Capote<\/strong>, uma destilaria local onde podes provar licores tradicionais a\u00e7orianos. <\/p>\n<p class=\"\" data-start=\"1143\" data-end=\"1444\">Depois de uma <strong data-start=\"1160\" data-end=\"1175\">pausa<\/strong> relaxante <strong data-start=\"1160\" data-end=\"1175\">para o almo\u00e7o<\/strong>, dirigimo-nos para a <strong data-start=\"1196\" data-end=\"1214\">Ribeira Grande<\/strong>, a cidade do norte da ilha conhecida pelo seu encanto hist\u00f3rico e atividade geot\u00e9rmica. A partir da\u00ed, visitamos a c\u00e9nica <strong data-start=\"1329\" data-end=\"1359\">cascata do Salto do Cabrito<\/strong>, escondida no interior luxuriante da ilha &#8211; uma joia escondida perfeita para os amantes da natureza. <\/p>\n<p>Terminamos o dia com uma subida \u00e0 <strong data-start=\"158\" data-end=\"190\">Lagoa do Fogo<\/strong>, uma das mais belas e intocadas lagoas da ilha. Rodeada por encostas \u00edngremes e floresta nativa, \u00e9 um local tranquilo com vistas deslumbrantes sobre a lagoa e a ilha. Do <strong data-start=\"382\" data-end=\"414\">Miradouro do Pico da Barrosa<\/strong>, ter\u00e1s um dos melhores miradouros de S\u00e3o Miguel antes de regressarmos a <strong data-start=\"488\" data-end=\"505\">Ponta Delgada<\/strong>.  <\/p>\n<p class=\"\" data-start=\"1143\" data-end=\"1444\"><strong>Podes marcar o almo\u00e7o diretamente com o condutor do jipe.<\/strong><\/p>\n<p>Na Safari Azores, acreditamos que a melhor forma de conhecer S\u00e3o Miguel \u00e9 fora dos circuitos habituais. Os nossos guias locais especializados levam-no em aventuras de jipe 4\u00d74 atrav\u00e9s de lagoas, cascatas, fal\u00e9sias costeiras e aldeias encantadoras, partilhando as hist\u00f3rias e tradi\u00e7\u00f5es da ilha ao longo do caminho. <\/p>\n<p>Com grupos pequenos, servi\u00e7o de recolha no hotel e um toque pessoal, cada passeio \u00e9 concebido para proporcionar uma experi\u00eancia relaxante, aut\u00eantica e inesquec\u00edvel. Deixa-nos levar-te para fora dos circuitos habituais e mostrar-te a verdadeira beleza dos A\u00e7ores. <\/p>\n<p>&nbsp;<\/p>\n","protected":false},"excerpt":{"rendered":"<h2 data-start=\"273\" data-end=\"469\">Explora as maravilhas das Sete Cidades e da Lagoa do Fogo com um passeio de dia inteiro em 4\u00d74!<\/h2>\n<p class=\"\" data-start=\"273\" data-end=\"469\">Explora as dram\u00e1ticas paisagens vulc\u00e2nicas e as maravilhas naturais de S\u00e3o Miguel neste passeio de jipe de dia inteiro, combinando dois dos pontos mais emblem\u00e1ticos da ilha: <strong data-start=\"430\" data-end=\"446\">Sete Cidades<\/strong> e <strong data-start=\"451\" data-end=\"468\">Lagoa do Fogo<\/strong>.<\/p>\n","protected":false},"featured_media":19857,"comment_status":"open","ping_status":"closed","template":"","meta":{"_acf_changed":false},"product_brand":[],"product_cat":[19306,539,556,422,547],"product_tag":[19324],"class_list":{"0":"post-19890","1":"product","2":"type-product","3":"status-publish","4":"has-post-thumbnail","6":"product_cat-sao-miguel-pt-pt","7":"product_cat-atividades-pt-pt","8":"product_cat-todas-as-ilhas","9":"product_cat-tour-packages","10":"product_cat-visitas-guiadas","11":"product_tag-ilhasaomiguel","13":"first","14":"instock","15":"virtual","16":"sold-individually","17":"taxable","18":"purchasable","19":"product-type-phive_booking"},"acf":[],"_links":{"self":[{"href":"https:\/\/guidetotheazores.pt\/pt-pt\/wp-json\/wp\/v2\/product\/19890","targetHints":{"allow":["GET"]}}],"collection":[{"href":"https:\/\/guidetotheazores.pt\/pt-pt\/wp-json\/wp\/v2\/product"}],"about":[{"href":"https:\/\/guidetotheazores.pt\/pt-pt\/wp-json\/wp\/v2\/types\/product"}],"replies":[{"embeddable":true,"href":"https:\/\/guidetotheazores.pt\/pt-pt\/wp-json\/wp\/v2\/comments?post=19890"}],"wp:featuredmedia":[{"embeddable":true,"href":"https:\/\/guidetotheazores.pt\/pt-pt\/wp-json\/wp\/v2\/media\/19857"}],"wp:attachment":[{"href":"https:\/\/guidetotheazores.pt\/pt-pt\/wp-json\/wp\/v2\/media?parent=19890"}],"wp:term":[{"taxonomy":"product_brand","embeddable":true,"href":"https:\/\/guidetotheazores.pt\/pt-pt\/wp-json\/wp\/v2\/product_brand?post=19890"},{"taxonomy":"product_cat","embeddable":true,"href":"https:\/\/guidetotheazores.pt\/pt-pt\/wp-json\/wp\/v2\/product_cat?post=19890"},{"taxonomy":"product_tag","embeddable":true,"href":"https:\/\/guidetotheazores.pt\/pt-pt\/wp-json\/wp\/v2\/product_tag?post=19890"}],"curies":[{"name":"wp","href":"https:\/\/api.w.org\/{rel}","templated":true}]}}