{"id":21955,"date":"2026-05-05T08:41:49","date_gmt":"2026-05-05T09:41:49","guid":{"rendered":"https:\/\/guidetotheazores.pt\/?post_type=product&#038;p=21955"},"modified":"2026-05-06T07:19:49","modified_gmt":"2026-05-06T08:19:49","slug":"excursao-de-dia-inteiro-a-ilha-faial-copy","status":"publish","type":"product","link":"https:\/\/guidetotheazores.pt\/pt-pt\/produto\/excursao-de-dia-inteiro-a-ilha-faial-copy\/","title":{"rendered":"Excurs\u00e3o de dia inteiro a uma ilha privada &#8211; Faial"},"content":{"rendered":"<div class=\"subsection\" data-v-68eac83b=\"\">\n<div class=\"content-builder-markdown-view\" data-v-316d1a1e=\"\" data-v-68eac83b=\"\">\n<div class=\"subsection\" data-v-68eac83b=\"\">\n<div class=\"content-builder-markdown-view\" data-v-316d1a1e=\"\" data-v-68eac83b=\"\">\n<p><strong>Explora a Ilha do Faial numa excurs\u00e3o privada e flex\u00edvel de dia inteiro a partir da Horta, quer viajes sozinho, em casal, com a fam\u00edlia ou amigos!<\/strong><\/p>\n<p>Apesar de termos o nosso roteiro pr\u00e9-estabelecido, \u00e9 sempre poss\u00edvel decidir a dire\u00e7\u00e3o da viagem dentro do tempo dispon\u00edvel, e efetuar as paragens que desejas.<\/p>\n<p>Conduzimos pelas estradas normais, bem como por caminhos menos conhecidos e atalhos para os pontos altos da ilha.<\/p>\n<p>Visita a reserva natural da Caldeira emoldurada por hort\u00eansias azuis, desfruta de vistas panor\u00e2micas da Ribeira das Cabras e da Serra da Feteira e saboreia um almo\u00e7o caseiro no Campo dos Sabores.<\/p>\n<p>\u00c0 tarde, desce at\u00e9 \u00e0 Faj\u00e3, na Praia do Norte, para ver pequenas casas de pedra e adegas locais, e depois descobre o terreno dram\u00e1tico e lunar do Vulc\u00e3o dos Capelinhos e o seu Centro de Interpreta\u00e7\u00e3o.<\/p>\n<p>Termina o passeio com vistas da costa no Varadouro e do Monte da Guia na Horta.<\/p>\n<\/div>\n<\/div>\n<div class=\"subsection\" data-v-68eac83b=\"\">\n<p><span class=\"fh-text fh-text--body-lg fh-text--bold block\" data-v-3872b9c5=\"\" data-v-68eac83b=\"\">Itiner\u00e1rio<\/span><\/p>\n<div class=\"content-builder-markdown-view\" data-v-316d1a1e=\"\" data-v-68eac83b=\"\">\n<ol>\n<li>Parte da Horta e segue para a reserva natural da Caldeira, rodeada de hort\u00eansias azuis.<\/li>\n<li>Continua at\u00e9 ao miradouro da Ribeira das Cabras e \u00e0 Serra da Feteira.<\/li>\n<li>P\u00e1ra para um almo\u00e7o caseiro no Campo dos Sabores.<\/li>\n<li>Desce at\u00e9 \u00e0 Faj\u00e3 na Praia do Norte para ver a pequena praia e as adegas de pedra.<\/li>\n<li>Visita o Vulc\u00e3o dos Capelinhos e o Centro de Interpreta\u00e7\u00e3o do Vulc\u00e3o dos Capelinhos.<\/li>\n<li>Paragem r\u00e1pida no Varadouro para ver o Morro de Castelo Branco.<\/li>\n<li>Regressa \u00e0 Horta e termina no Monte da Guia com vista sobre a cidade e a Ba\u00eda de Porto Pim.<\/li>\n<\/ol>\n<p>Nota que o itiner\u00e1rio da excurs\u00e3o pode sofrer pequenas altera\u00e7\u00f5es em fun\u00e7\u00e3o das condi\u00e7\u00f5es climat\u00e9ricas, estes ajustes s\u00e3o feitos de forma a prestar o melhor servi\u00e7o poss\u00edvel ao cliente.<\/p>\n<\/div>\n<\/div>\n<div class=\"subsection\" data-v-68eac83b=\"\">\n<p><span class=\"fh-text fh-text--body-lg fh-text--bold block\" data-v-3872b9c5=\"\" data-v-68eac83b=\"\">Destaques<\/span><\/p>\n<div class=\"content-builder-markdown-view\" data-v-316d1a1e=\"\" data-v-68eac83b=\"\">\n<ul>\n<li>Itiner\u00e1rio privado e flex\u00edvel de um dia inteiro adaptado \u00e0s tuas prefer\u00eancias<\/li>\n<li>V\u00ea a Caldeira do Faial rodeada pelas ic\u00f3nicas hort\u00eansias azuis<\/li>\n<li>Visita o vulc\u00e3o mais recente da Europa e a sua paisagem dram\u00e1tica e lunar<\/li>\n<li>Conhece a cultura local com um almo\u00e7o caseiro e adegas tradicionais<\/li>\n<li>Desfruta de paragens panor\u00e2micas na costa e de miradouros como o Monte da Guia<\/li>\n<li>Guia conhecedor e apaixonado<\/li>\n<li>Guia profissional e respons\u00e1vel<\/li>\n<\/ul>\n<\/div>\n<\/div>\n<\/div>\n<\/div>\n","protected":false},"excerpt":{"rendered":"<p>Explora a Ilha do Faial numa excurs\u00e3o privada e flex\u00edvel de dia inteiro a partir da Horta, quer viajes sozinho, em casal, com a fam\u00edlia ou amigos!<\/p>\n<p>Apesar de termos o nosso roteiro pr\u00e9-estabelecido, \u00e9 sempre poss\u00edvel decidir a dire\u00e7\u00e3o da viagem dentro do tempo dispon\u00edvel, e efetuar as paragens que desejas.<\/p>\n<p>&nbsp;<\/p>\n<p><script src=\"https:\/\/fareharbor.com\/embeds\/script\/calendar\/azores-experiences\/items\/450674\/?asn=fhdn-eur&amp;asn-ref=guidetotheazores&amp;ref=guidetotheazores&amp;bookable-only=yes&amp;full-items=yes&amp;marketplace=yes&amp;flow=no&amp;branding=no\"><\/script><br \/>\nDura\u00e7\u00e3o: 7 horas<br \/>\nPonto de encontro: O teu alojamento na Horta \/\/ Terminal de Ferry \/\/ Aeroporto \/\/ A nossa base!<br \/>\nCancelamentos: os cancelamentos devem ser notificados por escrito (e-mail ou WhatsApp). Reembolsos: 7+ dias: 100%, 4-6 dias: 50%, at\u00e9 72h: 0%. N\u00e3o compar\u00eancias devido a voos cancelados ou atrasados ou navios de cruzeiro podem ser eleg\u00edveis para reembolso de acordo com esta pol\u00edtica.<br \/>\nIdade: 99 &#8216;e menos&#8217;<\/p>\n","protected":false},"featured_media":15244,"comment_status":"closed","ping_status":"closed","template":"","meta":{"_acf_changed":false},"product_brand":[],"product_cat":[539,535,556,547],"product_tag":[19333],"class_list":{"0":"post-21955","1":"product","2":"type-product","3":"status-publish","4":"has-post-thumbnail","6":"product_cat-atividades-pt-pt","7":"product_cat-faial-pt-pt","8":"product_cat-todas-as-ilhas","9":"product_cat-visitas-guiadas","10":"product_tag-ilhadofaial","12":"first","13":"instock","14":"taxable","15":"shipping-taxable","16":"product-type-external"},"acf":[],"_links":{"self":[{"href":"https:\/\/guidetotheazores.pt\/pt-pt\/wp-json\/wp\/v2\/product\/21955","targetHints":{"allow":["GET"]}}],"collection":[{"href":"https:\/\/guidetotheazores.pt\/pt-pt\/wp-json\/wp\/v2\/product"}],"about":[{"href":"https:\/\/guidetotheazores.pt\/pt-pt\/wp-json\/wp\/v2\/types\/product"}],"replies":[{"embeddable":true,"href":"https:\/\/guidetotheazores.pt\/pt-pt\/wp-json\/wp\/v2\/comments?post=21955"}],"wp:featuredmedia":[{"embeddable":true,"href":"https:\/\/guidetotheazores.pt\/pt-pt\/wp-json\/wp\/v2\/media\/15244"}],"wp:attachment":[{"href":"https:\/\/guidetotheazores.pt\/pt-pt\/wp-json\/wp\/v2\/media?parent=21955"}],"wp:term":[{"taxonomy":"product_brand","embeddable":true,"href":"https:\/\/guidetotheazores.pt\/pt-pt\/wp-json\/wp\/v2\/product_brand?post=21955"},{"taxonomy":"product_cat","embeddable":true,"href":"https:\/\/guidetotheazores.pt\/pt-pt\/wp-json\/wp\/v2\/product_cat?post=21955"},{"taxonomy":"product_tag","embeddable":true,"href":"https:\/\/guidetotheazores.pt\/pt-pt\/wp-json\/wp\/v2\/product_tag?post=21955"}],"curies":[{"name":"wp","href":"https:\/\/api.w.org\/{rel}","templated":true}]}}