{"id":22003,"date":"2025-01-20T14:10:41","date_gmt":"2025-01-20T15:10:41","guid":{"rendered":"https:\/\/guidetotheazores.pt\/product\/meio-dia-percurso-pedestre-das-baias-de-agualva\/"},"modified":"2025-01-20T14:10:41","modified_gmt":"2025-01-20T15:10:41","slug":"meio-dia-percurso-pedestre-das-baias-de-agualva","status":"publish","type":"product","link":"https:\/\/guidetotheazores.pt\/pt-pt\/produto\/meio-dia-percurso-pedestre-das-baias-de-agualva\/","title":{"rendered":"Meio dia: Percurso pedestre das ba\u00edas de Agualva"},"content":{"rendered":"<h2>Meio dia: Percurso pedestre das Baias da Agualva<\/h2>\n<p>Inclui: 4 horas (aprox.) &#8211; Transporte &#8211; Pick up &amp; Drop off* &#8211; Portugu\u00eas, Ingl\u00eas e Espanhol &#8211; Minibus\/Minivan<\/p>\n<h3>Parte:<\/h3>\n<p>Hora: 09h00<\/p>\n<h3>Chega:<\/h3>\n<p>Hora: 01h00 PM<\/p>\n<h3>Informa\u00e7\u00f5es sobre o trilho:<\/h3>\n<p>Categoria: Linear<br \/>\nDificuldade: F\u00e1cil<br \/>\nExtin\u00e7\u00e3o: 3,8 km<br \/>\nDura\u00e7\u00e3o aproximada: 2h30<\/p>\n<h3>Descri\u00e7\u00e3o<\/h3>\n<p>Descobre connosco a beleza inigual\u00e1vel do Trilho da Ba\u00eda de Agualva! Este trilho not\u00e1vel \u00e9 perfeito para caminhantes de todos os n\u00edveis, oferecendo n\u00e3o apenas uma caminhada, mas uma experi\u00eancia extraordin\u00e1ria para os amantes da aventura que procuram mergulhar nas maravilhas da natureza. Percorrendo as paisagens luxuriantes da Ilha Terceira, este trilho convida-te a conectar profundamente com a vibrante flora e fauna locais, revelando a rica biodiversidade e o charme cativante da ilha. Ao longo do caminho, vais descobrir vistas deslumbrantes, paisagens costeiras dram\u00e1ticas e j\u00f3ias escondidas que te v\u00e3o deixar maravilhado. Aproveita a oportunidade para capturar momentos incr\u00edveis contra o pano de fundo de paisagens de cortar a respira\u00e7\u00e3o, onde cada curva oferece uma nova mem\u00f3ria perfeita \u00e0 espera de ser feita. De caminhos tranquilos a maravilhas naturais inspiradoras, este trilho promete despertar os teus sentidos e rejuvenescer o teu esp\u00edrito.     <\/p>\n<h3>O que \u00e9 que inclui?<\/h3>\n<ul>\n<li>Transporte de e para o trilho<\/li>\n<li>Condutor\/guia profissional certificado;<\/li>\n<li>Seguro de responsabilidade civil;<\/li>\n<li>Seguro de acidentes pessoais;<\/li>\n<li>*Recolha e entrega em hot\u00e9is e pens\u00f5es perto do centro de Angra do Hero\u00edsmo. Fora desta zona, \u00e9 poss\u00edvel, mas tem um custo adicional. <\/li>\n<\/ul>\n<h3>O que deves ter em conta?<\/h3>\n<ul>\n<li>M\u00ednimo 2 pessoas;<\/li>\n<li>Crian\u00e7as dos 6 aos 10 anos com 50% de desconto;<\/li>\n<li>Crian\u00e7as at\u00e9 aos 5 anos de idade n\u00e3o pagam;<\/li>\n<li>Usa cal\u00e7ado adequado;<\/li>\n<li>Traz \u00e1gua e protetor solar;<\/li>\n<li>Casaco de chuva ou corta-vento.<\/li>\n<\/ul>\n<h3>Cancelamentos<\/h3>\n<p><!-- x-tinymce\/html --><\/p>\n<p>Os clientes receber\u00e3o um reembolso total ou cr\u00e9dito se o cancelamento for efectuado at\u00e9 24 horas antes do in\u00edcio da atividade. Contacta-nos se tiveres alguma d\u00favida sobre as op\u00e7\u00f5es de cancelamento e reembolso. Em caso de n\u00e3o compar\u00eancia, ser-te-\u00e1 cobrado o montante total.  <\/p>\n","protected":false},"excerpt":{"rendered":"<p>Descobre o Trilho da Ba\u00eda da Agualva, uma visita obrigat\u00f3ria para caminhantes e amantes da natureza de todos os n\u00edveis. Explora as paisagens deslumbrantes da Ilha Terceira, com uma vegeta\u00e7\u00e3o luxuriante, criando mem\u00f3rias inesquec\u00edveis ao longo do caminho. <\/p>\n","protected":false},"featured_media":19476,"comment_status":"open","ping_status":"closed","template":"","meta":{"_acf_changed":false},"product_brand":[],"product_cat":[539,548,545,19279,556,547],"product_tag":[19340],"class_list":{"0":"post-22003","1":"product","2":"type-product","3":"status-publish","4":"has-post-thumbnail","6":"product_cat-atividades-pt-pt","7":"product_cat-caminhadas","8":"product_cat-geotourism-pt-pt","9":"product_cat-terceira-pt-pt","10":"product_cat-todas-as-ilhas","11":"product_cat-visitas-guiadas","12":"product_tag-ilhaterceira","14":"first","15":"instock","16":"sold-individually","17":"purchasable","18":"product-type-phive_booking"},"acf":[],"_links":{"self":[{"href":"https:\/\/guidetotheazores.pt\/pt-pt\/wp-json\/wp\/v2\/product\/22003","targetHints":{"allow":["GET"]}}],"collection":[{"href":"https:\/\/guidetotheazores.pt\/pt-pt\/wp-json\/wp\/v2\/product"}],"about":[{"href":"https:\/\/guidetotheazores.pt\/pt-pt\/wp-json\/wp\/v2\/types\/product"}],"replies":[{"embeddable":true,"href":"https:\/\/guidetotheazores.pt\/pt-pt\/wp-json\/wp\/v2\/comments?post=22003"}],"wp:featuredmedia":[{"embeddable":true,"href":"https:\/\/guidetotheazores.pt\/pt-pt\/wp-json\/wp\/v2\/media\/19476"}],"wp:attachment":[{"href":"https:\/\/guidetotheazores.pt\/pt-pt\/wp-json\/wp\/v2\/media?parent=22003"}],"wp:term":[{"taxonomy":"product_brand","embeddable":true,"href":"https:\/\/guidetotheazores.pt\/pt-pt\/wp-json\/wp\/v2\/product_brand?post=22003"},{"taxonomy":"product_cat","embeddable":true,"href":"https:\/\/guidetotheazores.pt\/pt-pt\/wp-json\/wp\/v2\/product_cat?post=22003"},{"taxonomy":"product_tag","embeddable":true,"href":"https:\/\/guidetotheazores.pt\/pt-pt\/wp-json\/wp\/v2\/product_tag?post=22003"}],"curies":[{"name":"wp","href":"https:\/\/api.w.org\/{rel}","templated":true}]}}