{"id":22004,"date":"2025-01-20T14:08:02","date_gmt":"2025-01-20T15:08:02","guid":{"rendered":"https:\/\/guidetotheazores.pt\/product\/dia-inteiro-trilho-pedestre-da-rocha-do-chambre-com-piquenique-biscoitos-pico-matias-simao\/"},"modified":"2025-01-20T14:08:02","modified_gmt":"2025-01-20T15:08:02","slug":"dia-inteiro-trilho-pedestre-da-rocha-do-chambre-com-piquenique-biscoitos-pico-matias-simao","status":"publish","type":"product","link":"https:\/\/guidetotheazores.pt\/pt-pt\/produto\/dia-inteiro-trilho-pedestre-da-rocha-do-chambre-com-piquenique-biscoitos-pico-matias-simao\/","title":{"rendered":"Dia inteiro: Trilho Pedestre da Rocha do Chambre com Piquenique + Biscoitos + Pico Matias Sim\u00e3o"},"content":{"rendered":"<h2>Dia inteiro: Trilho Pedestre da Rocha do Chambre com Piquenique + Biscoitos + Pico Matias Sim\u00e3o<\/h2>\n<p>Inclui: 8 horas (aprox.) &#8211; Piquenique &#8211; Pick up &amp; Drop off* &#8211; Portugu\u00eas, Ingl\u00eas e Espanhol &#8211; Minibus\/Minivan<\/p>\n<h3>Parte:<\/h3>\n<p>Hora: 09h00<\/p>\n<h3>Chega:<\/h3>\n<p>Hora: 06h00 PM<\/p>\n<h3>Informa\u00e7\u00f5es sobre o trilho:<\/h3>\n<p>Categoria: Linear<br \/>\nDificuldade: Dif\u00edcil<br \/>\nExtin\u00e7\u00e3o: 8,8 km<br \/>\nDura\u00e7\u00e3o aprox.: 4h<\/p>\n<h3>Descri\u00e7\u00e3o<\/h3>\n<p>Explora este incr\u00edvel trilho no interior da Ilha Terceira, que atinge uma impressionante altitude de 700 metros. Este trilho oferece vistas deslumbrantes sobre o Vale do Azinhal e a caldeira do Pico Alto. \u00c0 medida que avan\u00e7as, encanta-te com a rica flora end\u00e9mica dos A\u00e7ores, incluindo cedros e urzes, e passa por zonas agr\u00edcolas \u00fanicas. No ponto mais alto, a Rocha do Chambre, fica rodeado de paisagens espectaculares e forma\u00e7\u00f5es vulc\u00e2nicas \u00fanicas.<br \/>\nA nossa aventura inclui um piquenique, onde poder\u00e1s apreciar os sabores dos A\u00e7ores.   <\/p>\n<p>Depois de terminares o percurso, visitar\u00e1s as piscinas naturais dos Biscoitos onde te poder\u00e1s refrescar e para terminar este dia cheio de experi\u00eancias \u00fanicas faremos uma paragem no Pico Matias Sim\u00e3o, onde ficar\u00e1s rodeado de uma vista extraordin\u00e1ria.<\/p>\n<h3>O que \u00e9 que inclui?<\/h3>\n<ul>\n<li>Faz um piquenique: Prova de produtos regionais;<\/li>\n<li>Transporte de ida e volta para o trilho;<\/li>\n<li>Condutor\/guia profissional certificado;<\/li>\n<li>Seguro de responsabilidade civil;<\/li>\n<li>Seguro de acidentes pessoais;<\/li>\n<li>*Recolha e entrega em hot\u00e9is e pens\u00f5es perto do centro de Angra do Hero\u00edsmo. Fora desta zona, \u00e9 poss\u00edvel, mas tem um custo adicional. <\/li>\n<\/ul>\n<h3>O que deves ter em conta?<\/h3>\n<ul>\n<li>M\u00ednimo 2 pessoas;<\/li>\n<li>Usa cal\u00e7ado adequado;<\/li>\n<li>Traz \u00e1gua e protetor solar;<\/li>\n<li>Casaco de chuva ou corta-vento;<\/li>\n<li>Avisa se tiveres restri\u00e7\u00f5es alimentares;<\/li>\n<li>Material adequado se quiseres nadar nas piscinas naturais.<\/li>\n<\/ul>\n<h3>Cancelamentos<\/h3>\n<p><!-- x-tinymce\/html --><\/p>\n<p>Os clientes receber\u00e3o um reembolso total ou cr\u00e9dito se o cancelamento for efectuado at\u00e9 24 horas antes do in\u00edcio da atividade. Contacta-nos se tiveres alguma d\u00favida sobre as op\u00e7\u00f5es de cancelamento e reembolso. Em caso de n\u00e3o compar\u00eancia, ser-te-\u00e1 cobrado o montante total.  <\/p>\n","protected":false},"excerpt":{"rendered":"<p>Deixa-te encantar por um dos trilhos mais bonitos da ilha. Desfruta das Piscinas Naturais dos Biscoitos. Sobe ao topo do Pico Matias Sim\u00e3o.  <\/p>\n","protected":false},"featured_media":19497,"comment_status":"open","ping_status":"closed","template":"","meta":{"_acf_changed":false},"product_brand":[],"product_cat":[539,548,545,19279,556,547],"product_tag":[19340],"class_list":{"0":"post-22004","1":"product","2":"type-product","3":"status-publish","4":"has-post-thumbnail","6":"product_cat-atividades-pt-pt","7":"product_cat-caminhadas","8":"product_cat-geotourism-pt-pt","9":"product_cat-terceira-pt-pt","10":"product_cat-todas-as-ilhas","11":"product_cat-visitas-guiadas","12":"product_tag-ilhaterceira","14":"first","15":"instock","16":"virtual","17":"sold-individually","18":"taxable","19":"purchasable","20":"product-type-phive_booking"},"acf":[],"_links":{"self":[{"href":"https:\/\/guidetotheazores.pt\/pt-pt\/wp-json\/wp\/v2\/product\/22004","targetHints":{"allow":["GET"]}}],"collection":[{"href":"https:\/\/guidetotheazores.pt\/pt-pt\/wp-json\/wp\/v2\/product"}],"about":[{"href":"https:\/\/guidetotheazores.pt\/pt-pt\/wp-json\/wp\/v2\/types\/product"}],"replies":[{"embeddable":true,"href":"https:\/\/guidetotheazores.pt\/pt-pt\/wp-json\/wp\/v2\/comments?post=22004"}],"wp:featuredmedia":[{"embeddable":true,"href":"https:\/\/guidetotheazores.pt\/pt-pt\/wp-json\/wp\/v2\/media\/19497"}],"wp:attachment":[{"href":"https:\/\/guidetotheazores.pt\/pt-pt\/wp-json\/wp\/v2\/media?parent=22004"}],"wp:term":[{"taxonomy":"product_brand","embeddable":true,"href":"https:\/\/guidetotheazores.pt\/pt-pt\/wp-json\/wp\/v2\/product_brand?post=22004"},{"taxonomy":"product_cat","embeddable":true,"href":"https:\/\/guidetotheazores.pt\/pt-pt\/wp-json\/wp\/v2\/product_cat?post=22004"},{"taxonomy":"product_tag","embeddable":true,"href":"https:\/\/guidetotheazores.pt\/pt-pt\/wp-json\/wp\/v2\/product_tag?post=22004"}],"curies":[{"name":"wp","href":"https:\/\/api.w.org\/{rel}","templated":true}]}}