{"id":22005,"date":"2025-01-20T11:53:13","date_gmt":"2025-01-20T12:53:13","guid":{"rendered":"https:\/\/guidetotheazores.pt\/product\/dia-inteiro-trilho-dos-misterios-negros-e-misterio-novo-piquenique\/"},"modified":"2025-01-20T11:53:13","modified_gmt":"2025-01-20T12:53:13","slug":"dia-inteiro-trilho-dos-misterios-negros-e-misterio-novo-piquenique","status":"publish","type":"product","link":"https:\/\/guidetotheazores.pt\/pt-pt\/produto\/dia-inteiro-trilho-dos-misterios-negros-e-misterio-novo-piquenique\/","title":{"rendered":"Dia inteiro: Trilho dos Mist\u00e9rios Negros e Mist\u00e9rio Novo + piquenique"},"content":{"rendered":"<h2>Mist\u00e9rios Negros e Mist\u00e9rio Novo &#8211; Percurso pedestre com piquenique<\/h2>\n<p>Inclui: 6 horas (aprox.) &#8211; Piquenique &#8211; Pick up &amp; Drop off* &#8211; Portugu\u00eas, Ingl\u00eas e Espanhol &#8211; Minibus\/Minivan<\/p>\n<h3>Parte:<\/h3>\n<p>Hora: 09h30<\/p>\n<h3>Chega:<\/h3>\n<p>Hora: 15h30<\/p>\n<h3>Informa\u00e7\u00f5es sobre o trilho:<\/h3>\n<p>Categoria: Linear<br \/>\nDificuldade: Dif\u00edcil<br \/>\nExtin\u00e7\u00e3o: 4,9 km<br \/>\nDura\u00e7\u00e3o aprox.: 4h<\/p>\n<h3>Descri\u00e7\u00e3o<\/h3>\n<p>Experimenta uma viagem inesquec\u00edvel com o Trilho dos Mist\u00e9rios Negros. Durante este percurso, ter\u00e1s a oportunidade de explorar paisagens vulc\u00e2nicas e o tipo de floresta carater\u00edstica dos A\u00e7ores, conhecida como &#8220;floresta nublada&#8221;. Teremos tamb\u00e9m um delicioso piquenique recheado de produtos regionais num local perfeito para relaxar e admirar a natureza que te rodeia. Para terminar a aventura, faremos o trilho do Mist\u00e9rio Novo, onde te esperam novas descobertas e paisagens surpreendentes.   <\/p>\n<p>Esta \u00e9 uma experi\u00eancia completa que combina aventura, sabor e beleza natural!<\/p>\n<h3>O que \u00e9 que inclui?<\/h3>\n<ul>\n<li>Faz um piquenique: Prova de produtos regionais;<\/li>\n<li>Transporte de ida e volta para o trilho;<\/li>\n<li>Condutor\/guia profissional certificado;<\/li>\n<li>Seguro de responsabilidade civil;<\/li>\n<li>Seguro de acidentes pessoais;<\/li>\n<li>*Recolha e entrega em hot\u00e9is e pens\u00f5es perto do centro de Angra do Hero\u00edsmo. Fora desta zona, \u00e9 poss\u00edvel, mas tem um custo adicional. <\/li>\n<\/ul>\n<h3>O que deves ter em conta?<\/h3>\n<ul>\n<li>M\u00ednimo 2 pessoas;<\/li>\n<li>Usa cal\u00e7ado adequado;<\/li>\n<li>Traz \u00e1gua e protetor solar;<\/li>\n<li>Casaco de chuva ou corta-vento;<\/li>\n<li>Avisa se tiveres restri\u00e7\u00f5es alimentares,<\/li>\n<\/ul>\n<h3>Cancelamentos<\/h3>\n<p><!-- x-tinymce\/html --><\/p>\n<p>Os clientes receber\u00e3o um reembolso total ou cr\u00e9dito se o cancelamento for efectuado at\u00e9 24 horas antes do in\u00edcio da atividade. Contacta-nos se tiveres alguma d\u00favida sobre as op\u00e7\u00f5es de cancelamento e reembolso. Em caso de n\u00e3o compar\u00eancia, ser-te-\u00e1 cobrado o montante total.  <\/p>\n","protected":false},"excerpt":{"rendered":"<p>No Trilho dos Mist\u00e9rios Negros vais explorar paisagens vulc\u00e2nicas, florestas nubladas e vistas de cortar a respira\u00e7\u00e3o. Desfruta de um piquenique regional no Pico Gaspar e continua a aventura no Trilho do Mist\u00e9rio Novo! <\/p>\n","protected":false},"featured_media":19518,"comment_status":"open","ping_status":"closed","template":"","meta":{"_acf_changed":false},"product_brand":[],"product_cat":[539,548,545,19279,556,547],"product_tag":[19340],"class_list":{"0":"post-22005","1":"product","2":"type-product","3":"status-publish","4":"has-post-thumbnail","6":"product_cat-atividades-pt-pt","7":"product_cat-caminhadas","8":"product_cat-geotourism-pt-pt","9":"product_cat-terceira-pt-pt","10":"product_cat-todas-as-ilhas","11":"product_cat-visitas-guiadas","12":"product_tag-ilhaterceira","14":"first","15":"instock","16":"virtual","17":"sold-individually","18":"taxable","19":"purchasable","20":"product-type-phive_booking"},"acf":[],"_links":{"self":[{"href":"https:\/\/guidetotheazores.pt\/pt-pt\/wp-json\/wp\/v2\/product\/22005","targetHints":{"allow":["GET"]}}],"collection":[{"href":"https:\/\/guidetotheazores.pt\/pt-pt\/wp-json\/wp\/v2\/product"}],"about":[{"href":"https:\/\/guidetotheazores.pt\/pt-pt\/wp-json\/wp\/v2\/types\/product"}],"replies":[{"embeddable":true,"href":"https:\/\/guidetotheazores.pt\/pt-pt\/wp-json\/wp\/v2\/comments?post=22005"}],"wp:featuredmedia":[{"embeddable":true,"href":"https:\/\/guidetotheazores.pt\/pt-pt\/wp-json\/wp\/v2\/media\/19518"}],"wp:attachment":[{"href":"https:\/\/guidetotheazores.pt\/pt-pt\/wp-json\/wp\/v2\/media?parent=22005"}],"wp:term":[{"taxonomy":"product_brand","embeddable":true,"href":"https:\/\/guidetotheazores.pt\/pt-pt\/wp-json\/wp\/v2\/product_brand?post=22005"},{"taxonomy":"product_cat","embeddable":true,"href":"https:\/\/guidetotheazores.pt\/pt-pt\/wp-json\/wp\/v2\/product_cat?post=22005"},{"taxonomy":"product_tag","embeddable":true,"href":"https:\/\/guidetotheazores.pt\/pt-pt\/wp-json\/wp\/v2\/product_tag?post=22005"}],"curies":[{"name":"wp","href":"https:\/\/api.w.org\/{rel}","templated":true}]}}