{"id":23255,"date":"2025-01-20T14:17:33","date_gmt":"2025-01-20T15:17:33","guid":{"rendered":"https:\/\/guidetotheazores.pt\/product\/meio-dia-trilha-de-misterios-negros\/"},"modified":"2025-01-20T14:17:33","modified_gmt":"2025-01-20T15:17:33","slug":"meio-dia-trilha-de-misterios-negros","status":"publish","type":"product","link":"https:\/\/guidetotheazores.pt\/pt-pt\/produto\/meio-dia-trilha-de-misterios-negros\/","title":{"rendered":"Meio dia: Trilha de Mist\u00e9rios Negros"},"content":{"rendered":"<h2>Meio dia: Trilha Mist\u00e9rios Negros<\/h2>\n<p>Inclui: 4 horas (aprox.) &#8211; Transporte &#8211; Pick up &amp; Drop off* &#8211; Portugu\u00eas, Ingl\u00eas e Espanhol &#8211; Minibus\/Minivan<\/p>\n<h3>Parte:<\/h3>\n<p>Hora: 09h00<\/p>\n<h3>Chega:<\/h3>\n<p>Hora: 01h00 PM<\/p>\n<h3>Informa\u00e7\u00f5es sobre o trilho:<\/h3>\n<p>Categoria: Circular<br \/>\nDificuldade: Dif\u00edcil<br \/>\nExtin\u00e7\u00e3o: 4,9 km<br \/>\nDura\u00e7\u00e3o aprox.: 4h<\/p>\n<h3>Descri\u00e7\u00e3o<\/h3>\n<p>Descobre o encantador Trilho dos Mist\u00e9rios Negros na magn\u00edfica Ilha Terceira (saiba mais sobre <a href=\"https:\/\/guidetotheazores.pt\/pt-pt\/ilha-terceira-a-ilha-lilas\/\">a Ilha Lil\u00e1s<\/a>)! Embarca numa incr\u00edvel aventura que te levar\u00e1 por paisagens vulc\u00e2nicas onde mergulhar\u00e1s na beleza \u00fanica da &#8220;floresta nublada&#8221; a\u00e7oriana, um tipo de floresta m\u00edstica e luxuriante que se desenvolve no clima especial destas ilhas. Cada passo deste trilho revela as maravilhas naturais da ilha, oferecendo vistas deslumbrantes e uma oportunidade \u00fanica de explorar a sua rica biodiversidade. Este trilho convida-te a uma liga\u00e7\u00e3o profunda com o ambiente imaculado da Ilha Terceira (saiba mais sobre <a href=\"https:\/\/guidetotheazores.pt\/pt-pt\/caminhadas-nos-acores\/\">caminhadas nos A\u00e7ores<\/a>), onde a beleza crua do terreno vulc\u00e2nico se encontra com a magia serena da floresta nublada. Quer sejas cativado por paisagens acidentadas, vegeta\u00e7\u00e3o vibrante ou pela harmonia tranquila da natureza, esta viagem vai deixar-te inspirado.    <\/p>\n<p>\u00c9 uma experi\u00eancia perfeita para aventureiros e amantes da natureza.<\/p>\n<h3>O que \u00e9 que inclui?<\/h3>\n<ul>\n<li>Transporte de e para o trilho<\/li>\n<li>Condutor\/guia profissional certificado;<\/li>\n<li>Seguro de responsabilidade civil;<\/li>\n<li>Seguro de acidentes pessoais;<\/li>\n<li>*Recolha e entrega em hot\u00e9is e pens\u00f5es perto do centro de Angra do Hero\u00edsmo. Fora desta zona, \u00e9 poss\u00edvel, mas tem um custo adicional. <\/li>\n<\/ul>\n<h3>O que deves ter em conta?<\/h3>\n<ul>\n<li>M\u00ednimo 2 pessoas;<\/li>\n<li>Crian\u00e7as dos 6 aos 10 anos com 50% de desconto;<\/li>\n<li>Crian\u00e7as at\u00e9 aos 5 anos de idade n\u00e3o pagam;<\/li>\n<li>Usa cal\u00e7ado adequado;<\/li>\n<li>Traz \u00e1gua e protetor solar;<\/li>\n<li>Casaco de chuva ou corta-vento.<\/li>\n<\/ul>\n<h3>Cancelamentos<\/h3>\n<p><!-- x-tinymce\/html --><\/p>\n<p>Os clientes receber\u00e3o um reembolso total ou cr\u00e9dito se o cancelamento for efectuado at\u00e9 24 horas antes do in\u00edcio da atividade. Contacta-nos se tiveres alguma d\u00favida sobre as op\u00e7\u00f5es de cancelamento e reembolso. Em caso de n\u00e3o compar\u00eancia, ser-te-\u00e1 cobrado o montante total.  <\/p>\n","protected":false},"excerpt":{"rendered":"<p>Explora o Trilho dos Mist\u00e9rios Negros na Ilha Terceira! Percorre paisagens vulc\u00e2nicas e a encantadora &#8220;floresta das nuvens&#8221;. Mergulha na rica biodiversidade da ilha e em vistas deslumbrantes!  <\/p>\n","protected":false},"featured_media":19455,"comment_status":"open","ping_status":"closed","template":"","meta":{"_acf_changed":false},"product_brand":[],"product_cat":[539,548,545,19279,556,547],"product_tag":[19340],"class_list":{"0":"post-23255","1":"product","2":"type-product","3":"status-publish","4":"has-post-thumbnail","6":"product_cat-atividades-pt-pt","7":"product_cat-caminhadas","8":"product_cat-geotourism-pt-pt","9":"product_cat-terceira-pt-pt","10":"product_cat-todas-as-ilhas","11":"product_cat-visitas-guiadas","12":"product_tag-ilhaterceira","14":"first","15":"instock","16":"virtual","17":"sold-individually","18":"taxable","19":"purchasable","20":"product-type-phive_booking"},"acf":[],"_links":{"self":[{"href":"https:\/\/guidetotheazores.pt\/pt-pt\/wp-json\/wp\/v2\/product\/23255","targetHints":{"allow":["GET"]}}],"collection":[{"href":"https:\/\/guidetotheazores.pt\/pt-pt\/wp-json\/wp\/v2\/product"}],"about":[{"href":"https:\/\/guidetotheazores.pt\/pt-pt\/wp-json\/wp\/v2\/types\/product"}],"replies":[{"embeddable":true,"href":"https:\/\/guidetotheazores.pt\/pt-pt\/wp-json\/wp\/v2\/comments?post=23255"}],"wp:featuredmedia":[{"embeddable":true,"href":"https:\/\/guidetotheazores.pt\/pt-pt\/wp-json\/wp\/v2\/media\/19455"}],"wp:attachment":[{"href":"https:\/\/guidetotheazores.pt\/pt-pt\/wp-json\/wp\/v2\/media?parent=23255"}],"wp:term":[{"taxonomy":"product_brand","embeddable":true,"href":"https:\/\/guidetotheazores.pt\/pt-pt\/wp-json\/wp\/v2\/product_brand?post=23255"},{"taxonomy":"product_cat","embeddable":true,"href":"https:\/\/guidetotheazores.pt\/pt-pt\/wp-json\/wp\/v2\/product_cat?post=23255"},{"taxonomy":"product_tag","embeddable":true,"href":"https:\/\/guidetotheazores.pt\/pt-pt\/wp-json\/wp\/v2\/product_tag?post=23255"}],"curies":[{"name":"wp","href":"https:\/\/api.w.org\/{rel}","templated":true}]}}