{"id":23257,"date":"2025-01-20T14:23:45","date_gmt":"2025-01-20T15:23:45","guid":{"rendered":"https:\/\/guidetotheazores.pt\/product\/meio-dia-passagem-das-bestas-com-prova-de-queijos\/"},"modified":"2025-01-20T14:23:45","modified_gmt":"2025-01-20T15:23:45","slug":"meio-dia-passagem-das-bestas-com-prova-de-queijos","status":"publish","type":"product","link":"https:\/\/guidetotheazores.pt\/pt-pt\/produto\/meio-dia-passagem-das-bestas-com-prova-de-queijos\/","title":{"rendered":"Meio dia: Passagem das Bestas com prova de queijos"},"content":{"rendered":"<h2>Percurso pedestre Passagem das Bestas com prova de queijos<\/h2>\n<p>Inclui: 4 horas (aprox.) &#8211; Prova de Queijos &#8211; Pick up &amp; Drop off* &#8211; Portugu\u00eas, Ingl\u00eas e Espanhol &#8211; Minibus\/Minivan<\/p>\n<h3>Parte:<\/h3>\n<p>Hora: 09h00<\/p>\n<h3>Chega:<\/h3>\n<p>Hora: 01h00 PM<\/p>\n<h3>Informa\u00e7\u00f5es sobre o trilho:<\/h3>\n<p>Categoria: Circular<br \/>\nDificuldade: M\u00e9dio<br \/>\nExtin\u00e7\u00e3o: 4 km<br \/>\nDura\u00e7\u00e3o aproximada: 2h30<\/p>\n<h3>Descri\u00e7\u00e3o<\/h3>\n<p>Descobre o fascinante percurso circular na Caldeira de Guilherme Moniz, uma \u00e1rea geol\u00f3gica protegida (semelhante \u00e0 famosa <a href=\"https:\/\/guidetotheazores.pt\/algar-do-carvao-cave-guide-for-terceira-visitors\/\">gruta vulc\u00e2nica do Algar do Carv\u00e3o<\/a>) na <a href=\"https:\/\/guidetotheazores.pt\/pt-pt\/ilha-terceira-a-ilha-lilas\/\">Ilha Terceira<\/a>, repleta de florestas macaron\u00e9sicas e turfeiras que suportam os aqu\u00edferos deste complexo vulc\u00e2nico com 23.000 anos! O percurso come\u00e7a junto ao parque de estacionamento, levando-te por antigos campos de lava e por trilhos esculpidos pelos carros de bois que outrora iam buscar lenha \u00e0 caldeira. Continua por paisagens deslumbrantes, passando por uma floresta de cedros e vislumbrando o Vulc\u00e3o dos Cinco Picos, a maior caldeira dos A\u00e7ores.  <\/p>\n<p>Terminamos o nosso passeio com uma visita ao mercado de produtos regionais com uma prova de queijos, na Quinta dos A\u00e7ores<\/p>\n<h3>O que \u00e9 que inclui?<\/h3>\n<ul>\n<li>Transporte de ida e volta para o trilho;<\/li>\n<li>Condutor\/guia profissional certificado;<\/li>\n<li>Seguro de responsabilidade civil;<\/li>\n<li>Seguro de acidentes pessoais;<\/li>\n<li>*Recolha e entrega em hot\u00e9is e pens\u00f5es perto do centro de Angra do Hero\u00edsmo. Fora desta zona, \u00e9 poss\u00edvel, mas tem um custo adicional. <\/li>\n<\/ul>\n<h3>O que deves ter em conta?<\/h3>\n<ul>\n<li>M\u00ednimo 2 pessoas;<\/li>\n<li>Crian\u00e7as dos 6 aos 10 anos com 50% de desconto;<\/li>\n<li>Crian\u00e7as at\u00e9 aos 5 anos de idade n\u00e3o pagam;<\/li>\n<li>Usa cal\u00e7ado adequado;<\/li>\n<li>Traz \u00e1gua e protetor solar;<\/li>\n<li>Casaco de chuva ou corta-vento.<\/li>\n<\/ul>\n<h3>Cancelamentos<\/h3>\n<p><!-- x-tinymce\/html --><\/p>\n<p>Os clientes receber\u00e3o um reembolso total ou cr\u00e9dito se o cancelamento for efectuado at\u00e9 24 horas antes do in\u00edcio da atividade. Contacta-nos se tiveres alguma d\u00favida sobre as op\u00e7\u00f5es de cancelamento e reembolso. Em caso de n\u00e3o compar\u00eancia, ser-te-\u00e1 cobrado o montante total.  <\/p>\n","protected":false},"excerpt":{"rendered":"<p>Deslumbra-te com este passeio nos arredores da Caldeira Guilherme Moniz. Aprecia as paisagens impressionantes de uma das zonas mais bonitas da ilha. Termina com uma prova de queijos produzidos localmente.  <\/p>\n","protected":false},"featured_media":19437,"comment_status":"open","ping_status":"closed","template":"","meta":{"_acf_changed":false},"product_brand":[],"product_cat":[539,548,545,19279,556,547],"product_tag":[19340],"class_list":{"0":"post-23257","1":"product","2":"type-product","3":"status-publish","4":"has-post-thumbnail","6":"product_cat-atividades-pt-pt","7":"product_cat-caminhadas","8":"product_cat-geotourism-pt-pt","9":"product_cat-terceira-pt-pt","10":"product_cat-todas-as-ilhas","11":"product_cat-visitas-guiadas","12":"product_tag-ilhaterceira","14":"first","15":"instock","16":"virtual","17":"sold-individually","18":"taxable","19":"purchasable","20":"product-type-phive_booking"},"acf":[],"_links":{"self":[{"href":"https:\/\/guidetotheazores.pt\/pt-pt\/wp-json\/wp\/v2\/product\/23257","targetHints":{"allow":["GET"]}}],"collection":[{"href":"https:\/\/guidetotheazores.pt\/pt-pt\/wp-json\/wp\/v2\/product"}],"about":[{"href":"https:\/\/guidetotheazores.pt\/pt-pt\/wp-json\/wp\/v2\/types\/product"}],"replies":[{"embeddable":true,"href":"https:\/\/guidetotheazores.pt\/pt-pt\/wp-json\/wp\/v2\/comments?post=23257"}],"wp:featuredmedia":[{"embeddable":true,"href":"https:\/\/guidetotheazores.pt\/pt-pt\/wp-json\/wp\/v2\/media\/19437"}],"wp:attachment":[{"href":"https:\/\/guidetotheazores.pt\/pt-pt\/wp-json\/wp\/v2\/media?parent=23257"}],"wp:term":[{"taxonomy":"product_brand","embeddable":true,"href":"https:\/\/guidetotheazores.pt\/pt-pt\/wp-json\/wp\/v2\/product_brand?post=23257"},{"taxonomy":"product_cat","embeddable":true,"href":"https:\/\/guidetotheazores.pt\/pt-pt\/wp-json\/wp\/v2\/product_cat?post=23257"},{"taxonomy":"product_tag","embeddable":true,"href":"https:\/\/guidetotheazores.pt\/pt-pt\/wp-json\/wp\/v2\/product_tag?post=23257"}],"curies":[{"name":"wp","href":"https:\/\/api.w.org\/{rel}","templated":true}]}}