{"id":23906,"date":"2026-05-03T20:50:31","date_gmt":"2026-05-03T21:50:31","guid":{"rendered":"https:\/\/guidetotheazores.pt\/product\/visita-a-ponta-delgada-com-vinho-e-comida-inc-jantar\/"},"modified":"2026-05-03T20:50:31","modified_gmt":"2026-05-03T21:50:31","slug":"visita-a-ponta-delgada-com-vinho-e-comida-inc-jantar","status":"publish","type":"product","link":"https:\/\/guidetotheazores.pt\/pt-pt\/produto\/visita-a-ponta-delgada-com-vinho-e-comida-inc-jantar\/","title":{"rendered":"Visita a Ponta Delgada com vinho e comida, inc. Jantar"},"content":{"rendered":"<div class=\"subsection\" data-v-68eac83b=\"\">\n<div class=\"content-builder-markdown-view\" data-v-316d1a1e=\"\" data-v-68eac83b=\"\">\n<p>Explora Ponta Delgada num passeio a p\u00e9 descontra\u00eddo de tr\u00eas horas que combina vinhos a\u00e7orianos distintos com marisco local, carne, queijos artesanais e sobremesas.<\/p>\n<p>Conduzido por um guia culin\u00e1rio especializado da Hungry Whales, a experi\u00eancia combina degusta\u00e7\u00f5es, jantar e hist\u00f3rias envolventes que explicam a cultura e a hist\u00f3ria da bebida nas ilhas.<\/p>\n<p>Visitar\u00e1s v\u00e1rios locais no centro da cidade antes de terminares com um excelente jantar de inspira\u00e7\u00e3o a\u00e7oriana.<\/p>\n<\/div>\n<\/div>\n<div class=\"subsection\" data-v-68eac83b=\"\"><span class=\"fh-text fh-text--body-lg fh-text--bold block\" data-v-3872b9c5=\"\" data-v-68eac83b=\"\">Itiner\u00e1rio<\/span><\/p>\n<div class=\"content-builder-markdown-view\" data-v-316d1a1e=\"\" data-v-68eac83b=\"\">\n<ol>\n<li>Encontra o teu guia no centro da cidade e recebe uma vis\u00e3o geral e factos introdut\u00f3rios.<\/li>\n<li>Visita v\u00e1rios locais para provar vinhos e alimentos enquanto aprendes a sua import\u00e2ncia cultural.<\/li>\n<li>Desfruta de um jantar completo, acompanhado de vinhos que mostram a diversidade culin\u00e1ria a\u00e7oriana.<\/li>\n<li>Termina com uma sobremesa caseira, um vinho fortificado e uma fotografia de grupo.<\/li>\n<\/ol>\n<\/div>\n<\/div>\n<div class=\"subsection\" data-v-68eac83b=\"\"><span class=\"fh-text fh-text--body-lg fh-text--bold block\" data-v-3872b9c5=\"\" data-v-68eac83b=\"\">Destaques<\/span><\/p>\n<div class=\"content-builder-markdown-view\" data-v-316d1a1e=\"\" data-v-68eac83b=\"\">\n<ul>\n<li>Prova vinhos vulc\u00e2nicos \u00fanicos, produzidos localmente, e alimentos regionais<\/li>\n<li>Aprende com um guia especializado sobre as tradi\u00e7\u00f5es e a hist\u00f3ria da bebida nos A\u00e7ores<\/li>\n<li>Visita uma sele\u00e7\u00e3o de locais aut\u00eanticos no centro da cidade<\/li>\n<li>Pequenos grupos para uma experi\u00eancia personalizada e educativa<\/li>\n<\/ul>\n<\/div>\n<\/div>\n","protected":false},"excerpt":{"rendered":"<p>Explora Ponta Delgada num passeio a p\u00e9 descontra\u00eddo de tr\u00eas horas que combina vinhos a\u00e7orianos distintos com marisco local, carne, queijos artesanais e sobremesas.<\/p>\n<p><script src=\"https:\/\/fareharbor.com\/embeds\/script\/calendar\/hungrywhales\/items\/174919\/?asn=fhdn-eur&amp;asn-ref=guidetotheazores&amp;ref=guidetotheazores&amp;bookable-only=yes&amp;full-items=yes&amp;marketplace=yes&amp;flow=no&amp;branding=no\"><\/script><\/p>\n<p>Dura\u00e7\u00e3o &#8211; 3 horas<br \/>\nPonto de encontro Portas da Cidade &#8211; Pra\u00e7a Gon\u00e7alo Velho Cabral<br \/>\nCancelamentos &#8211; Pol\u00edtica de cancelamento standard: Reembolso de 75% para cancelamentos efectuados com mais de 60 dias de anteced\u00eancia. 50% de reembolso para cancelamentos efectuados com mais de 15 dias de anteced\u00eancia. 25% de reembolso para cancelamentos efectuados entre 3-14 dias de anteced\u00eancia. N\u00e3o h\u00e1 reembolso dentro de 72 horas.<br \/>\nIdade &#8211; 12 &#8211; 99   <\/p>\n","protected":false},"featured_media":21652,"comment_status":"closed","ping_status":"closed","template":"","meta":{"_acf_changed":false},"product_brand":[],"product_cat":[534,554,19306,556,555],"product_tag":[19324],"class_list":{"0":"post-23906","1":"product","2":"type-product","3":"status-publish","4":"has-post-thumbnail","6":"product_cat-alimentos-e-bebidas","7":"product_cat-delicatessen-acoriana","8":"product_cat-sao-miguel-pt-pt","9":"product_cat-todas-as-ilhas","10":"product_cat-vinhos-acorianos","11":"product_tag-ilhasaomiguel","13":"first","14":"instock","15":"taxable","16":"shipping-taxable","17":"product-type-external"},"acf":[],"_links":{"self":[{"href":"https:\/\/guidetotheazores.pt\/pt-pt\/wp-json\/wp\/v2\/product\/23906","targetHints":{"allow":["GET"]}}],"collection":[{"href":"https:\/\/guidetotheazores.pt\/pt-pt\/wp-json\/wp\/v2\/product"}],"about":[{"href":"https:\/\/guidetotheazores.pt\/pt-pt\/wp-json\/wp\/v2\/types\/product"}],"replies":[{"embeddable":true,"href":"https:\/\/guidetotheazores.pt\/pt-pt\/wp-json\/wp\/v2\/comments?post=23906"}],"wp:featuredmedia":[{"embeddable":true,"href":"https:\/\/guidetotheazores.pt\/pt-pt\/wp-json\/wp\/v2\/media\/21652"}],"wp:attachment":[{"href":"https:\/\/guidetotheazores.pt\/pt-pt\/wp-json\/wp\/v2\/media?parent=23906"}],"wp:term":[{"taxonomy":"product_brand","embeddable":true,"href":"https:\/\/guidetotheazores.pt\/pt-pt\/wp-json\/wp\/v2\/product_brand?post=23906"},{"taxonomy":"product_cat","embeddable":true,"href":"https:\/\/guidetotheazores.pt\/pt-pt\/wp-json\/wp\/v2\/product_cat?post=23906"},{"taxonomy":"product_tag","embeddable":true,"href":"https:\/\/guidetotheazores.pt\/pt-pt\/wp-json\/wp\/v2\/product_tag?post=23906"}],"curies":[{"name":"wp","href":"https:\/\/api.w.org\/{rel}","templated":true}]}}