{"id":23915,"date":"2026-05-03T15:06:44","date_gmt":"2026-05-03T16:06:44","guid":{"rendered":"https:\/\/guidetotheazores.pt\/product\/experiencia-de-canyoning\/"},"modified":"2026-05-03T15:06:44","modified_gmt":"2026-05-03T16:06:44","slug":"experiencia-de-canyoning","status":"publish","type":"product","link":"https:\/\/guidetotheazores.pt\/pt-pt\/produto\/experiencia-de-canyoning\/","title":{"rendered":"Experi\u00eancia de canyoning"},"content":{"rendered":"<div class=\"subsection\" data-v-68eac83b=\"\">\n<div class=\"content-builder-markdown-view\" data-v-316d1a1e=\"\" data-v-68eac83b=\"\">\n<p>Mergulha na natureza num passeio guiado de canyoning na Ribeira Grande. Veste o teu equipamento de seguran\u00e7a e sente a adrenalina de saltar, fazer ziplining e rapel em cascatas deslumbrantes. <\/p>\n<\/div>\n<\/div>\n<div class=\"subsection\" data-v-68eac83b=\"\"><span class=\"fh-text fh-text--body-lg fh-text--bold block\" data-v-3872b9c5=\"\" data-v-68eac83b=\"\">O que est\u00e1 inclu\u00eddo<\/span><\/p>\n<div class=\"content-builder-markdown-view\" data-v-316d1a1e=\"\" data-v-68eac83b=\"\">\n<p>Equipamento de seguran\u00e7a de alta qualidade, licen\u00e7as, seguro pessoal, guias qualificados e experientes, servi\u00e7o de fotografia e v\u00eddeo.<\/p>\n<p>Equipamento de seguran\u00e7a: Fato e meias de neoprene, sapatos de canyoning de topo, capacete, arn\u00eas e equipamento de seguran\u00e7a para o grupo.<\/p>\n<p>Guias que falam ingl\u00eas e portugu\u00eas<\/p>\n<\/div>\n<\/div>\n<div class=\"subsection\" data-v-68eac83b=\"\"><span class=\"fh-text fh-text--body-lg fh-text--bold block\" data-v-3872b9c5=\"\" data-v-68eac83b=\"\">Destaques<\/span><\/p>\n<div class=\"content-builder-markdown-view\" data-v-316d1a1e=\"\" data-v-68eac83b=\"\">\n<ul>\n<li>H\u00e1 zonas onde podes sentir o calor geot\u00e9rmico, 3 cascatas com 3 m\u00e9todos diferentes: salto (opcional), tirolesa e rapel<\/li>\n<\/ul>\n<\/div>\n<\/div>\n","protected":false},"excerpt":{"rendered":"<p>Mergulha na natureza num passeio guiado de canyoning na Ribeira Grande. Veste o teu equipamento de seguran\u00e7a e sente a adrenalina de saltar, fazer ziplining e rapel em cascatas deslumbrantes<br \/>\n&nbsp;<\/p>\n<p><script src=\"https:\/\/fareharbor.com\/embeds\/script\/calendar\/azoreanactiveblueberry\/items\/136092\/?asn=fhdn-eur&amp;asn-ref=guidetotheazores&amp;ref=guidetotheazores&amp;bookable-only=yes&amp;full-items=yes&amp;marketplace=yes&amp;flow=no&amp;branding=no\"><\/script><\/p>\n<p>Dura\u00e7\u00e3o &#8211; 3 horas<br \/>\nPonto de encontro &#8211; https:\/\/maps.app.goo.gl\/CsCTKzWBxcQWNSxQ7<br \/>\nCancelamentos &#8211; 48h antes da data da atividade<br \/>\nIdade &#8211; 6 &#8211; 75<br \/>\nAcessibilidade &#8211; N\u00e3o acess\u00edvel a carrinhos de beb\u00e9 e cadeiras de rodas<\/p>\n","protected":false},"featured_media":21606,"comment_status":"closed","ping_status":"closed","template":"","meta":{"_acf_changed":false},"product_brand":[],"product_cat":[539,543,19306,556],"product_tag":[],"class_list":{"0":"post-23915","1":"product","2":"type-product","3":"status-publish","4":"has-post-thumbnail","6":"product_cat-atividades-pt-pt","7":"product_cat-canyoning-pt-pt","8":"product_cat-sao-miguel-pt-pt","9":"product_cat-todas-as-ilhas","11":"first","12":"instock","13":"taxable","14":"shipping-taxable","15":"product-type-external"},"acf":[],"_links":{"self":[{"href":"https:\/\/guidetotheazores.pt\/pt-pt\/wp-json\/wp\/v2\/product\/23915","targetHints":{"allow":["GET"]}}],"collection":[{"href":"https:\/\/guidetotheazores.pt\/pt-pt\/wp-json\/wp\/v2\/product"}],"about":[{"href":"https:\/\/guidetotheazores.pt\/pt-pt\/wp-json\/wp\/v2\/types\/product"}],"replies":[{"embeddable":true,"href":"https:\/\/guidetotheazores.pt\/pt-pt\/wp-json\/wp\/v2\/comments?post=23915"}],"wp:featuredmedia":[{"embeddable":true,"href":"https:\/\/guidetotheazores.pt\/pt-pt\/wp-json\/wp\/v2\/media\/21606"}],"wp:attachment":[{"href":"https:\/\/guidetotheazores.pt\/pt-pt\/wp-json\/wp\/v2\/media?parent=23915"}],"wp:term":[{"taxonomy":"product_brand","embeddable":true,"href":"https:\/\/guidetotheazores.pt\/pt-pt\/wp-json\/wp\/v2\/product_brand?post=23915"},{"taxonomy":"product_cat","embeddable":true,"href":"https:\/\/guidetotheazores.pt\/pt-pt\/wp-json\/wp\/v2\/product_cat?post=23915"},{"taxonomy":"product_tag","embeddable":true,"href":"https:\/\/guidetotheazores.pt\/pt-pt\/wp-json\/wp\/v2\/product_tag?post=23915"}],"curies":[{"name":"wp","href":"https:\/\/api.w.org\/{rel}","templated":true}]}}