{"id":23921,"date":"2026-05-02T08:50:53","date_gmt":"2026-05-02T09:50:53","guid":{"rendered":"https:\/\/guidetotheazores.pt\/product\/passeio-de-bicicleta-pelas-vinhas-do-pico\/"},"modified":"2026-05-02T08:50:53","modified_gmt":"2026-05-02T09:50:53","slug":"passeio-de-bicicleta-pelas-vinhas-do-pico","status":"publish","type":"product","link":"https:\/\/guidetotheazores.pt\/pt-pt\/produto\/passeio-de-bicicleta-pelas-vinhas-do-pico\/","title":{"rendered":"Passeio de Bicicleta pelas Vinhas do Pico"},"content":{"rendered":"<p>Descobre o encanto \u00fanico da Ilha do Pico num inesquec\u00edvel passeio de bicicleta pela paisagem vinhateira, Patrim\u00f3nio Mundial da UNESCO. Segue a costa rochosa e explora as pitorescas aldeias de casas de pedra vulc\u00e2nica, as adegas e as vinhas luxuriantes que definem a tradi\u00e7\u00e3o vin\u00edcola da ilha. Ao longo do caminho, desfruta de vistas deslumbrantes sobre o Atl\u00e2ntico e mergulha na rica hist\u00f3ria e cultura do ic\u00f3nico patrim\u00f3nio vin\u00edcola do Pico. Perfeito para aventureiros e amantes do vinho, este passeio \u00e9 uma viagem pelo cora\u00e7\u00e3o dos tesouros mais famosos da Ilha da Montanha.   <\/p>\n<p>O que est\u00e1 inclu\u00eddo<br \/>\nGuia profissional<br \/>\nBicicleta Trek\u00ae e capacete<br \/>\nColete refletor<br \/>\nLanche tradicional<br \/>\nSeguro de acidentes pessoais<br \/>\nO que n\u00e3o est\u00e1 inclu\u00eddo<br \/>\nRecolha e entrega dispon\u00edveis mediante pedido e sujeitos a disponibilidade<br \/>\nDestaques<br \/>\nAldeias costeiras tradicionais<br \/>\nS\u00edtios Patrim\u00f3nio da UNESCO<br \/>\nVinhas, adegas e destilarias<\/p>\n","protected":false},"excerpt":{"rendered":"<p>Descobre o encanto \u00fanico da Ilha do Pico num inesquec\u00edvel passeio de bicicleta pela paisagem vinhateira, Patrim\u00f3nio Mundial da UNESCO. Segue a costa rochosa e explora as pitorescas aldeias de casas de pedra vulc\u00e2nica, as adegas e as vinhas luxuriantes que definem a tradi\u00e7\u00e3o vin\u00edcola da ilha. Ao longo do caminho, desfruta de vistas deslumbrantes sobre o Atl\u00e2ntico e mergulha na rica hist\u00f3ria e cultura do ic\u00f3nico patrim\u00f3nio vin\u00edcola do Pico. Perfeito para aventureiros e amantes do vinho, este passeio \u00e9 uma viagem pelo cora\u00e7\u00e3o dos tesouros mais famosos da Ilha da Montanha.   <\/p>\n<p>&nbsp;<\/p>\n<p><script src=\"https:\/\/fareharbor.com\/embeds\/script\/calendar\/tripixazores\/items\/614419\/?asn=fhdn-eur&amp;asn-ref=guidetotheazores&amp;ref=guidetotheazores&amp;bookable-only=yes&amp;full-items=yes&amp;marketplace=yes&amp;flow=no&amp;branding=no\"><\/script><\/p>\n<p>Dura\u00e7\u00e3o &#8211; 3 Horas<br \/>\nPonto de encontro &#8211; Escrit\u00f3rio da Tripix Azores<br \/>\nIdade &#8211; 10+<\/p>\n","protected":false},"featured_media":21574,"comment_status":"closed","ping_status":"closed","template":"","meta":{"_acf_changed":false},"product_brand":[],"product_cat":[539,540,19262,556],"product_tag":[19327],"class_list":{"0":"post-23921","1":"product","2":"type-product","3":"status-publish","4":"has-post-thumbnail","6":"product_cat-atividades-pt-pt","7":"product_cat-biking-pt-pt","8":"product_cat-pico-pt-pt","9":"product_cat-todas-as-ilhas","10":"product_tag-ilhadopico","12":"first","13":"instock","14":"taxable","15":"shipping-taxable","16":"product-type-external"},"acf":[],"_links":{"self":[{"href":"https:\/\/guidetotheazores.pt\/pt-pt\/wp-json\/wp\/v2\/product\/23921","targetHints":{"allow":["GET"]}}],"collection":[{"href":"https:\/\/guidetotheazores.pt\/pt-pt\/wp-json\/wp\/v2\/product"}],"about":[{"href":"https:\/\/guidetotheazores.pt\/pt-pt\/wp-json\/wp\/v2\/types\/product"}],"replies":[{"embeddable":true,"href":"https:\/\/guidetotheazores.pt\/pt-pt\/wp-json\/wp\/v2\/comments?post=23921"}],"wp:featuredmedia":[{"embeddable":true,"href":"https:\/\/guidetotheazores.pt\/pt-pt\/wp-json\/wp\/v2\/media\/21574"}],"wp:attachment":[{"href":"https:\/\/guidetotheazores.pt\/pt-pt\/wp-json\/wp\/v2\/media?parent=23921"}],"wp:term":[{"taxonomy":"product_brand","embeddable":true,"href":"https:\/\/guidetotheazores.pt\/pt-pt\/wp-json\/wp\/v2\/product_brand?post=23921"},{"taxonomy":"product_cat","embeddable":true,"href":"https:\/\/guidetotheazores.pt\/pt-pt\/wp-json\/wp\/v2\/product_cat?post=23921"},{"taxonomy":"product_tag","embeddable":true,"href":"https:\/\/guidetotheazores.pt\/pt-pt\/wp-json\/wp\/v2\/product_tag?post=23921"}],"curies":[{"name":"wp","href":"https:\/\/api.w.org\/{rel}","templated":true}]}}