{"id":24023,"date":"2026-05-05T20:37:14","date_gmt":"2026-05-05T21:37:14","guid":{"rendered":"https:\/\/guidetotheazores.pt\/product\/subida-diurna-a-montanha-do-pico\/"},"modified":"2026-05-05T20:37:14","modified_gmt":"2026-05-05T21:37:14","slug":"subida-diurna-a-montanha-do-pico","status":"publish","type":"product","link":"https:\/\/guidetotheazores.pt\/pt-pt\/produto\/subida-diurna-a-montanha-do-pico\/","title":{"rendered":"Subida Diurna \u00e0 Montanha do Pico"},"content":{"rendered":"<div class=\"flex justify-between py-4 cursor-pointer\" data-v-c46ac7a2=\"\">\n<div class=\"heading-left\" data-v-c46ac7a2=\"\">\n<div class=\"fh-title fh-title--display-xl\" data-v-9d6554c3=\"\" data-v-c46ac7a2=\"\">\n<h1 class=\"fh-text fh-text--display-xl fh-text--medium\" data-v-3872b9c5=\"\" data-v-9d6554c3=\"\">Detalhes da atividade<\/h1>\n<\/div>\n<\/div>\n<div data-v-c46ac7a2=\"\">Prepara-te para embarcar numa subida de cortar a respira\u00e7\u00e3o at\u00e9 ao cume do Monte Pico, o ponto mais alto de Portugal. Come\u00e7a a tua viagem ao nascer do sol, onde a luz dourada real\u00e7a cada passo desta aventura desafiante e gratificante. Ao longo do percurso, desfruta de momentos inesquec\u00edveis em contacto direto com a natureza, ao mesmo tempo que adquires conhecimentos fascinantes sobre as origens vulc\u00e2nicas dos A\u00e7ores e a biodiversidade \u00fanica desta montanha ic\u00f3nica. Com a orienta\u00e7\u00e3o de um Guia Certificado do Monte Pico, a tua seguran\u00e7a e divers\u00e3o s\u00e3o as nossas principais prioridades, garantindo uma experi\u00eancia inesquec\u00edvel e enriquecedora no Monte Pico.   <\/div>\n<\/div>\n<div class=\"content pb-4\" data-v-c46ac7a2=\"\">\n<div class=\"subsection\" data-v-68eac83b=\"\"><span class=\"fh-text fh-text--body-lg fh-text--bold block\" data-v-3872b9c5=\"\" data-v-68eac83b=\"\">O que est\u00e1 inclu\u00eddo<\/span><\/p>\n<div class=\"content-builder-markdown-view\" data-v-316d1a1e=\"\" data-v-68eac83b=\"\">\n<ul>\n<li>Guia profissional e certificado do Monte Pico<\/li>\n<li>Taxa de acesso \u00e0 Reserva Natural do Monte Pico<\/li>\n<li>Bast\u00f5es de caminhada Quechua\u00ae<\/li>\n<li>Crampons Climbing Technology\u00ae ou Yaktrax\u00ae (inverno)<\/li>\n<li>Subida do manual informativo<\/li>\n<li>Seguro de acidentes pessoais<\/li>\n<li>Certificado de conclus\u00e3o de escalada<\/li>\n<\/ul>\n<\/div>\n<\/div>\n<div class=\"subsection\" data-v-68eac83b=\"\"><span class=\"fh-text fh-text--body-lg fh-text--bold block\" data-v-3872b9c5=\"\" data-v-68eac83b=\"\">O que n\u00e3o est\u00e1 inclu\u00eddo<\/span><\/p>\n<div class=\"content-builder-markdown-view\" data-v-316d1a1e=\"\" data-v-68eac83b=\"\">\n<p>Transfer do Escrit\u00f3rio do Tripix na Madalena &#8211; Casa da Montanha &#8211; Escrit\u00f3rio do Tripix na Madalena mediante pedido e sujeito a disponibilidade<br \/>\n\u2716 Esta atividade n\u00e3o inclui refei\u00e7\u00f5es &#8211; Almo\u00e7o em caixa mediante pedido.<\/p>\n<\/div>\n<\/div>\n<div class=\"subsection\" data-v-68eac83b=\"\"><span class=\"fh-text fh-text--body-lg fh-text--bold block\" data-v-3872b9c5=\"\" data-v-68eac83b=\"\">Destaques<\/span><\/p>\n<div class=\"content-builder-markdown-view\" data-v-316d1a1e=\"\" data-v-68eac83b=\"\">\n<ul>\n<li>Atividade de alpinismo<\/li>\n<li>N\u00edvel de dificuldade m\u00e9dio a elevado<\/li>\n<li>Altitude m\u00e1xima: 2.351 m \/ 7.713 p\u00e9s<\/li>\n<li>Experi\u00eancia de turismo ativo e de aventura<\/li>\n<li>Descobre a vulcanologia<\/li>\n<\/ul>\n<\/div>\n<\/div>\n<\/div>\n","protected":false},"excerpt":{"rendered":"<p>Prepara-te para embarcar numa subida de cortar a respira\u00e7\u00e3o at\u00e9 ao cume do Monte Pico, o ponto mais alto de Portugal. Come\u00e7a a tua viagem ao nascer do sol, onde a luz dourada real\u00e7a cada passo desta desafiante e gratificante aventura. <\/p>\n<p>&nbsp;<\/p>\n<p><script src=\"https:\/\/fareharbor.com\/embeds\/script\/calendar\/tripixazores\/items\/614310\/?asn=fhdn-eur&amp;asn-ref=guidetotheazores&amp;ref=guidetotheazores&amp;bookable-only=yes&amp;full-items=yes&amp;marketplace=yes&amp;flow=no&amp;branding=no\"><\/script><\/p>\n<p>Dura\u00e7\u00e3o &#8211; 7 a 9 horas<br \/>\nPonto de encontro &#8211; Casa da Montanha<br \/>\nIdade &#8211; 12+<\/p>\n","protected":false},"featured_media":13322,"comment_status":"closed","ping_status":"closed","template":"","meta":{"_acf_changed":false},"product_brand":[],"product_cat":[539,548,19262,556],"product_tag":[19327],"class_list":{"0":"post-24023","1":"product","2":"type-product","3":"status-publish","4":"has-post-thumbnail","6":"product_cat-atividades-pt-pt","7":"product_cat-caminhadas","8":"product_cat-pico-pt-pt","9":"product_cat-todas-as-ilhas","10":"product_tag-ilhadopico","12":"first","13":"instock","14":"taxable","15":"shipping-taxable","16":"product-type-external"},"acf":[],"_links":{"self":[{"href":"https:\/\/guidetotheazores.pt\/pt-pt\/wp-json\/wp\/v2\/product\/24023","targetHints":{"allow":["GET"]}}],"collection":[{"href":"https:\/\/guidetotheazores.pt\/pt-pt\/wp-json\/wp\/v2\/product"}],"about":[{"href":"https:\/\/guidetotheazores.pt\/pt-pt\/wp-json\/wp\/v2\/types\/product"}],"replies":[{"embeddable":true,"href":"https:\/\/guidetotheazores.pt\/pt-pt\/wp-json\/wp\/v2\/comments?post=24023"}],"wp:featuredmedia":[{"embeddable":true,"href":"https:\/\/guidetotheazores.pt\/pt-pt\/wp-json\/wp\/v2\/media\/13322"}],"wp:attachment":[{"href":"https:\/\/guidetotheazores.pt\/pt-pt\/wp-json\/wp\/v2\/media?parent=24023"}],"wp:term":[{"taxonomy":"product_brand","embeddable":true,"href":"https:\/\/guidetotheazores.pt\/pt-pt\/wp-json\/wp\/v2\/product_brand?post=24023"},{"taxonomy":"product_cat","embeddable":true,"href":"https:\/\/guidetotheazores.pt\/pt-pt\/wp-json\/wp\/v2\/product_cat?post=24023"},{"taxonomy":"product_tag","embeddable":true,"href":"https:\/\/guidetotheazores.pt\/pt-pt\/wp-json\/wp\/v2\/product_tag?post=24023"}],"curies":[{"name":"wp","href":"https:\/\/api.w.org\/{rel}","templated":true}]}}