{"id":24211,"date":"2026-05-07T06:51:43","date_gmt":"2026-05-07T07:51:43","guid":{"rendered":"https:\/\/guidetotheazores.pt\/product\/passeio-a-pe-pela-cidade-de-ponta-delgada\/"},"modified":"2026-05-07T06:52:18","modified_gmt":"2026-05-07T07:52:18","slug":"passeio-a-pe-pela-cidade-de-ponta-delgada","status":"publish","type":"product","link":"https:\/\/guidetotheazores.pt\/pt-pt\/produto\/passeio-a-pe-pela-cidade-de-ponta-delgada\/","title":{"rendered":"Passeio a p\u00e9 pela cidade de Ponta Delgada"},"content":{"rendered":"<div class=\"subsection\" data-v-68eac83b=\"\">\n<div class=\"content-builder-markdown-view\" data-v-316d1a1e=\"\" data-v-68eac83b=\"\">\n<p>Entra na hist\u00f3ria da nossa cidade. Este passeio a p\u00e9 intimista leva-te para al\u00e9m dos guias e para as ruelas de cal\u00e7ada e recantos hist\u00f3ricos onde vivem as lendas. Conduzido por um especialista local, ouvir\u00e1s as hist\u00f3rias de s\u00e9culos passados, descobrir\u00e1s maravilhas arquitect\u00f3nicas escondidas \u00e0 vista de todos e sentir\u00e1s o pulsar vibrante da vida quotidiana. \u00c9 mais do que uma visita guiada; \u00e9 uma liga\u00e7\u00e3o aut\u00eantica \u00e0 alma da cidade.   <\/p>\n<\/div>\n<\/div>\n<div class=\"subsection\" data-v-68eac83b=\"\"><span class=\"fh-text fh-text--body-lg fh-text--bold block\" data-v-3872b9c5=\"\" data-v-68eac83b=\"\">O que est\u00e1 inclu\u00eddo<\/span><\/p>\n<div class=\"content-builder-markdown-view\" data-v-316d1a1e=\"\" data-v-68eac83b=\"\">\n<ul>\n<li>Guia tur\u00edstico<\/li>\n<li>Seguros<\/li>\n<\/ul>\n<\/div>\n<\/div>\n<div class=\"subsection\" data-v-68eac83b=\"\"><span class=\"fh-text fh-text--body-lg fh-text--bold block\" data-v-3872b9c5=\"\" data-v-68eac83b=\"\">O que n\u00e3o est\u00e1 inclu\u00eddo<\/span><\/p>\n<div class=\"content-builder-markdown-view\" data-v-316d1a1e=\"\" data-v-68eac83b=\"\">\n<ul>\n<li>Gratifica\u00e7\u00f5es<\/li>\n<li>Refei\u00e7\u00f5es, lanches e bebidas<\/li>\n<\/ul>\n<\/div>\n<\/div>\n<div class=\"subsection\" data-v-68eac83b=\"\"><span class=\"fh-text fh-text--body-lg fh-text--bold block\" data-v-3872b9c5=\"\" data-v-68eac83b=\"\">Itiner\u00e1rio<\/span><\/p>\n<div class=\"content-builder-markdown-view\" data-v-316d1a1e=\"\" data-v-68eac83b=\"\">\n<ul>\n<li>Ponto de encontro nas Portas da Cidade de Ponta Delgada. Procura o guia tur\u00edstico com a Tshirt da flowtours com o logotipo da bandeira <\/li>\n<\/ul>\n<\/div>\n<\/div>\n<div class=\"subsection\" data-v-68eac83b=\"\"><span class=\"fh-text fh-text--body-lg fh-text--bold block\" data-v-3872b9c5=\"\" data-v-68eac83b=\"\">Destaques<\/span><\/p>\n<div class=\"content-builder-markdown-view\" data-v-316d1a1e=\"\" data-v-68eac83b=\"\">\n<p>Guias locais especializados: Descobre a cidade atrav\u00e9s dos olhos de habitantes locais apaixonados, que partilham hist\u00f3rias internas e j\u00f3ias escondidas que n\u00e3o encontrar\u00e1s nos guias.<\/p>\n<p>Marcos ic\u00f3nicos e becos escondidos: Experimenta os pontos tur\u00edsticos obrigat\u00f3rios e depois mergulha em ruas e pra\u00e7as encantadoras e menos conhecidas.<\/p>\n<p>Conta hist\u00f3rias envolventes: Vai al\u00e9m dos factos e das datas &#8211; ouve contos cativantes sobre a hist\u00f3ria, a cultura e as lendas da cidade.<\/p>\n<p>Perfeito para todos os ritmos: Desfruta de um ritmo de passeio descontra\u00eddo com amplas oportunidades para tirar fotografias, fazer perguntas e absorver a atmosfera.<\/p>\n<p>Experi\u00eancia de grupo pequeno: Beneficia de uma excurs\u00e3o personalizada onde podes interagir facilmente com o teu guia e companheiros de viagem.<\/p>\n<p>Orienta\u00e7\u00e3o e recomenda\u00e7\u00f5es: Obt\u00e9m uma vis\u00e3o geral fant\u00e1stica da cidade, al\u00e9m de dicas valiosas para o resto da tua estadia, desde a restaura\u00e7\u00e3o at\u00e9 \u00e0 explora\u00e7\u00e3o.<\/p>\n<\/div>\n<\/div>\n","protected":false},"excerpt":{"rendered":"<p>Entra na hist\u00f3ria da nossa cidade. Este passeio a p\u00e9 intimista leva-te para al\u00e9m dos guias e para as ruelas de cal\u00e7ada e recantos hist\u00f3ricos onde vivem as lendas. Conduzido por um especialista local, ouvir\u00e1s as hist\u00f3rias de s\u00e9culos passados, descobrir\u00e1s maravilhas arquitect\u00f3nicas escondidas \u00e0 vista de todos e sentir\u00e1s o pulsar vibrante da vida quotidiana. \u00c9 mais do que uma visita guiada; \u00e9 uma liga\u00e7\u00e3o aut\u00eantica \u00e0 alma da cidade.<br \/>\n&nbsp;<\/p>\n<p><script src=\"https:\/\/fareharbor.com\/embeds\/script\/calendar\/flowtours\/items\/645510\/?asn=fhdn-eur&amp;asn-ref=guidetotheazores&amp;ref=guidetotheazores&amp;bookable-only=yes&amp;full-items=yes&amp;marketplace=yes&amp;flow=no&amp;branding=no\"><\/script><\/p>\n<p>Dura\u00e7\u00e3o &#8211; 3 horas<br \/>\nPonto de encontro &#8211; Portas da Cidade de Ponta Delgada<br \/>\nDimens\u00e3o do grupo &#8211; 20<\/p>\n","protected":false},"featured_media":24200,"comment_status":"closed","ping_status":"closed","template":"","meta":{"_acf_changed":false},"product_brand":[],"product_cat":[539,19306,556,547],"product_tag":[19324],"class_list":{"0":"post-24211","1":"product","2":"type-product","3":"status-publish","4":"has-post-thumbnail","6":"product_cat-atividades-pt-pt","7":"product_cat-sao-miguel-pt-pt","8":"product_cat-todas-as-ilhas","9":"product_cat-visitas-guiadas","10":"product_tag-ilhasaomiguel","12":"first","13":"instock","14":"taxable","15":"shipping-taxable","16":"product-type-external"},"acf":[],"_links":{"self":[{"href":"https:\/\/guidetotheazores.pt\/pt-pt\/wp-json\/wp\/v2\/product\/24211","targetHints":{"allow":["GET"]}}],"collection":[{"href":"https:\/\/guidetotheazores.pt\/pt-pt\/wp-json\/wp\/v2\/product"}],"about":[{"href":"https:\/\/guidetotheazores.pt\/pt-pt\/wp-json\/wp\/v2\/types\/product"}],"replies":[{"embeddable":true,"href":"https:\/\/guidetotheazores.pt\/pt-pt\/wp-json\/wp\/v2\/comments?post=24211"}],"wp:featuredmedia":[{"embeddable":true,"href":"https:\/\/guidetotheazores.pt\/pt-pt\/wp-json\/wp\/v2\/media\/24200"}],"wp:attachment":[{"href":"https:\/\/guidetotheazores.pt\/pt-pt\/wp-json\/wp\/v2\/media?parent=24211"}],"wp:term":[{"taxonomy":"product_brand","embeddable":true,"href":"https:\/\/guidetotheazores.pt\/pt-pt\/wp-json\/wp\/v2\/product_brand?post=24211"},{"taxonomy":"product_cat","embeddable":true,"href":"https:\/\/guidetotheazores.pt\/pt-pt\/wp-json\/wp\/v2\/product_cat?post=24211"},{"taxonomy":"product_tag","embeddable":true,"href":"https:\/\/guidetotheazores.pt\/pt-pt\/wp-json\/wp\/v2\/product_tag?post=24211"}],"curies":[{"name":"wp","href":"https:\/\/api.w.org\/{rel}","templated":true}]}}