{"id":24266,"date":"2026-05-07T07:18:26","date_gmt":"2026-05-07T08:18:26","guid":{"rendered":"https:\/\/guidetotheazores.pt\/product\/tour-safari-4x4-lago-de-fogo-meio-dia\/"},"modified":"2026-05-07T07:18:26","modified_gmt":"2026-05-07T08:18:26","slug":"tour-safari-4x4-lago-de-fogo-meio-dia","status":"publish","type":"product","link":"https:\/\/guidetotheazores.pt\/pt-pt\/produto\/tour-safari-4x4-lago-de-fogo-meio-dia\/","title":{"rendered":"Tour Safari 4&#215;4 &#8211; Lago de Fogo | Meio Dia"},"content":{"rendered":"<div class=\"subsection\" data-v-68eac83b=\"\">\n<div class=\"content-builder-markdown-view\" data-v-316d1a1e=\"\" data-v-68eac83b=\"\">\n<p>Descobre o cora\u00e7\u00e3o de S\u00e3o Miguel neste emocionante passeio de jipe pela Lagoa do Fogo, onde paisagens de cortar a respira\u00e7\u00e3o e j\u00f3ias escondidas esperam por ti. Ao contr\u00e1rio dos passeios convencionais, esta aventura leva-te para fora das estradas convencionais para conheceres de perto as maravilhas geot\u00e9rmicas e a natureza intocada da ilha.<br \/>\nPartindo de Ponta Delgada, viajamos ao longo da costa sul, passando por praias vulc\u00e2nicas e pelas \u00e1guas azuis cintilantes do mar dos A\u00e7ores. A nossa primeira paragem \u00e9 na F\u00e1brica de Cer\u00e2mica Vieira, onde poder\u00e1s testemunhar o artesanato tradicional da olaria de barro, conhecida como Lou\u00e7a da Lagoa.<br \/>\nEm seguida, dirigimo-nos \u00e0 Praia de Santa B\u00e1rbara, uma impressionante costa de areia preta e um destino de surf de classe mundial. Continuando para a Ribeira Grande, exploramos o seu encantador centro hist\u00f3rico antes de seguirmos para o miradouro da Ponta do Cintr\u00e3o, que oferece uma vista dram\u00e1tica da costa norte da ilha e das suas majestosas fal\u00e9sias.<br \/>\nA partir daqui, a verdadeira aventura come\u00e7a com a subida \u00e0 montanha da Lagoa do Fogo, percorrendo trilhos de terra batida e caminhos de jipe. Pelo caminho, fazemos uma paragem opcional no Parque Natural da Caldeira Velha, um ref\u00fagio exuberante de flora end\u00e9mica, onde podes relaxar nas suas piscinas termais naturais, aquecidas a uns relaxantes 38\u00b0C.<br \/>\nFinalmente, chegamos \u00e0 ic\u00f3nica Lagoa do Fogo, uma das mais deslumbrantes maravilhas naturais de S\u00e3o Miguel e uma reserva protegida desde 1974. Do Pico da Barrosa, desfruta de uma vista panor\u00e2mica sobre a cratera da lagoa e as paisagens que se estendem at\u00e9 \u00e0 costa sul.<br \/>\nEste passeio de jipe imersivo promete uma viagem inesquec\u00edvel, misturando aventura, natureza e cultura &#8211; tudo na companhia dos nossos guias especializados, garantindo uma experi\u00eancia que n\u00e3o esquecer\u00e1s!     <\/p>\n<\/div>\n<\/div>\n<div class=\"subsection\" data-v-68eac83b=\"\"><span class=\"fh-text fh-text--body-lg fh-text--bold block\" data-v-3872b9c5=\"\" data-v-68eac83b=\"\">O que est\u00e1 inclu\u00eddo<\/span><\/p>\n<div class=\"content-builder-markdown-view\" data-v-316d1a1e=\"\" data-v-68eac83b=\"\">\n<ul>\n<li>Os pre\u00e7os incluem guia<\/li>\n<li>Operador tur\u00edstico licenciado<\/li>\n<li>Seguro de responsabilidade civil e profissional<\/li>\n<\/ul>\n<\/div>\n<\/div>\n<div class=\"subsection\" data-v-68eac83b=\"\"><span class=\"fh-text fh-text--body-lg fh-text--bold block\" data-v-3872b9c5=\"\" data-v-68eac83b=\"\">Itiner\u00e1rio<\/span><\/p>\n<div class=\"content-builder-markdown-view\" data-v-316d1a1e=\"\" data-v-68eac83b=\"\">\n<ul>\n<li>Ponta Delgada<\/li>\n<li>Cer\u00e2mica Vieira (Opcional)<\/li>\n<li>Miradouro do Pico da Barrosa<\/li>\n<li>Miradouro da Lagoa do Fogo<\/li>\n<li>Centro de Interpreta\u00e7\u00e3o Ambiental Caldeira Velha (Opcional)<\/li>\n<li>Ponta do Cintr\u00e3o<\/li>\n<li>Degusta\u00e7\u00e3o de Licores (Opcional)<\/li>\n<li>Ponta Delgada<\/li>\n<\/ul>\n<\/div>\n<\/div>\n","protected":false},"excerpt":{"rendered":"<p>Descobre o cora\u00e7\u00e3o de S\u00e3o Miguel neste emocionante passeio de jipe pela Lagoa do Fogo, onde paisagens de cortar a respira\u00e7\u00e3o e j\u00f3ias escondidas te esperam. Ao contr\u00e1rio dos passeios convencionais, esta aventura leva-te para fora das estradas convencionais para conheceres de perto as maravilhas geot\u00e9rmicas e a natureza intocada da ilha.<br \/>\n&nbsp;<\/p>\n<p><script src=\"https:\/\/fareharbor.com\/embeds\/script\/calendar\/azorestrailsofnature\/items\/179069\/?asn=fhdn-eur&amp;asn-ref=guidetotheazores&amp;ref=guidetotheazores&amp;bookable-only=yes&amp;full-items=yes&amp;marketplace=yes&amp;flow=no&amp;branding=no\"><\/script><\/p>\n<p>Dura\u00e7\u00e3o &#8211; Cerca de 3,5 horas<br \/>\nPonto de encontro &#8211; Recolha e entrega no hotel em Ponta Delgada<\/p>\n","protected":false},"featured_media":24247,"comment_status":"closed","ping_status":"closed","template":"","meta":{"_acf_changed":false},"product_brand":[],"product_cat":[539,19306,556,547],"product_tag":[19324],"class_list":{"0":"post-24266","1":"product","2":"type-product","3":"status-publish","4":"has-post-thumbnail","6":"product_cat-atividades-pt-pt","7":"product_cat-sao-miguel-pt-pt","8":"product_cat-todas-as-ilhas","9":"product_cat-visitas-guiadas","10":"product_tag-ilhasaomiguel","12":"first","13":"instock","14":"taxable","15":"shipping-taxable","16":"product-type-external"},"acf":[],"_links":{"self":[{"href":"https:\/\/guidetotheazores.pt\/pt-pt\/wp-json\/wp\/v2\/product\/24266","targetHints":{"allow":["GET"]}}],"collection":[{"href":"https:\/\/guidetotheazores.pt\/pt-pt\/wp-json\/wp\/v2\/product"}],"about":[{"href":"https:\/\/guidetotheazores.pt\/pt-pt\/wp-json\/wp\/v2\/types\/product"}],"replies":[{"embeddable":true,"href":"https:\/\/guidetotheazores.pt\/pt-pt\/wp-json\/wp\/v2\/comments?post=24266"}],"wp:featuredmedia":[{"embeddable":true,"href":"https:\/\/guidetotheazores.pt\/pt-pt\/wp-json\/wp\/v2\/media\/24247"}],"wp:attachment":[{"href":"https:\/\/guidetotheazores.pt\/pt-pt\/wp-json\/wp\/v2\/media?parent=24266"}],"wp:term":[{"taxonomy":"product_brand","embeddable":true,"href":"https:\/\/guidetotheazores.pt\/pt-pt\/wp-json\/wp\/v2\/product_brand?post=24266"},{"taxonomy":"product_cat","embeddable":true,"href":"https:\/\/guidetotheazores.pt\/pt-pt\/wp-json\/wp\/v2\/product_cat?post=24266"},{"taxonomy":"product_tag","embeddable":true,"href":"https:\/\/guidetotheazores.pt\/pt-pt\/wp-json\/wp\/v2\/product_tag?post=24266"}],"curies":[{"name":"wp","href":"https:\/\/api.w.org\/{rel}","templated":true}]}}