{"id":24274,"date":"2026-05-07T08:06:38","date_gmt":"2026-05-07T09:06:38","guid":{"rendered":"https:\/\/guidetotheazores.pt\/?post_type=product&#038;p=24274"},"modified":"2026-05-07T11:01:27","modified_gmt":"2026-05-07T12:01:27","slug":"subida-diurna-a-montanha-do-pico-copy","status":"publish","type":"product","link":"https:\/\/guidetotheazores.pt\/pt-pt\/produto\/subida-diurna-a-montanha-do-pico-copy\/","title":{"rendered":"Subida ao Monte Pico ao p\u00f4r do sol"},"content":{"rendered":"<div class=\"flex justify-between py-4 cursor-pointer\" data-v-c46ac7a2=\"\">\n<div class=\"heading-left\" data-v-c46ac7a2=\"\">\n<div class=\"fh-title fh-title--display-xl\" data-v-9d6554c3=\"\" data-v-c46ac7a2=\"\">\n<h1 class=\"fh-text fh-text--display-xl fh-text--medium\" data-v-3872b9c5=\"\" data-v-9d6554c3=\"\">Detalhes da atividade<\/h1>\n<\/div>\n<\/div>\n<div data-v-c46ac7a2=\"\">\n<div class=\"subsection\" data-v-68eac83b=\"\">\n<div class=\"content-builder-markdown-view\" data-v-316d1a1e=\"\" data-v-68eac83b=\"\">\n<p>Embarca numa aventura inesquec\u00edvel at\u00e9 ao topo do pico mais alto de Portugal, enquanto o sol se p\u00f5e no Atl\u00e2ntico. Sobe por entre paisagens vulc\u00e2nicas banhadas por uma luz dourada, chegando ao topo mesmo a tempo de desfrutar de vistas panor\u00e2micas de cortar a respira\u00e7\u00e3o. Uma experi\u00eancia m\u00e1gica que combina desafio, beleza e a emo\u00e7\u00e3o de conquistar o Monte Pico sob o c\u00e9u noturno.<\/p>\n<\/div>\n<\/div>\n<div class=\"subsection\" data-v-68eac83b=\"\">\n<p><span class=\"fh-text fh-text--body-lg fh-text--bold block\" data-v-3872b9c5=\"\" data-v-68eac83b=\"\">O que est\u00e1 inclu\u00eddo<\/span><\/p>\n<div class=\"content-builder-markdown-view\" data-v-316d1a1e=\"\" data-v-68eac83b=\"\">\n<ul>\n<li>Guia certificado do Monte Pico<\/li>\n<li>Taxa de acesso \u00e0 Reserva Natural do Monte Pico<\/li>\n<li>Bast\u00f5es de caminhada<\/li>\n<li>Farol<\/li>\n<li>Crampons (inverno)<\/li>\n<li>Subida do manual informativo<\/li>\n<li>Seguro de acidentes pessoais<\/li>\n<li>Certificado de conclus\u00e3o de escalada<\/li>\n<\/ul>\n<\/div>\n<\/div>\n<div class=\"subsection\" data-v-68eac83b=\"\">\n<p><span class=\"fh-text fh-text--body-lg fh-text--bold block\" data-v-3872b9c5=\"\" data-v-68eac83b=\"\">O que n\u00e3o est\u00e1 inclu\u00eddo<\/span><\/p>\n<div class=\"content-builder-markdown-view\" data-v-316d1a1e=\"\" data-v-68eac83b=\"\">\n<ul>\n<li>Transfer do escrit\u00f3rio do Tripix na Madalena &#8211; Casa da Montanha<\/li>\n<li>Escrit\u00f3rio Tripix na Madalena mediante pedido e sujeito a disponibilidade<\/li>\n<li>Esta atividade n\u00e3o inclui refei\u00e7\u00f5es<\/li>\n<li>Lancheiras a pedido<\/li>\n<\/ul>\n<\/div>\n<\/div>\n<div class=\"subsection\" data-v-68eac83b=\"\">\n<p><span class=\"fh-text fh-text--body-lg fh-text--bold block\" data-v-3872b9c5=\"\" data-v-68eac83b=\"\">Destaques<\/span><\/p>\n<div class=\"content-builder-markdown-view\" data-v-316d1a1e=\"\" data-v-68eac83b=\"\">\n<ul>\n<li>Atividade de alpinismo<\/li>\n<li>N\u00edvel de dificuldade muito elevado<\/li>\n<li>Altitude m\u00e1xima: 2.351 m \/ 7.713 p\u00e9s<\/li>\n<li>Nasce o sol no cume<\/li>\n<li>Experi\u00eancia de turismo ativo e de aventura<\/li>\n<li>Descobre a vulcanologia<\/li>\n<\/ul>\n<\/div>\n<\/div>\n<\/div>\n<\/div>\n","protected":false},"excerpt":{"rendered":"<p>Embarca numa aventura inesquec\u00edvel at\u00e9 ao topo do pico mais alto de Portugal, enquanto o sol se p\u00f5e no Atl\u00e2ntico. Sobe por entre paisagens vulc\u00e2nicas banhadas por uma luz dourada, chegando ao topo mesmo a tempo de desfrutar de vistas panor\u00e2micas de cortar a respira\u00e7\u00e3o. Uma experi\u00eancia m\u00e1gica que combina desafio, beleza e a emo\u00e7\u00e3o de conquistar o Monte Pico sob o c\u00e9u noturno.<\/p>\n<p>&nbsp;<\/p>\n<p><script src=\"https:\/\/fareharbor.com\/embeds\/script\/calendar\/tripixazores\/items\/614398\/?asn=fhdn-eur&amp;asn-ref=guidetotheazores&amp;ref=guidetotheazores&amp;bookable-only=yes&amp;full-items=yes&amp;marketplace=yes&amp;flow=no&amp;branding=no\"><\/script><\/p>\n<p>Dura\u00e7\u00e3o &#8211; 10 a 12 horas<br \/>\nPonto de encontro &#8211; Casa da Montanha<br \/>\nIdade &#8211; 12+<\/p>\n","protected":false},"featured_media":24280,"comment_status":"closed","ping_status":"closed","template":"","meta":{"_acf_changed":false},"product_brand":[],"product_cat":[539,548,19262,556],"product_tag":[19327],"class_list":{"0":"post-24274","1":"product","2":"type-product","3":"status-publish","4":"has-post-thumbnail","6":"product_cat-atividades-pt-pt","7":"product_cat-caminhadas","8":"product_cat-pico-pt-pt","9":"product_cat-todas-as-ilhas","10":"product_tag-ilhadopico","12":"first","13":"instock","14":"taxable","15":"shipping-taxable","16":"product-type-external"},"acf":[],"_links":{"self":[{"href":"https:\/\/guidetotheazores.pt\/pt-pt\/wp-json\/wp\/v2\/product\/24274","targetHints":{"allow":["GET"]}}],"collection":[{"href":"https:\/\/guidetotheazores.pt\/pt-pt\/wp-json\/wp\/v2\/product"}],"about":[{"href":"https:\/\/guidetotheazores.pt\/pt-pt\/wp-json\/wp\/v2\/types\/product"}],"replies":[{"embeddable":true,"href":"https:\/\/guidetotheazores.pt\/pt-pt\/wp-json\/wp\/v2\/comments?post=24274"}],"wp:featuredmedia":[{"embeddable":true,"href":"https:\/\/guidetotheazores.pt\/pt-pt\/wp-json\/wp\/v2\/media\/24280"}],"wp:attachment":[{"href":"https:\/\/guidetotheazores.pt\/pt-pt\/wp-json\/wp\/v2\/media?parent=24274"}],"wp:term":[{"taxonomy":"product_brand","embeddable":true,"href":"https:\/\/guidetotheazores.pt\/pt-pt\/wp-json\/wp\/v2\/product_brand?post=24274"},{"taxonomy":"product_cat","embeddable":true,"href":"https:\/\/guidetotheazores.pt\/pt-pt\/wp-json\/wp\/v2\/product_cat?post=24274"},{"taxonomy":"product_tag","embeddable":true,"href":"https:\/\/guidetotheazores.pt\/pt-pt\/wp-json\/wp\/v2\/product_tag?post=24274"}],"curies":[{"name":"wp","href":"https:\/\/api.w.org\/{rel}","templated":true}]}}