{"id":24296,"date":"2026-05-07T11:52:20","date_gmt":"2026-05-07T12:52:20","guid":{"rendered":"https:\/\/guidetotheazores.pt\/?post_type=product&#038;p=24296"},"modified":"2026-05-08T05:21:43","modified_gmt":"2026-05-08T06:21:43","slug":"mergulho-costeiro-copy","status":"publish","type":"product","link":"https:\/\/guidetotheazores.pt\/pt-pt\/produto\/mergulho-costeiro-copy\/","title":{"rendered":"Snorkelling costeiro"},"content":{"rendered":"<p>Os A\u00e7ores s\u00e3o, sem d\u00favida, um dos melhores destinos de mergulho e snorkeling do Atl\u00e2ntico. A nossa \u00e9poca de mergulho e snorkelling decorre de abril a outubro. Os nossos locais de mergulho s\u00e3o muito diversificados e podem satisfazer todas as prefer\u00eancias e n\u00edveis de experi\u00eancia, com mais de 20 locais entre as ilhas do Faial e do Pico.  <\/p>\n<p>Os locais de mergulho-snorkellink mais comuns situam-se na reserva marinha do Monte da Guia, na ilha do Faial. Para chegar ao local usamos sempre um barco semirr\u00edgido, pois fica a cerca de 5 minutos da nossa base.  A temperatura das nossas \u00e1guas varia entre os 20-24\u00baC nos meses de ver\u00e3o, pelo que um fato de mergulho de 5mm ou 7mm \u00e9 normalmente suficiente.<\/p>\n<p>A vida marinha nas ilhas do Faial e do Pico \u00e9 fant\u00e1stica! Entre as rochas, poder\u00e1s observar curiosos peixes-c\u00e3o (Balistes carolinensis), garoupas (Epinephelus marginatus), focas (Sparisoma cretense), polvos e moreias, bem como pequenas esp\u00e9cies como coloridos nudibr\u00e2nquios, entre outros. <\/p>\n<p>&nbsp;<\/p>\n","protected":false},"excerpt":{"rendered":"<p>Os A\u00e7ores s\u00e3o, sem d\u00favida, um dos melhores destinos de mergulho e snorkeling do Atl\u00e2ntico. A nossa \u00e9poca de mergulho e snorkelling decorre de abril a outubro. Os nossos locais de mergulho s\u00e3o muito diversificados e podem satisfazer todas as prefer\u00eancias e n\u00edveis de experi\u00eancia, com mais de 20 locais entre as ilhas do Faial e do Pico.  <\/p>\n<p>&nbsp;<\/p>\n<p><script src=\"https:\/\/fareharbor.com\/embeds\/script\/calendar\/norbertodiver\/items\/189742\/?asn=fhdn-eur&amp;asn-ref=guidetotheazores&amp;ref=guidetotheazores&amp;bookable-only=yes&amp;full-items=yes&amp;marketplace=yes&amp;flow=no&amp;branding=no\"><\/script><\/p>\n<p>&nbsp;<\/p>\n","protected":false},"featured_media":24313,"comment_status":"closed","ping_status":"closed","template":"","meta":{"_acf_changed":false},"product_brand":[],"product_cat":[539,535,19314,556],"product_tag":[19333],"class_list":{"0":"post-24296","1":"product","2":"type-product","3":"status-publish","4":"has-post-thumbnail","6":"product_cat-atividades-pt-pt","7":"product_cat-faial-pt-pt","8":"product_cat-snorkeling-pt-pt","9":"product_cat-todas-as-ilhas","10":"product_tag-ilhadofaial","12":"first","13":"instock","14":"taxable","15":"shipping-taxable","16":"product-type-external"},"acf":[],"_links":{"self":[{"href":"https:\/\/guidetotheazores.pt\/pt-pt\/wp-json\/wp\/v2\/product\/24296","targetHints":{"allow":["GET"]}}],"collection":[{"href":"https:\/\/guidetotheazores.pt\/pt-pt\/wp-json\/wp\/v2\/product"}],"about":[{"href":"https:\/\/guidetotheazores.pt\/pt-pt\/wp-json\/wp\/v2\/types\/product"}],"replies":[{"embeddable":true,"href":"https:\/\/guidetotheazores.pt\/pt-pt\/wp-json\/wp\/v2\/comments?post=24296"}],"wp:featuredmedia":[{"embeddable":true,"href":"https:\/\/guidetotheazores.pt\/pt-pt\/wp-json\/wp\/v2\/media\/24313"}],"wp:attachment":[{"href":"https:\/\/guidetotheazores.pt\/pt-pt\/wp-json\/wp\/v2\/media?parent=24296"}],"wp:term":[{"taxonomy":"product_brand","embeddable":true,"href":"https:\/\/guidetotheazores.pt\/pt-pt\/wp-json\/wp\/v2\/product_brand?post=24296"},{"taxonomy":"product_cat","embeddable":true,"href":"https:\/\/guidetotheazores.pt\/pt-pt\/wp-json\/wp\/v2\/product_cat?post=24296"},{"taxonomy":"product_tag","embeddable":true,"href":"https:\/\/guidetotheazores.pt\/pt-pt\/wp-json\/wp\/v2\/product_tag?post=24296"}],"curies":[{"name":"wp","href":"https:\/\/api.w.org\/{rel}","templated":true}]}}