{"id":24302,"date":"2026-05-07T12:03:20","date_gmt":"2026-05-07T13:03:20","guid":{"rendered":"https:\/\/guidetotheazores.pt\/?post_type=product&#038;p=24302"},"modified":"2026-05-08T05:21:42","modified_gmt":"2026-05-08T06:21:42","slug":"snorkelling-costeiro-copy","status":"publish","type":"product","link":"https:\/\/guidetotheazores.pt\/pt-pt\/produto\/snorkelling-costeiro-copy\/","title":{"rendered":"Batismo de mergulho"},"content":{"rendered":"<p>Se estiveres num local onde o mergulho \u00e9 uma das actividades mais populares, porque n\u00e3o experiment\u00e1-lo? Nunca esquecer\u00e1s a primeira respira\u00e7\u00e3o debaixo de \u00e1gua! <\/p>\n<p>Ainda em terra, ter\u00e1s uma r\u00e1pida aula sobre o funcionamento de todo o equipamento e os sinais utilizados para a comunica\u00e7\u00e3o subaqu\u00e1tica. Depois disso, mergulhar\u00e1s com um guia de mergulho sempre ao teu lado, cuidando de ti em todas as etapas do mergulho. <\/p>\n<p>Os A\u00e7ores s\u00e3o, sem d\u00favida, um dos melhores destinos para a <strong>pr\u00e1tica de mergulho <\/strong>em todo o Atl\u00e2ntico. A nossa \u00e9poca de mergulho decorre de abril a outubro. Oferecemos mais de 20 locais de mergulho diferentes nas ilhas do Faial e do Pico para cobrir todas as prefer\u00eancias e n\u00edveis de experi\u00eancia.  <\/p>\n<p>Normalmente mergulhamos \u00e0 volta da \u00e1rea marinha protegida do Monte da Guia, onde se situa a maioria dos nossos spots. Para l\u00e1 chegarmos, usamos os nossos zodiacs. Estes est\u00e3o apenas a 5 &#8211; 15 minutos de dist\u00e2ncia do nosso centro de mergulho. A temperatura do mar varia entre 20-24\u00baC nos meses de ver\u00e3o, pelo que os fatos de mergulho de 5mm ou 7mm s\u00e3o adequados para a maioria dos mergulhadores.   <\/p>\n<p>A vida marinha costeira \u00e0 volta das ilhas do Faial e do Pico \u00e9 espantosa. Poder\u00e1s ver muitos curiosos peixes-porco<em>(Balistes carolinensis<\/em>), grandes meros<em>(Epinephelus marginatus<\/em>), bodi\u00f5es<em>(Sparisoma cretense<\/em>), polvos e moreias que se escondem entre as rochas, bem como v\u00e1rias esp\u00e9cies de pequenos e coloridos nudibr\u00e2nquios, entre outras esp\u00e9cies marinhas. <\/p>\n<p>&nbsp;<\/p>\n","protected":false},"excerpt":{"rendered":"<p>Se estiveres num local onde o mergulho \u00e9 uma das actividades mais populares, porque n\u00e3o experiment\u00e1-lo? Nunca esquecer\u00e1s a primeira respira\u00e7\u00e3o debaixo de \u00e1gua! <\/p>\n<p>Ainda em terra, ter\u00e1s uma r\u00e1pida aula sobre o funcionamento de todo o equipamento e os sinais utilizados para a comunica\u00e7\u00e3o subaqu\u00e1tica. Depois disso, mergulhar\u00e1s com um guia de mergulho sempre ao teu lado, cuidando de ti em todas as etapas do mergulho. <\/p>\n<p>&nbsp;<\/p>\n<p><script src=\"https:\/\/fareharbor.com\/embeds\/script\/calendar\/norbertodiver\/items\/189757\/?asn=fhdn-eur&amp;asn-ref=guidetotheazores&amp;ref=guidetotheazores&amp;bookable-only=yes&amp;full-items=yes&amp;marketplace=yes&amp;flow=no&amp;branding=no\"><\/script><\/p>\n<p>&nbsp;<\/p>\n","protected":false},"featured_media":24318,"comment_status":"closed","ping_status":"closed","template":"","meta":{"_acf_changed":false},"product_brand":[],"product_cat":[539,535,544,556],"product_tag":[19333],"class_list":{"0":"post-24302","1":"product","2":"type-product","3":"status-publish","4":"has-post-thumbnail","6":"product_cat-atividades-pt-pt","7":"product_cat-faial-pt-pt","8":"product_cat-mergulhar","9":"product_cat-todas-as-ilhas","10":"product_tag-ilhadofaial","12":"first","13":"instock","14":"taxable","15":"shipping-taxable","16":"product-type-external"},"acf":[],"_links":{"self":[{"href":"https:\/\/guidetotheazores.pt\/pt-pt\/wp-json\/wp\/v2\/product\/24302","targetHints":{"allow":["GET"]}}],"collection":[{"href":"https:\/\/guidetotheazores.pt\/pt-pt\/wp-json\/wp\/v2\/product"}],"about":[{"href":"https:\/\/guidetotheazores.pt\/pt-pt\/wp-json\/wp\/v2\/types\/product"}],"replies":[{"embeddable":true,"href":"https:\/\/guidetotheazores.pt\/pt-pt\/wp-json\/wp\/v2\/comments?post=24302"}],"wp:featuredmedia":[{"embeddable":true,"href":"https:\/\/guidetotheazores.pt\/pt-pt\/wp-json\/wp\/v2\/media\/24318"}],"wp:attachment":[{"href":"https:\/\/guidetotheazores.pt\/pt-pt\/wp-json\/wp\/v2\/media?parent=24302"}],"wp:term":[{"taxonomy":"product_brand","embeddable":true,"href":"https:\/\/guidetotheazores.pt\/pt-pt\/wp-json\/wp\/v2\/product_brand?post=24302"},{"taxonomy":"product_cat","embeddable":true,"href":"https:\/\/guidetotheazores.pt\/pt-pt\/wp-json\/wp\/v2\/product_cat?post=24302"},{"taxonomy":"product_tag","embeddable":true,"href":"https:\/\/guidetotheazores.pt\/pt-pt\/wp-json\/wp\/v2\/product_tag?post=24302"}],"curies":[{"name":"wp","href":"https:\/\/api.w.org\/{rel}","templated":true}]}}