{"id":24726,"date":"2026-05-09T06:31:05","date_gmt":"2026-05-09T07:31:05","guid":{"rendered":"https:\/\/guidetotheazores.pt\/product\/observacao-de-baleias-no-faial\/"},"modified":"2026-05-09T06:31:05","modified_gmt":"2026-05-09T07:31:05","slug":"observacao-de-baleias-no-faial","status":"publish","type":"product","link":"https:\/\/guidetotheazores.pt\/pt-pt\/produto\/observacao-de-baleias-no-faial\/","title":{"rendered":"Observa\u00e7\u00e3o de baleias no Faial"},"content":{"rendered":"<div class=\"flex justify-between py-4 cursor-pointer\" data-v-c46ac7a2=\"\">\n<div class=\"heading-left\" data-v-c46ac7a2=\"\">\n<div class=\"fh-title fh-title--display-xl\" data-v-9d6554c3=\"\" data-v-c46ac7a2=\"\">\n<h1 class=\"fh-text fh-text--display-xl fh-text--medium\" data-v-3872b9c5=\"\" data-v-9d6554c3=\"\">Detalhes da atividade<\/h1>\n<\/div>\n<\/div>\n<div data-v-c46ac7a2=\"\">Parte para as \u00e1guas azuis profundas dos A\u00e7ores para uma experi\u00eancia de observa\u00e7\u00e3o de baleias verdadeiramente inesquec\u00edvel. Descobre a beleza destas majestosas criaturas no seu habitat natural, enquanto aprendes sobre o seu comportamento e conserva\u00e7\u00e3o. Uma oportunidade \u00fanica de te ligares ao oceano e \u00e0 sua incr\u00edvel vida selvagem, perfeita para quem procura uma aventura na natureza.  <\/div>\n<\/div>\n<div class=\"content pb-4\" data-v-c46ac7a2=\"\">\n<div class=\"subsection\" data-v-a5b16f77=\"\">\n<div class=\"block\" data-v-a5b16f77=\"\"><span class=\"fh-text fh-text--body-lg fh-text--bold\" data-v-3872b9c5=\"\" data-v-a5b16f77=\"\">O que est\u00e1 inclu\u00eddo<\/span><\/div>\n<div class=\"content-builder-markdown-view\" data-v-316d1a1e=\"\" data-v-a5b16f77=\"\">\n<ul>\n<li>Briefing e debriefing<\/li>\n<li>Investigador marinho a bordo<\/li>\n<li>Bin\u00f3culos<\/li>\n<li>Roupa imperme\u00e1vel<\/li>\n<li>Colete salva-vidas<\/li>\n<li>Seguro de acidentes pessoais<\/li>\n<\/ul>\n<\/div>\n<\/div>\n<div class=\"subsection\" data-v-a5b16f77=\"\">\n<div class=\"block\" data-v-a5b16f77=\"\"><span class=\"fh-text fh-text--body-lg fh-text--bold\" data-v-3872b9c5=\"\" data-v-a5b16f77=\"\">O que n\u00e3o est\u00e1 inclu\u00eddo<\/span><\/div>\n<div class=\"content-builder-markdown-view\" data-v-316d1a1e=\"\" data-v-a5b16f77=\"\">\n<ul>\n<li>Bilhetes para o ferry<\/li>\n<li>Refei\u00e7\u00f5es<\/li>\n<\/ul>\n<\/div>\n<\/div>\n<div class=\"subsection\" data-v-a5b16f77=\"\">\n<div class=\"block\" data-v-a5b16f77=\"\"><span class=\"fh-text fh-text--body-lg fh-text--bold\" data-v-3872b9c5=\"\" data-v-a5b16f77=\"\">Destaques<\/span><\/div>\n<div class=\"content-builder-markdown-view\" data-v-316d1a1e=\"\" data-v-a5b16f77=\"\">\n<ul>\n<li>Expedi\u00e7\u00f5es exclusivas com baleias e golfinhos<\/li>\n<li>Actividades de investiga\u00e7\u00e3o cient\u00edfica<\/li>\n<li>Pr\u00e1ticas sustent\u00e1veis e medidas de seguran\u00e7a<\/li>\n<\/ul>\n<\/div>\n<\/div>\n<\/div>\n","protected":false},"excerpt":{"rendered":"<p>Parte para as \u00e1guas azuis profundas dos A\u00e7ores para uma experi\u00eancia de observa\u00e7\u00e3o de baleias verdadeiramente inesquec\u00edvel. Descobre a beleza destas majestosas criaturas no seu habitat natural, enquanto aprendes sobre o seu comportamento e conserva\u00e7\u00e3o. Uma oportunidade \u00fanica para te ligares ao oceano e \u00e0 sua incr\u00edvel vida selvagem, perfeita para quem procura uma aventura na natureza.  <\/p>\n<p><script src=\"https:\/\/fareharbor.com\/embeds\/script\/calendar\/tripixazores\/items\/635024\/?asn=fhdn-eur&amp;asn-ref=guidetotheazores&amp;ref=guidetotheazores&amp;bookable-only=yes&amp;full-items=yes&amp;marketplace=yes&amp;flow=no&amp;branding=no\"><\/script><\/p>\n<div class=\"flex items-start gap-4 mb-4 last:mb-0\" data-v-a5b16f77=\"\">\n<div class=\"min-w-0 flex-1\"><span class=\"fh-text fh-text--body-sm fh-text--medium\" data-v-3872b9c5=\"\">Dura\u00e7\u00e3o: <\/span>4 horas<\/div>\n<\/div>\n<div class=\"flex items-start gap-4 mb-4 last:mb-0\" data-v-a5b16f77=\"\">\n<div class=\"mt-1 shrink-0\"><\/div>\n<div class=\"min-w-0 flex-1\"><span class=\"fh-text fh-text--body-sm fh-text--medium\" data-v-3872b9c5=\"\">Ponto de encontro: <\/span>A determinar<\/div>\n<\/div>\n<div class=\"flex items-start gap-4 mb-4 last:mb-0\" data-v-a5b16f77=\"\">\n<div class=\"mt-1 shrink-0\"><\/div>\n<div class=\"min-w-0 flex-1\"><span class=\"fh-text fh-text--body-sm fh-text--medium\" data-v-3872b9c5=\"\">Idade: <\/span>6+<\/div>\n<\/div>\n","protected":false},"featured_media":24672,"comment_status":"closed","ping_status":"closed","template":"","meta":{"_acf_changed":false},"product_brand":[],"product_cat":[539,535,552,556],"product_tag":[19333],"class_list":{"0":"post-24726","1":"product","2":"type-product","3":"status-publish","4":"has-post-thumbnail","6":"product_cat-atividades-pt-pt","7":"product_cat-faial-pt-pt","8":"product_cat-observacao-de-baleias","9":"product_cat-todas-as-ilhas","10":"product_tag-ilhadofaial","12":"first","13":"instock","14":"taxable","15":"shipping-taxable","16":"product-type-external"},"acf":[],"_links":{"self":[{"href":"https:\/\/guidetotheazores.pt\/pt-pt\/wp-json\/wp\/v2\/product\/24726","targetHints":{"allow":["GET"]}}],"collection":[{"href":"https:\/\/guidetotheazores.pt\/pt-pt\/wp-json\/wp\/v2\/product"}],"about":[{"href":"https:\/\/guidetotheazores.pt\/pt-pt\/wp-json\/wp\/v2\/types\/product"}],"replies":[{"embeddable":true,"href":"https:\/\/guidetotheazores.pt\/pt-pt\/wp-json\/wp\/v2\/comments?post=24726"}],"wp:featuredmedia":[{"embeddable":true,"href":"https:\/\/guidetotheazores.pt\/pt-pt\/wp-json\/wp\/v2\/media\/24672"}],"wp:attachment":[{"href":"https:\/\/guidetotheazores.pt\/pt-pt\/wp-json\/wp\/v2\/media?parent=24726"}],"wp:term":[{"taxonomy":"product_brand","embeddable":true,"href":"https:\/\/guidetotheazores.pt\/pt-pt\/wp-json\/wp\/v2\/product_brand?post=24726"},{"taxonomy":"product_cat","embeddable":true,"href":"https:\/\/guidetotheazores.pt\/pt-pt\/wp-json\/wp\/v2\/product_cat?post=24726"},{"taxonomy":"product_tag","embeddable":true,"href":"https:\/\/guidetotheazores.pt\/pt-pt\/wp-json\/wp\/v2\/product_tag?post=24726"}],"curies":[{"name":"wp","href":"https:\/\/api.w.org\/{rel}","templated":true}]}}