{"id":24733,"date":"2026-05-07T07:05:10","date_gmt":"2026-05-07T08:05:10","guid":{"rendered":"https:\/\/guidetotheazores.pt\/product\/furnas-com-almoco-incluido\/"},"modified":"2026-05-07T07:05:10","modified_gmt":"2026-05-07T08:05:10","slug":"furnas-com-almoco-incluido","status":"publish","type":"product","link":"https:\/\/guidetotheazores.pt\/pt-pt\/produto\/furnas-com-almoco-incluido\/","title":{"rendered":"Furnas com almo\u00e7o inclu\u00eddo"},"content":{"rendered":"<div class=\"flex justify-between py-4 cursor-pointer\" data-v-c46ac7a2=\"\">\n<div class=\"heading-left\" data-v-c46ac7a2=\"\">\n<div class=\"fh-title fh-title--display-xl\" data-v-9d6554c3=\"\" data-v-c46ac7a2=\"\">\n<h1 class=\"fh-text fh-text--display-xl fh-text--medium\" data-v-3872b9c5=\"\" data-v-9d6554c3=\"\">Detalhes da atividade<\/h1>\n<\/div>\n<\/div>\n<\/div>\n<div class=\"content pb-4\" data-v-c46ac7a2=\"\">\n<div class=\"subsection\" data-v-68eac83b=\"\">\n<div class=\"content-builder-markdown-view\" data-v-316d1a1e=\"\" data-v-68eac83b=\"\">\n<p>Descobre a costa sul da Ilha de S\u00e3o Miguel, apresentando paisagens como o Ilh\u00e9u de Vila Franca, (conhecido pelo mergulho Red Bull), prova as famosas Queijadas da Vila, e faz uma visita \u00e0 capela de Nossa Sra da Paz.<\/p>\n<p>Ao aproximares-te da pequena aldeia das Furnas, aprecia a tranquila Lagoa das Furnas, onde poder\u00e1s ver os reconhecidos vapores onde os habitantes locais preparam uma refei\u00e7\u00e3o conhecida como Cozido das Furnas, que ser\u00e1 oferecida aos clientes.<\/p>\n<p>Toma um banho quente e saud\u00e1vel, contido em seguran\u00e7a nas conhecidas Termas das Furnas, descontraindo-te por dentro, rodeado de paisagens \u00fanicas de um ambiente repousante e natural, que por sua vez, te encher\u00e1 o cora\u00e7\u00e3o de mem\u00f3rias dos A\u00e7ores.<\/p>\n<\/div>\n<\/div>\n<div class=\"subsection\" data-v-68eac83b=\"\"><span class=\"fh-text fh-text--body-lg fh-text--bold block\" data-v-3872b9c5=\"\" data-v-68eac83b=\"\">O que est\u00e1 inclu\u00eddo<\/span><\/p>\n<div class=\"content-builder-markdown-view\" data-v-316d1a1e=\"\" data-v-68eac83b=\"\">\n<ul>\n<li>Condutor apaixonado e cauteloso com um guia local<\/li>\n<li>Passeio guiado na natureza (adaptado \u00e0s capacidades dos passageiros da carrinha)<\/li>\n<li>Seguros<\/li>\n<li>Almo\u00e7o<\/li>\n<li>Recolha e entrega na cidade de Ponta Delgada<\/li>\n<\/ul>\n<\/div>\n<\/div>\n<div class=\"subsection\" data-v-68eac83b=\"\"><span class=\"fh-text fh-text--body-lg fh-text--bold block\" data-v-3872b9c5=\"\" data-v-68eac83b=\"\">O que n\u00e3o est\u00e1 inclu\u00eddo<\/span><\/p>\n<div class=\"content-builder-markdown-view\" data-v-316d1a1e=\"\" data-v-68eac83b=\"\">\n<ul>\n<li>Taxas de entrada<\/li>\n<\/ul>\n<\/div>\n<\/div>\n<\/div>\n","protected":false},"excerpt":{"rendered":"<p>Descobre a costa sul da Ilha de S\u00e3o Miguel, apresentando paisagens como o Ilh\u00e9u de Vila Franca, (conhecido pelo mergulho Red Bull), prova as famosas Queijadas da Vila, e faz uma visita \u00e0 capela de Nossa Sra da Paz.<\/p>\n<p><script src=\"https:\/\/fareharbor.com\/embeds\/script\/calendar\/intothewildazorestours\/items\/124741\/?asn=fhdn-eur&amp;asn-ref=guidetotheazores&amp;ref=guidetotheazores&amp;bookable-only=yes&amp;full-items=yes&amp;marketplace=yes&amp;flow=no&amp;branding=no\"><\/script><\/p>\n<p>Dura\u00e7\u00e3o &#8211; 8 horas<br \/>\nPonto de encontro &#8211; Pick up no Hotel<\/p>\n","protected":false},"featured_media":24222,"comment_status":"closed","ping_status":"closed","template":"","meta":{"_acf_changed":false},"product_brand":[],"product_cat":[539,19306,556,547],"product_tag":[19324],"class_list":{"0":"post-24733","1":"product","2":"type-product","3":"status-publish","4":"has-post-thumbnail","6":"product_cat-atividades-pt-pt","7":"product_cat-sao-miguel-pt-pt","8":"product_cat-todas-as-ilhas","9":"product_cat-visitas-guiadas","10":"product_tag-ilhasaomiguel","12":"first","13":"instock","14":"taxable","15":"shipping-taxable","16":"product-type-external"},"acf":[],"_links":{"self":[{"href":"https:\/\/guidetotheazores.pt\/pt-pt\/wp-json\/wp\/v2\/product\/24733","targetHints":{"allow":["GET"]}}],"collection":[{"href":"https:\/\/guidetotheazores.pt\/pt-pt\/wp-json\/wp\/v2\/product"}],"about":[{"href":"https:\/\/guidetotheazores.pt\/pt-pt\/wp-json\/wp\/v2\/types\/product"}],"replies":[{"embeddable":true,"href":"https:\/\/guidetotheazores.pt\/pt-pt\/wp-json\/wp\/v2\/comments?post=24733"}],"wp:featuredmedia":[{"embeddable":true,"href":"https:\/\/guidetotheazores.pt\/pt-pt\/wp-json\/wp\/v2\/media\/24222"}],"wp:attachment":[{"href":"https:\/\/guidetotheazores.pt\/pt-pt\/wp-json\/wp\/v2\/media?parent=24733"}],"wp:term":[{"taxonomy":"product_brand","embeddable":true,"href":"https:\/\/guidetotheazores.pt\/pt-pt\/wp-json\/wp\/v2\/product_brand?post=24733"},{"taxonomy":"product_cat","embeddable":true,"href":"https:\/\/guidetotheazores.pt\/pt-pt\/wp-json\/wp\/v2\/product_cat?post=24733"},{"taxonomy":"product_tag","embeddable":true,"href":"https:\/\/guidetotheazores.pt\/pt-pt\/wp-json\/wp\/v2\/product_tag?post=24733"}],"curies":[{"name":"wp","href":"https:\/\/api.w.org\/{rel}","templated":true}]}}