{"id":24750,"date":"2026-05-09T05:56:39","date_gmt":"2026-05-09T06:56:39","guid":{"rendered":"https:\/\/guidetotheazores.pt\/product\/passeio-de-dia-inteiro-a-sao-jorge\/"},"modified":"2026-05-09T05:56:39","modified_gmt":"2026-05-09T06:56:39","slug":"passeio-de-dia-inteiro-a-sao-jorge","status":"publish","type":"product","link":"https:\/\/guidetotheazores.pt\/pt-pt\/produto\/passeio-de-dia-inteiro-a-sao-jorge\/","title":{"rendered":"Passeio de dia inteiro a S\u00e3o Jorge"},"content":{"rendered":"<div class=\"flex justify-between py-4 cursor-pointer\" data-v-c46ac7a2=\"\">\n<div class=\"heading-left\" data-v-c46ac7a2=\"\">\n<div class=\"fh-title fh-title--display-xl\" data-v-9d6554c3=\"\" data-v-c46ac7a2=\"\">\n<h1 class=\"fh-text fh-text--display-xl fh-text--medium\" data-v-3872b9c5=\"\" data-v-9d6554c3=\"\">Detalhes da atividade<\/h1>\n<\/div>\n<\/div>\n<div data-v-c46ac7a2=\"\"><\/div>\n<\/div>\n<div class=\"content pb-4\" data-v-c46ac7a2=\"\">\n<div class=\"subsection\" data-v-a5b16f77=\"\">\n<div class=\"content-builder-markdown-view\" data-v-316d1a1e=\"\" data-v-a5b16f77=\"\">\n<p>Descobre a beleza selvagem de S\u00e3o Jorge, onde as dram\u00e1ticas faj\u00e3s se encontram com o Atl\u00e2ntico em paisagens de cortar a respira\u00e7\u00e3o. Saboreia o seu famoso queijo, explora a maior planta\u00e7\u00e3o de caf\u00e9 da Europa e mergulha na rica cultura da ilha. Espera-te uma viagem inesquec\u00edvel pela natureza, pelos sabores e pela tradi\u00e7\u00e3o.  <\/p>\n<\/div>\n<\/div>\n<div class=\"subsection\" data-v-a5b16f77=\"\">\n<div class=\"block\" data-v-a5b16f77=\"\"><span class=\"fh-text fh-text--body-lg fh-text--bold\" data-v-3872b9c5=\"\" data-v-a5b16f77=\"\">O que est\u00e1 inclu\u00eddo<\/span><\/div>\n<div class=\"content-builder-markdown-view\" data-v-316d1a1e=\"\" data-v-a5b16f77=\"\">\n<p>\u2714 Guia profissional<br \/>\n\u2714 Transporte terrestre<br \/>\n\u2714 Almo\u00e7o no restaurante<br \/>\n\u2714 Prova de queijo de S\u00e3o Jorge (f\u00e1brica encerrada aos fins-de-semana e feriados)<br \/>\n\u2714 Visita \u00e0 Igreja das Manadas (encerrada \u00e0s segundas-feiras e domingos de manh\u00e3 &#8211; hor\u00e1rio de culto)<br \/>\n\u2714 Seguro de Acidentes Pessoais Allianz\u00ae.<\/p>\n<\/div>\n<\/div>\n<div class=\"subsection\" data-v-a5b16f77=\"\">\n<div class=\"block\" data-v-a5b16f77=\"\"><span class=\"fh-text fh-text--body-lg fh-text--bold\" data-v-3872b9c5=\"\" data-v-a5b16f77=\"\">O que n\u00e3o est\u00e1 inclu\u00eddo<\/span><\/div>\n<div class=\"content-builder-markdown-view\" data-v-316d1a1e=\"\" data-v-a5b16f77=\"\">\n<p>x Bilhetes de ferry<br \/>\nx Recolha e entrega de passageiros dispon\u00edveis mediante pedido e sujeitos a disponibilidade<\/p>\n<\/div>\n<\/div>\n<div class=\"subsection\" data-v-a5b16f77=\"\">\n<div class=\"block\" data-v-a5b16f77=\"\"><span class=\"fh-text fh-text--body-lg fh-text--bold\" data-v-3872b9c5=\"\" data-v-a5b16f77=\"\">Destaques<\/span><\/div>\n<div class=\"content-builder-markdown-view\" data-v-316d1a1e=\"\" data-v-a5b16f77=\"\">\n<ul>\n<li>Queijo S\u00e3o Jorge<\/li>\n<li>Faj\u00e3s de lava<\/li>\n<li>Paisagens naturais<\/li>\n<li>Pontos secretos<\/li>\n<\/ul>\n<\/div>\n<\/div>\n<\/div>\n","protected":false},"excerpt":{"rendered":"<p>Descobre a beleza selvagem de S\u00e3o Jorge, onde as dram\u00e1ticas faj\u00e3s se encontram com o Atl\u00e2ntico em paisagens de cortar a respira\u00e7\u00e3o. Saboreia o seu famoso queijo, explora a maior planta\u00e7\u00e3o de caf\u00e9 da Europa e mergulha na rica cultura da ilha. Espera-te uma viagem inesquec\u00edvel pela natureza, pelos sabores e pela tradi\u00e7\u00e3o.  <\/p>\n<p><script src=\"https:\/\/fareharbor.com\/embeds\/script\/calendar\/tripixazores\/items\/634957\/?asn=fhdn-eur&amp;asn-ref=guidetotheazores&amp;ref=guidetotheazores&amp;bookable-only=yes&amp;full-items=yes&amp;marketplace=yes&amp;flow=no&amp;branding=no\"><\/script><\/p>\n<div class=\"flex items-start gap-4 mb-4 last:mb-0\" data-v-a5b16f77=\"\">\n<div class=\"min-w-0 flex-1\"><span class=\"fh-text fh-text--body-sm fh-text--medium\" data-v-3872b9c5=\"\">Dura\u00e7\u00e3o: <\/span>8 horas<\/div>\n<\/div>\n<div class=\"flex items-start gap-4 mb-4 last:mb-0\" data-v-a5b16f77=\"\">\n<div class=\"mt-1 shrink-0\"><\/div>\n<div class=\"min-w-0 flex-1\"><span class=\"fh-text fh-text--body-sm fh-text--medium\" data-v-3872b9c5=\"\">Ponto de encontro: <\/span>Escrit\u00f3rio do Tripix A\u00e7ores<\/div>\n<\/div>\n","protected":false},"featured_media":24634,"comment_status":"closed","ping_status":"closed","template":"","meta":{"_acf_changed":false},"product_brand":[],"product_cat":[539,19346,556,547],"product_tag":[19576],"class_list":{"0":"post-24750","1":"product","2":"type-product","3":"status-publish","4":"has-post-thumbnail","6":"product_cat-atividades-pt-pt","7":"product_cat-sao-jorge","8":"product_cat-todas-as-ilhas","9":"product_cat-visitas-guiadas","10":"product_tag-saojorgeisland","12":"first","13":"instock","14":"taxable","15":"shipping-taxable","16":"product-type-external"},"acf":[],"_links":{"self":[{"href":"https:\/\/guidetotheazores.pt\/pt-pt\/wp-json\/wp\/v2\/product\/24750","targetHints":{"allow":["GET"]}}],"collection":[{"href":"https:\/\/guidetotheazores.pt\/pt-pt\/wp-json\/wp\/v2\/product"}],"about":[{"href":"https:\/\/guidetotheazores.pt\/pt-pt\/wp-json\/wp\/v2\/types\/product"}],"replies":[{"embeddable":true,"href":"https:\/\/guidetotheazores.pt\/pt-pt\/wp-json\/wp\/v2\/comments?post=24750"}],"wp:featuredmedia":[{"embeddable":true,"href":"https:\/\/guidetotheazores.pt\/pt-pt\/wp-json\/wp\/v2\/media\/24634"}],"wp:attachment":[{"href":"https:\/\/guidetotheazores.pt\/pt-pt\/wp-json\/wp\/v2\/media?parent=24750"}],"wp:term":[{"taxonomy":"product_brand","embeddable":true,"href":"https:\/\/guidetotheazores.pt\/pt-pt\/wp-json\/wp\/v2\/product_brand?post=24750"},{"taxonomy":"product_cat","embeddable":true,"href":"https:\/\/guidetotheazores.pt\/pt-pt\/wp-json\/wp\/v2\/product_cat?post=24750"},{"taxonomy":"product_tag","embeddable":true,"href":"https:\/\/guidetotheazores.pt\/pt-pt\/wp-json\/wp\/v2\/product_tag?post=24750"}],"curies":[{"name":"wp","href":"https:\/\/api.w.org\/{rel}","templated":true}]}}