{"id":24818,"date":"2026-05-10T07:11:13","date_gmt":"2026-05-10T08:11:13","guid":{"rendered":"https:\/\/guidetotheazores.pt\/product\/charter-especial-2-dias-1-noite\/"},"modified":"2026-05-10T07:11:13","modified_gmt":"2026-05-10T08:11:13","slug":"charter-especial-2-dias-1-noite","status":"publish","type":"product","link":"https:\/\/guidetotheazores.pt\/pt-pt\/produto\/charter-especial-2-dias-1-noite\/","title":{"rendered":"Charter especial &#8211; 2 dias\/1 noite"},"content":{"rendered":"<p>Descri\u00e7\u00e3o<br \/>\nCom ou sem o nosso skipper a bordo, vem experimentar o prazer de navegar ao longo da nossa costa at\u00e9 \u00e0 Vila da Povoa\u00e7\u00e3o, passando pelo ilh\u00e9u de Vila Franca e pelas nossas praias. Pernoita a bordo na marina da Povoa\u00e7\u00e3o. <\/p>\n<p>Um maravilhoso passeio de barco de cerca de 40 milhas n\u00e1uticas que pode ser desfrutado a partir das 10h de s\u00e1bado at\u00e9 ao final da tarde de domingo.<\/p>\n<p>Perfeito para fam\u00edlias &#8211; Adequado para todos &#8211; At\u00e9 4 pessoas &#8211; Navega ao longo da nossa bela costa!<\/p>\n<p>Destaques<br \/>\nBarco privado<\/p>\n<p>Inclu\u00eddo<br \/>\nSkipper (opcional)<br \/>\nDuas cabines duplas<br \/>\nRoupa de cama e toalhas<br \/>\nSeguro<br \/>\nCombust\u00edvel<br \/>\nTaxas de marina<br \/>\nTaxa de limpeza do barco<br \/>\nInforma\u00e7\u00f5es importantes<br \/>\nTodos os dias da semana: partida \u00e0s 10h, chegada no dia seguinte \u00e0s 18h<\/p>\n<p>Ponto de encontro na Marina &#8211; Marina Ponta Delgada<\/p>\n<p>Dura\u00e7\u00e3o: Partida \u00e0s 10h00 e chegada no dia seguinte \u00e0s 18h00<\/p>\n","protected":false},"excerpt":{"rendered":"<p>Com ou sem o nosso skipper a bordo, vem experimentar o prazer de navegar ao longo da nossa costa at\u00e9 \u00e0 Vila da Povoa\u00e7\u00e3o, passando pelo ilh\u00e9u de Vila Franca e pelas nossas praias. Pernoita a bordo na marina da Povoa\u00e7\u00e3o. <\/p>\n<p><script src=\"https:\/\/fareharbor.com\/embeds\/script\/calendar\/sail4sailing\/items\/472760\/?asn=fhdn-eur&amp;asn-ref=guidetotheazores&amp;ref=guidetotheazores&amp;bookable-only=yes&amp;full-items=yes&amp;marketplace=yes&amp;flow=no&amp;branding=no\"><\/script><\/p>\n<p>Ponto de encontro: Marina &#8211; Marina Ponta Delgada<\/p>\n<p>Dura\u00e7\u00e3o: partida \u00e0s 10h00 e chegada no dia seguinte \u00e0s 18h00<\/p>\n<p>At\u00e9 4 pessoas<\/p>\n","protected":false},"featured_media":24789,"comment_status":"closed","ping_status":"closed","template":"","meta":{"_acf_changed":false},"product_brand":[19592],"product_cat":[539,19306,556,550],"product_tag":[19324],"class_list":{"0":"post-24818","1":"product","2":"type-product","3":"status-publish","4":"has-post-thumbnail","6":"product_brand-sao-miguel","7":"product_cat-atividades-pt-pt","8":"product_cat-sao-miguel-pt-pt","9":"product_cat-todas-as-ilhas","10":"product_cat-velejar","11":"product_tag-ilhasaomiguel","13":"first","14":"instock","15":"taxable","16":"shipping-taxable","17":"product-type-external"},"acf":[],"_links":{"self":[{"href":"https:\/\/guidetotheazores.pt\/pt-pt\/wp-json\/wp\/v2\/product\/24818","targetHints":{"allow":["GET"]}}],"collection":[{"href":"https:\/\/guidetotheazores.pt\/pt-pt\/wp-json\/wp\/v2\/product"}],"about":[{"href":"https:\/\/guidetotheazores.pt\/pt-pt\/wp-json\/wp\/v2\/types\/product"}],"replies":[{"embeddable":true,"href":"https:\/\/guidetotheazores.pt\/pt-pt\/wp-json\/wp\/v2\/comments?post=24818"}],"wp:featuredmedia":[{"embeddable":true,"href":"https:\/\/guidetotheazores.pt\/pt-pt\/wp-json\/wp\/v2\/media\/24789"}],"wp:attachment":[{"href":"https:\/\/guidetotheazores.pt\/pt-pt\/wp-json\/wp\/v2\/media?parent=24818"}],"wp:term":[{"taxonomy":"product_brand","embeddable":true,"href":"https:\/\/guidetotheazores.pt\/pt-pt\/wp-json\/wp\/v2\/product_brand?post=24818"},{"taxonomy":"product_cat","embeddable":true,"href":"https:\/\/guidetotheazores.pt\/pt-pt\/wp-json\/wp\/v2\/product_cat?post=24818"},{"taxonomy":"product_tag","embeddable":true,"href":"https:\/\/guidetotheazores.pt\/pt-pt\/wp-json\/wp\/v2\/product_tag?post=24818"}],"curies":[{"name":"wp","href":"https:\/\/api.w.org\/{rel}","templated":true}]}}