{"id":24822,"date":"2026-05-10T06:53:25","date_gmt":"2026-05-10T07:53:25","guid":{"rendered":"https:\/\/guidetotheazores.pt\/product\/excursao-vip-de-dia-inteiro\/"},"modified":"2026-05-10T06:53:25","modified_gmt":"2026-05-10T07:53:25","slug":"excursao-vip-de-dia-inteiro","status":"publish","type":"product","link":"https:\/\/guidetotheazores.pt\/pt-pt\/produto\/excursao-vip-de-dia-inteiro\/","title":{"rendered":"Excurs\u00e3o VIP de dia inteiro"},"content":{"rendered":"<p>Descri\u00e7\u00e3o<br \/>\nUm maravilhoso passeio de barco que percorre cerca de 22 milhas n\u00e1uticas.<\/p>\n<p>Viagem de regresso ao ilh\u00e9u de Vila Franca. Desfruta da nossa fant\u00e1stica costa e aprecia a paisagem de uma perspetiva diferente. Na viagem de regresso, ancoraremos numa das nossas ba\u00edas para que possas dar um mergulho no nosso belo mar.  <\/p>\n<p>Dura\u00e7\u00e3o: 8 horas<\/p>\n<p>Destaques<br \/>\nPaisagens e nata\u00e7\u00e3o<\/p>\n<p>Inclu\u00eddo<br \/>\nImpostos inclu\u00eddos<br \/>\nSkipper<br \/>\nCombust\u00edvel<br \/>\nTaxa de limpeza<\/p>\n<p>Bebidas e um menu especial de degusta\u00e7\u00e3o com produtos dos A\u00e7ores<br \/>\n&#8211; SUP Paddle<br \/>\nPonto de encontro na Marina &#8211; Portas do Mar &#8211; Ponta Delgada<\/p>\n","protected":false},"excerpt":{"rendered":"<p>Um maravilhoso passeio de barco que percorre cerca de 22 milhas n\u00e1uticas.<\/p>\n<p>Viagem de regresso ao ilh\u00e9u de Vila Franca. Desfruta da nossa fant\u00e1stica costa e aprecia a paisagem de uma perspetiva diferente. Na viagem de regresso, ancoraremos numa das nossas ba\u00edas para que possas dar um mergulho no nosso belo mar.  <\/p>\n<p><script src=\"https:\/\/fareharbor.com\/embeds\/script\/calendar\/sail4sailing\/items\/472777\/?asn=fhdn-eur&amp;asn-ref=guidetotheazores&amp;ref=guidetotheazores&amp;bookable-only=yes&amp;full-items=yes&amp;marketplace=yes&amp;flow=no&amp;branding=no\"><\/script><\/p>\n<p>Dura\u00e7\u00e3o: 8 horas<\/p>\n<p>M\u00e1ximo 4 pessoas<\/p>\n<p>Ponto de encontro: Marina &#8211; Portas do Mar &#8211; Ponta Delgada<\/p>\n<p>&nbsp;<\/p>\n","protected":false},"featured_media":24783,"comment_status":"closed","ping_status":"closed","template":"","meta":{"_acf_changed":false},"product_brand":[19592],"product_cat":[539,19306,556,550],"product_tag":[19324],"class_list":{"0":"post-24822","1":"product","2":"type-product","3":"status-publish","4":"has-post-thumbnail","6":"product_brand-sao-miguel","7":"product_cat-atividades-pt-pt","8":"product_cat-sao-miguel-pt-pt","9":"product_cat-todas-as-ilhas","10":"product_cat-velejar","11":"product_tag-ilhasaomiguel","13":"first","14":"instock","15":"taxable","16":"shipping-taxable","17":"product-type-external"},"acf":[],"_links":{"self":[{"href":"https:\/\/guidetotheazores.pt\/pt-pt\/wp-json\/wp\/v2\/product\/24822","targetHints":{"allow":["GET"]}}],"collection":[{"href":"https:\/\/guidetotheazores.pt\/pt-pt\/wp-json\/wp\/v2\/product"}],"about":[{"href":"https:\/\/guidetotheazores.pt\/pt-pt\/wp-json\/wp\/v2\/types\/product"}],"replies":[{"embeddable":true,"href":"https:\/\/guidetotheazores.pt\/pt-pt\/wp-json\/wp\/v2\/comments?post=24822"}],"wp:featuredmedia":[{"embeddable":true,"href":"https:\/\/guidetotheazores.pt\/pt-pt\/wp-json\/wp\/v2\/media\/24783"}],"wp:attachment":[{"href":"https:\/\/guidetotheazores.pt\/pt-pt\/wp-json\/wp\/v2\/media?parent=24822"}],"wp:term":[{"taxonomy":"product_brand","embeddable":true,"href":"https:\/\/guidetotheazores.pt\/pt-pt\/wp-json\/wp\/v2\/product_brand?post=24822"},{"taxonomy":"product_cat","embeddable":true,"href":"https:\/\/guidetotheazores.pt\/pt-pt\/wp-json\/wp\/v2\/product_cat?post=24822"},{"taxonomy":"product_tag","embeddable":true,"href":"https:\/\/guidetotheazores.pt\/pt-pt\/wp-json\/wp\/v2\/product_tag?post=24822"}],"curies":[{"name":"wp","href":"https:\/\/api.w.org\/{rel}","templated":true}]}}