{"id":24826,"date":"2026-05-10T06:39:27","date_gmt":"2026-05-10T07:39:27","guid":{"rendered":"https:\/\/guidetotheazores.pt\/product\/santa-maria-island-special-charter\/"},"modified":"2026-05-10T06:39:27","modified_gmt":"2026-05-10T07:39:27","slug":"santa-maria-island-special-charter","status":"publish","type":"product","link":"https:\/\/guidetotheazores.pt\/pt-pt\/produto\/santa-maria-island-special-charter\/","title":{"rendered":"Santa Maria Island Special Charter"},"content":{"rendered":"<p>Descri\u00e7\u00e3o<\/p>\n<p>Com ou sem o nosso skipper a bordo, vem desfrutar do prazer de navegar at\u00e9 Santa Maria, com uma estadia de duas noites a bordo. Uma experi\u00eancia de navega\u00e7\u00e3o \u00fanica, com a possibilidade de ajudares nas tarefas a bordo. Um maravilhoso passeio de barco que percorre cerca de 108 milhas n\u00e1uticas.  <\/p>\n<p>Destaques<br \/>\nBarco privado<\/p>\n<p>Dura\u00e7\u00e3o: 3 dias. Partida \u00e0s 18 horas e chegada \u00e0s 18 horas <\/p>\n<p>Inclu\u00eddo<br \/>\nSkipper (opcional)<br \/>\nDuas cabines duplas<br \/>\nRoupa de cama e toalhas<br \/>\nSeguro<br \/>\nCombust\u00edvel<br \/>\nTaxas de marina<br \/>\nTaxa de limpeza do barco<br \/>\nInforma\u00e7\u00f5es importantes<br \/>\nPartidas todos os dias da semana: Dia 1 de Ponta Delgada \u00e0s 18h00, dia 2 para Santa Maria e dia 3 chegada a Ponta Delgada \u00e0s 18h00<\/p>\n<p>Ponto de encontro<br \/>\nNa Marina &#8211; Marina Ponta Delgada<\/p>\n","protected":false},"excerpt":{"rendered":"<p>Com ou sem o nosso skipper a bordo, vem desfrutar do prazer de navegar at\u00e9 Santa Maria, com uma estadia de duas noites a bordo. Uma experi\u00eancia de navega\u00e7\u00e3o \u00fanica, com a possibilidade de ajudares nas tarefas a bordo. Um maravilhoso passeio de barco que percorre cerca de 108 milhas n\u00e1uticas.  <\/p>\n<p><script src=\"https:\/\/fareharbor.com\/embeds\/script\/calendar\/sail4sailing\/items\/472771\/?asn=fhdn-eur&amp;asn-ref=guidetotheazores&amp;ref=guidetotheazores&amp;bookable-only=yes&amp;full-items=yes&amp;marketplace=yes&amp;flow=no&amp;branding=no\"><\/script><\/p>\n<p>Dura\u00e7\u00e3o: 3 dias<br \/>\nPonto de encontro: Marina &#8211; Ponta Delgada<\/p>\n","protected":false},"featured_media":24766,"comment_status":"closed","ping_status":"closed","template":"","meta":{"_acf_changed":false},"product_brand":[19592],"product_cat":[539,19306,556,550],"product_tag":[19324],"class_list":{"0":"post-24826","1":"product","2":"type-product","3":"status-publish","4":"has-post-thumbnail","6":"product_brand-sao-miguel","7":"product_cat-atividades-pt-pt","8":"product_cat-sao-miguel-pt-pt","9":"product_cat-todas-as-ilhas","10":"product_cat-velejar","11":"product_tag-ilhasaomiguel","13":"first","14":"instock","15":"taxable","16":"shipping-taxable","17":"product-type-external"},"acf":[],"_links":{"self":[{"href":"https:\/\/guidetotheazores.pt\/pt-pt\/wp-json\/wp\/v2\/product\/24826","targetHints":{"allow":["GET"]}}],"collection":[{"href":"https:\/\/guidetotheazores.pt\/pt-pt\/wp-json\/wp\/v2\/product"}],"about":[{"href":"https:\/\/guidetotheazores.pt\/pt-pt\/wp-json\/wp\/v2\/types\/product"}],"replies":[{"embeddable":true,"href":"https:\/\/guidetotheazores.pt\/pt-pt\/wp-json\/wp\/v2\/comments?post=24826"}],"wp:featuredmedia":[{"embeddable":true,"href":"https:\/\/guidetotheazores.pt\/pt-pt\/wp-json\/wp\/v2\/media\/24766"}],"wp:attachment":[{"href":"https:\/\/guidetotheazores.pt\/pt-pt\/wp-json\/wp\/v2\/media?parent=24826"}],"wp:term":[{"taxonomy":"product_brand","embeddable":true,"href":"https:\/\/guidetotheazores.pt\/pt-pt\/wp-json\/wp\/v2\/product_brand?post=24826"},{"taxonomy":"product_cat","embeddable":true,"href":"https:\/\/guidetotheazores.pt\/pt-pt\/wp-json\/wp\/v2\/product_cat?post=24826"},{"taxonomy":"product_tag","embeddable":true,"href":"https:\/\/guidetotheazores.pt\/pt-pt\/wp-json\/wp\/v2\/product_tag?post=24826"}],"curies":[{"name":"wp","href":"https:\/\/api.w.org\/{rel}","templated":true}]}}