{"id":24829,"date":"2025-03-24T07:47:58","date_gmt":"2025-03-24T08:47:58","guid":{"rendered":"https:\/\/guidetotheazores.pt\/product\/furnas-excursao-mistica-termas-e-jantar-incluidos\/"},"modified":"2025-03-24T07:47:58","modified_gmt":"2025-03-24T08:47:58","slug":"furnas-excursao-mistica-termas-e-jantar-incluidos","status":"publish","type":"product","link":"https:\/\/guidetotheazores.pt\/pt-pt\/produto\/furnas-excursao-mistica-termas-e-jantar-incluidos\/","title":{"rendered":"Furnas: Excurs\u00e3o m\u00edstica (Termas e jantar inclu\u00eddos)"},"content":{"rendered":"<div class=\"subsection\" data-v-68eac83b=\"\">\n<div class=\"content-builder-markdown-view\" data-v-316d1a1e=\"\" data-v-68eac83b=\"\">\n<p>Descobre um Para\u00edso como nunca viste antes! As Furnas, aninhadas na caldeira das Furnas, no lado oriental da ilha de S\u00e3o Miguel, floresceram ao longo do tempo entre a sua vegeta\u00e7\u00e3o ex\u00f3tica e verdejante e a abund\u00e2ncia de \u00e1gua mineral e termal. <\/p>\n<\/div>\n<\/div>\n<div class=\"subsection\" data-v-68eac83b=\"\">\n<p><span class=\"fh-text fh-text--body-lg fh-text--bold block\" data-v-3872b9c5=\"\" data-v-68eac83b=\"\">Itiner\u00e1rio<\/span><\/p>\n<div class=\"content-builder-markdown-view\" data-v-316d1a1e=\"\" data-v-68eac83b=\"\">\n<ul>\n<li>Come\u00e7amos o nosso passeio m\u00edstico com a observa\u00e7\u00e3o de algumas das belas paisagens da costa e do ilh\u00e9u de Vila Franca do Campo enquanto nos dirigimos para as Furnas.<\/li>\n<li>A Lagoa das Furnas, naturalmente aninhada no interior de uma caldeira (vulc\u00e3o adormecido), destaca-se como uma atra\u00e7\u00e3o proeminente para turistas, caminhantes, bi\u00f3logos e observadores de aves, devido \u00e0 diversidade de esp\u00e9cies de flora e fauna end\u00e9micas e invasoras que vagueiam livremente nesta \u00e1rea (sem perigo). Sendo uma zona t\u00e3o rica em atividade geot\u00e9rmica, os habitantes locais improvisaram uma forma \u00fanica de a aproveitar para cozinhar um prato \u00fanico portugu\u00eas: o &#8220;Cozido das Furnas&#8221;, uma mistura de carnes, legumes e tub\u00e9rculos que s\u00e3o cozinhados lentamente no subsolo durante 6-7 horas; <\/li>\n<li>Como parte da experi\u00eancia gastron\u00f3mica desta excurs\u00e3o, provaremos o referido guisado geo-cozinhado num restaurante tradicional local com Entrada, Prato Principal, Bebidas, Sobremesa e Caf\u00e9 inclu\u00eddos no menu (op\u00e7\u00e3o vegetariana dispon\u00edvel e pratos alternativos para crian\u00e7as). Tem cuidado! Este restaurante \u00e9 conhecido pelas suas por\u00e7\u00f5es abundantes, \u00e9 melhor vires com fome!  <\/li>\n<li>Mergulha de corpo e alma nas piscinas termais da &#8220;Po\u00e7a da Dona Beija&#8221;, um dos mais procurados balne\u00e1rios da ilha. Com \u00e1guas naturais a uma temperatura que ronda os 39\u00baC, rodeadas por um cen\u00e1rio de espl\u00eandida vegeta\u00e7\u00e3o e enriquecidas com sons de p\u00e1ssaros, um momento de relaxamento e contempla\u00e7\u00e3o que te far\u00e1 esquecer a rotina di\u00e1ria e as preocupa\u00e7\u00f5es na hora dourada do dia. As \u00e1guas ricas em ferro s\u00e3o conhecidas como um \u00f3timo cuidado para a pele, mas n\u00e3o s\u00e3o adequadas para cabelos pintados. Evita a fila para entrar, n\u00f3s tratamos da reserva para ti. Algumas condi\u00e7\u00f5es m\u00e9dicas podem ser incompat\u00edveis com os banhos termais, por favor consulta o teu m\u00e9dico antes.    <\/li>\n<li>D\u00e1 um pequeno passeio pelo Jardim da Alameda: descobre uma piscina termal ainda mais quente, abra\u00e7a o ambiente \u00e0 volta do riacho de \u00e1gua doce, observa um aqu\u00e1rio escondido e uma cascata feita pelo homem (esta paragem depende do tempo livre entre o jantar e as termas).<\/li>\n<li>Terminaremos a nossa visita com um passeio interpretativo admirando as impressionantes fumarolas e caldeiras no centro da vila \u00e0 noite: espera-te um espet\u00e1culo de fumo e luzes dado pela natureza, uma experi\u00eancia \u00fanica nos A\u00e7ores. Aqui explicar-te-emos como \u00e9 que os habitantes locais conseguiram viver t\u00e3o perto destes eventos geot\u00e9rmicos durante tanto tempo e os muitos mitos que giram em torno desta \u00e1rea. Prova as nascentes de \u00e1guas minerais e saboreia um doce caseiro local para limpares o paladar.  <\/li>\n<\/ul>\n<p>Regressamos ao norte da ilha num ambiente seguro e descontra\u00eddo. Durante esta viagem, poder\u00e1s dormir uma sesta e\/ou receber sugest\u00f5es de outros locais a visitar e o que fazer no resto da tua estadia em S\u00e3o Miguel. <\/p>\n<\/div>\n<\/div>\n<div class=\"subsection\" data-v-68eac83b=\"\">\n<p><span class=\"fh-text fh-text--body-lg fh-text--bold block\" data-v-3872b9c5=\"\" data-v-68eac83b=\"\">Destaques<\/span><\/p>\n<div class=\"content-builder-markdown-view\" data-v-316d1a1e=\"\" data-v-68eac83b=\"\">\n<p>Jantar completo, com o cozido das Furnas como atra\u00e7\u00e3o principal, mas tamb\u00e9m temos op\u00e7\u00f5es diferentes para os que j\u00e1 experimentaram e n\u00e3o gostaram. Bebidas \u00e0 discri\u00e7\u00e3o, vinhos, cerveja e sumos locais. Sobremesas tradicionais (nada de produtos processados).  <\/p>\n<p>Uma experi\u00eancia baseada na tua experi\u00eancia e nos teus interesses: temos orgulho em dizer que recebemos todo o tipo de clientes (lua de mel, grupos familiares, viagens de amigos) com todo o tipo de origens e interesses e proporcion\u00e1mos-lhes uma experi\u00eancia \u00fanica e positiva. Os nossos coment\u00e1rios falam por si. <\/p>\n<p>A aten\u00e7\u00e3o aos detalhes e o cuidado com os nossos clientes \u00e9 a nossa principal prioridade. Certificar-nos-emos de que ser\u00e1s bem tratado durante o jantar e que a tua experi\u00eancia nas fontes termais ser\u00e1 a mais segura poss\u00edvel.<\/p>\n<\/div>\n<\/div>\n","protected":false},"excerpt":{"rendered":"<p>Descobre um Para\u00edso como nunca viste antes! As Furnas, aninhadas na caldeira das Furnas, no lado oriental da ilha de S\u00e3o Miguel, floresceram ao longo do tempo entre a sua vegeta\u00e7\u00e3o ex\u00f3tica e verdejante e a abund\u00e2ncia de \u00e1gua mineral e termal. <\/p>\n<p><script src=\"https:\/\/fareharbor.com\/embeds\/script\/calendar\/wildscapeazores\/items\/543692\/?asn=fhdn-eur&amp;asn-ref=guidetotheazores&amp;ref=guidetotheazores&amp;bookable-only=yes&amp;full-items=yes&amp;marketplace=yes&amp;flow=no&amp;branding=no\"><\/script><br \/>\nDura\u00e7\u00e3o: 6 Horas<br \/>\nPonto de encontro: Ponta Delgada, Lagoa ou Ribeira Grande<br \/>\nCancelamentos: reembolso total at\u00e9 48h antes do in\u00edcio do passeio. Meia devolu\u00e7\u00e3o entre 48h e 24h. N\u00e3o h\u00e1 reembolso nas \u00faltimas 24h antes do in\u00edcio.<br \/>\nIdade: 4+<br \/>\nAcessibilidade: n\u00e3o acess\u00edvel  <\/p>\n","protected":false},"featured_media":21161,"comment_status":"closed","ping_status":"closed","template":"","meta":{"_acf_changed":false},"product_brand":[],"product_cat":[539,19306,556,547],"product_tag":[19324],"class_list":{"0":"post-24829","1":"product","2":"type-product","3":"status-publish","4":"has-post-thumbnail","6":"product_cat-atividades-pt-pt","7":"product_cat-sao-miguel-pt-pt","8":"product_cat-todas-as-ilhas","9":"product_cat-visitas-guiadas","10":"product_tag-ilhasaomiguel","12":"first","13":"instock","14":"taxable","15":"shipping-taxable","16":"product-type-external"},"acf":[],"_links":{"self":[{"href":"https:\/\/guidetotheazores.pt\/pt-pt\/wp-json\/wp\/v2\/product\/24829","targetHints":{"allow":["GET"]}}],"collection":[{"href":"https:\/\/guidetotheazores.pt\/pt-pt\/wp-json\/wp\/v2\/product"}],"about":[{"href":"https:\/\/guidetotheazores.pt\/pt-pt\/wp-json\/wp\/v2\/types\/product"}],"replies":[{"embeddable":true,"href":"https:\/\/guidetotheazores.pt\/pt-pt\/wp-json\/wp\/v2\/comments?post=24829"}],"wp:featuredmedia":[{"embeddable":true,"href":"https:\/\/guidetotheazores.pt\/pt-pt\/wp-json\/wp\/v2\/media\/21161"}],"wp:attachment":[{"href":"https:\/\/guidetotheazores.pt\/pt-pt\/wp-json\/wp\/v2\/media?parent=24829"}],"wp:term":[{"taxonomy":"product_brand","embeddable":true,"href":"https:\/\/guidetotheazores.pt\/pt-pt\/wp-json\/wp\/v2\/product_brand?post=24829"},{"taxonomy":"product_cat","embeddable":true,"href":"https:\/\/guidetotheazores.pt\/pt-pt\/wp-json\/wp\/v2\/product_cat?post=24829"},{"taxonomy":"product_tag","embeddable":true,"href":"https:\/\/guidetotheazores.pt\/pt-pt\/wp-json\/wp\/v2\/product_tag?post=24829"}],"curies":[{"name":"wp","href":"https:\/\/api.w.org\/{rel}","templated":true}]}}