{"id":24958,"date":"2026-05-12T06:28:46","date_gmt":"2026-05-12T07:28:46","guid":{"rendered":"https:\/\/guidetotheazores.pt\/product\/vila-franca-do-campo-observacao-de-aves-e-snorkeling\/"},"modified":"2026-05-12T06:28:46","modified_gmt":"2026-05-12T07:28:46","slug":"vila-franca-do-campo-observacao-de-aves-e-snorkeling","status":"publish","type":"product","link":"https:\/\/guidetotheazores.pt\/pt-pt\/produto\/vila-franca-do-campo-observacao-de-aves-e-snorkeling\/","title":{"rendered":"Vila Franca do Campo: Observa\u00e7\u00e3o de Aves e Snorkeling"},"content":{"rendered":"<h2>Detalhes da atividade<\/h2>\n<p>Embarca num passeio de barco e observa a vida marinha dos A\u00e7ores numa visita guiada. Descobre a incr\u00edvel hist\u00f3ria e as vistas do ilh\u00e9u de Vila Franca do Campo. <\/p>\n<p>O que est\u00e1 inclu\u00eddo<\/p>\n<p>Capit\u00e3o e tripula\u00e7\u00e3o experientes<\/p>\n<p>Barco com capacidade para 10 pessoas<\/p>\n<p>Coletes salva-vidas<\/p>\n<p>Kit de mergulho<\/p>\n<p>Seguros<\/p>\n<p>O que n\u00e3o est\u00e1 inclu\u00eddo<\/p>\n<p>Bin\u00f3culos<\/p>\n<p>Itiner\u00e1rio<\/p>\n<p>Ponto de encontro: <a style=\"cursor: pointer !important; user-select: none !important;\" href=\"https:\/\/maps.app.goo.gl\/STSSgCXcrWNw5qvDA\" target=\"_blank\" rel=\"noopener\">https:\/\/maps.app.goo.gl\/STSSgCXcrWNw5qvDA<\/a><\/p>\n<p>Destaques<\/p>\n<p>Embarca num passeio de barco e observa a vida marinha e as aves dos A\u00e7ores. Observa pardelas, gaivotas de patas amarelas, petr\u00e9is de tempestade, caranguejos e descobre muito mais com a ajuda do nosso guia experiente. <\/p>\n<p>Para evitar perturbar a vida marinha, o nosso capit\u00e3o \u00e9 assistido por uma equipa profissional de vigias em Vila Franca do Campo, e todas as comunica\u00e7\u00f5es s\u00e3o efectuadas via r\u00e1dio VHF.<\/p>\n<p>No final do passeio, aproveita as fant\u00e1sticas \u00e1guas dos A\u00e7ores na foz do ilh\u00e9u de Vila Franca do Campo e faz snorkeling.<\/p>\n","protected":false},"excerpt":{"rendered":"<p>Detalhes da atividade Embarca num passeio de barco e observa a vida marinha dos A\u00e7ores numa visita guiada. Descobre a<\/p>\n","protected":false},"featured_media":24934,"comment_status":"closed","ping_status":"closed","template":"","meta":{"_acf_changed":false},"product_brand":[19592],"product_cat":[539,541,19306,19314,556],"product_tag":[19324],"class_list":{"0":"post-24958","1":"product","2":"type-product","3":"status-publish","4":"has-post-thumbnail","6":"product_brand-sao-miguel","7":"product_cat-atividades-pt-pt","8":"product_cat-birdwatching-pt-pt","9":"product_cat-sao-miguel-pt-pt","10":"product_cat-snorkeling-pt-pt","11":"product_cat-todas-as-ilhas","12":"product_tag-ilhasaomiguel","14":"first","15":"instock","16":"taxable","17":"shipping-taxable","18":"product-type-external"},"acf":[],"_links":{"self":[{"href":"https:\/\/guidetotheazores.pt\/pt-pt\/wp-json\/wp\/v2\/product\/24958","targetHints":{"allow":["GET"]}}],"collection":[{"href":"https:\/\/guidetotheazores.pt\/pt-pt\/wp-json\/wp\/v2\/product"}],"about":[{"href":"https:\/\/guidetotheazores.pt\/pt-pt\/wp-json\/wp\/v2\/types\/product"}],"replies":[{"embeddable":true,"href":"https:\/\/guidetotheazores.pt\/pt-pt\/wp-json\/wp\/v2\/comments?post=24958"}],"wp:featuredmedia":[{"embeddable":true,"href":"https:\/\/guidetotheazores.pt\/pt-pt\/wp-json\/wp\/v2\/media\/24934"}],"wp:attachment":[{"href":"https:\/\/guidetotheazores.pt\/pt-pt\/wp-json\/wp\/v2\/media?parent=24958"}],"wp:term":[{"taxonomy":"product_brand","embeddable":true,"href":"https:\/\/guidetotheazores.pt\/pt-pt\/wp-json\/wp\/v2\/product_brand?post=24958"},{"taxonomy":"product_cat","embeddable":true,"href":"https:\/\/guidetotheazores.pt\/pt-pt\/wp-json\/wp\/v2\/product_cat?post=24958"},{"taxonomy":"product_tag","embeddable":true,"href":"https:\/\/guidetotheazores.pt\/pt-pt\/wp-json\/wp\/v2\/product_tag?post=24958"}],"curies":[{"name":"wp","href":"https:\/\/api.w.org\/{rel}","templated":true}]}}