{"id":25045,"date":"2026-05-13T07:52:53","date_gmt":"2026-05-13T08:52:53","guid":{"rendered":"https:\/\/guidetotheazores.pt\/product\/excursao-privada-personalizada-de-dia-inteiro-para-1-4-pessoas\/"},"modified":"2026-05-13T07:52:53","modified_gmt":"2026-05-13T08:52:53","slug":"excursao-privada-personalizada-de-dia-inteiro-para-1-4-pessoas","status":"publish","type":"product","link":"https:\/\/guidetotheazores.pt\/pt-pt\/produto\/excursao-privada-personalizada-de-dia-inteiro-para-1-4-pessoas\/","title":{"rendered":"Excurs\u00e3o privada personalizada de dia inteiro para 1-4 pessoas"},"content":{"rendered":"<h1><em>Visita de dia inteiro com almo\u00e7o inclu\u00eddo!<\/em><\/h1>\n<hr>\n<h2>Dura\u00e7\u00e3o<\/h2>\n<p>8 horas<\/p>\n<hr>\n<h2>Sobre<\/h2>\n<p>Excurs\u00e3o privada de dia inteiro para um m\u00e1ximo de 4 pessoas. Podes personalizar esta excurs\u00e3o para ir \u00e0 Sete Cidade &amp; Lagoa do Fogo, Furnas ou Nordeste. Este passeio tem almo\u00e7o e bebidas inclu\u00eddas.  <\/p>\n<h2>Apanha<\/h2>\n<p>Recolha em qualquer hotel de Ponta Delgada entre as 09h00 e as 09h15<\/p>\n","protected":false},"excerpt":{"rendered":"<p>Excurs\u00e3o privada de dia inteiro para um m\u00e1ximo de 4 pessoas. Podes personalizar esta excurs\u00e3o para ir \u00e0 Sete Cidade &amp; Lagoa do Fogo, Furnas ou Nordeste. Este passeio tem almo\u00e7o e bebidas inclu\u00eddas.  <\/p>\n<p>&lt;script src=&#8221;https:\/\/fareharbor.com\/embeds\/script\/calendar\/greenzoneazores\/items\/461187\/?asn=fhdn-eur&amp;asn-ref=guidetotheazores&amp;ref=guidetotheazores&amp;bookable-only=yes&amp;full-items=yes&amp;marketplace=yes&amp;flow=no&amp;branding=no&#8221;&gt;&lt;\/script&gt;<\/p>\n<p>&nbsp;<\/p>\n","protected":false},"featured_media":25031,"comment_status":"closed","ping_status":"closed","template":"","meta":{"_acf_changed":false},"product_brand":[19592],"product_cat":[539,19306,556,547],"product_tag":[19324],"class_list":{"0":"post-25045","1":"product","2":"type-product","3":"status-publish","4":"has-post-thumbnail","6":"product_brand-sao-miguel","7":"product_cat-atividades-pt-pt","8":"product_cat-sao-miguel-pt-pt","9":"product_cat-todas-as-ilhas","10":"product_cat-visitas-guiadas","11":"product_tag-ilhasaomiguel","13":"first","14":"instock","15":"taxable","16":"shipping-taxable","17":"product-type-external"},"acf":[],"_links":{"self":[{"href":"https:\/\/guidetotheazores.pt\/pt-pt\/wp-json\/wp\/v2\/product\/25045","targetHints":{"allow":["GET"]}}],"collection":[{"href":"https:\/\/guidetotheazores.pt\/pt-pt\/wp-json\/wp\/v2\/product"}],"about":[{"href":"https:\/\/guidetotheazores.pt\/pt-pt\/wp-json\/wp\/v2\/types\/product"}],"replies":[{"embeddable":true,"href":"https:\/\/guidetotheazores.pt\/pt-pt\/wp-json\/wp\/v2\/comments?post=25045"}],"wp:featuredmedia":[{"embeddable":true,"href":"https:\/\/guidetotheazores.pt\/pt-pt\/wp-json\/wp\/v2\/media\/25031"}],"wp:attachment":[{"href":"https:\/\/guidetotheazores.pt\/pt-pt\/wp-json\/wp\/v2\/media?parent=25045"}],"wp:term":[{"taxonomy":"product_brand","embeddable":true,"href":"https:\/\/guidetotheazores.pt\/pt-pt\/wp-json\/wp\/v2\/product_brand?post=25045"},{"taxonomy":"product_cat","embeddable":true,"href":"https:\/\/guidetotheazores.pt\/pt-pt\/wp-json\/wp\/v2\/product_cat?post=25045"},{"taxonomy":"product_tag","embeddable":true,"href":"https:\/\/guidetotheazores.pt\/pt-pt\/wp-json\/wp\/v2\/product_tag?post=25045"}],"curies":[{"name":"wp","href":"https:\/\/api.w.org\/{rel}","templated":true}]}}