{"id":25144,"date":"2026-05-13T10:21:38","date_gmt":"2026-05-13T11:21:38","guid":{"rendered":"https:\/\/guidetotheazores.pt\/product\/experiencia-extrema-nas-cascatas-com-piquenique\/"},"modified":"2026-05-13T10:21:38","modified_gmt":"2026-05-13T11:21:38","slug":"experiencia-extrema-nas-cascatas-com-piquenique","status":"publish","type":"product","link":"https:\/\/guidetotheazores.pt\/pt-pt\/produto\/experiencia-extrema-nas-cascatas-com-piquenique\/","title":{"rendered":"Experi\u00eancia extrema nas cascatas com piquenique"},"content":{"rendered":"<p>Detalhes da atividade<br \/>\nUm trilho desafiante que te levar\u00e1 \u00e0s cascatas escondidas da Ilha das Flores, reconhecidas pelo Turismo de Portugal mas raramente visitadas por turistas. Acompanhado por guias locais, seguir\u00e1s por caminhos menos conhecidos, parando para te banhares na paisagem natural \u00fanica do Atl\u00e2ntico Norte. <\/p>\n<p>Esta \u00e9 uma experi\u00eancia pensada para quem procura um desafio e um contacto genu\u00edno com a natureza.<br \/>\nAo longo do percurso, visitamos algumas das cascatas mais impressionantes da ilha, acess\u00edveis apenas a quem conhece bem o terreno.<\/p>\n<p>Mais do que um trilho, \u00e9 uma forma diferente e intensa de conheceres a Ilha das Flores.<\/p>\n<p>Depois do percurso, \u00e9 servido um piquenique com produtos locais e uma pausa para descanso.<\/p>\n<p>O que est\u00e1 inclu\u00eddo<br \/>\nGuia local certificado<br \/>\nInstru\u00e7\u00f5es de seguran\u00e7a iniciais<br \/>\nSeguro<br \/>\nOrienta\u00e7\u00e3o e apoio t\u00e9cnico durante todo o percurso<br \/>\nLanche (Picnic)<\/p>\n<p>O que n\u00e3o est\u00e1 inclu\u00eddo<br \/>\nTransporte para o ponto de partida da atividade<\/p>\n<p>Equipamento pessoal (cal\u00e7ado e vestu\u00e1rio adequados)<\/p>\n<p>Despesas pessoais<\/p>\n<p>Itiner\u00e1rio<br \/>\nItiner\u00e1rio<br \/>\nCascata da Ribeira do Cascalho<br \/>\nDist\u00e2ncia: 1,1 km | Dificuldade: Moderada<br \/>\nGanho de eleva\u00e7\u00e3o total: 51 m | Dura\u00e7\u00e3o: 2 horas | Nata\u00e7\u00e3o: Sim<\/p>\n<p>Cascata da Ribeira Grande<br \/>\nDist\u00e2ncia a p\u00e9: 3 km | Ganho de eleva\u00e7\u00e3o total: 206 m<br \/>\nDificuldade: Alta | Dura\u00e7\u00e3o: 2h30 | Nadar: N\u00e3o<\/p>\n<p>Cascata da Ribeira do C\u00e3o<br \/>\nDist\u00e2ncia: 2 km | Ganho de altitude total: 241 m<br \/>\nDificuldade: M\u00e9dia | Dura\u00e7\u00e3o: 1h30 | Nadar: N\u00e3o<\/p>\n<p>Cascatas da Ribeira Jos\u00e9 Fraga<br \/>\nDist\u00e2ncia: 1,7 km | Ganho de altitude total: 98 m<br \/>\nDificuldade: Alta | Dura\u00e7\u00e3o: 2h30 | Nadar: Sim<\/p>\n<p>Destaques<br \/>\nAcesso a cascatas escondidas, pouco conhecidas pelos visitantes<\/p>\n<p>Um trilho exigente, ideal para quem procura aventura e longas caminhadas<\/p>\n<p>Oportunidade de nadar em \u00e1guas naturais rodeado pela natureza<\/p>\n<p>Guias locais experientes que conhecem os caminhos menos \u00f3bvios<\/p>\n<p>Contacto com a verdadeira natureza selvagem da Ilha das Flores<\/p>\n<p>Uma experi\u00eancia exclusiva, longe das multid\u00f5es e dos percursos tur\u00edsticos habituais<\/p>\n","protected":false},"excerpt":{"rendered":"<p>Um trilho desafiante que te leva \u00e0s cascatas escondidas da Ilha das Flores, reconhecidas pelo Turismo de Portugal mas pouco visitadas pelos turistas. Acompanhado por guias locais, seguir\u00e1s por caminhos menos conhecidos, parando para te banhares na paisagem natural \u00fanica do Atl\u00e2ntico Norte. <\/p>\n<p><script src=\"https:\/\/fareharbor.com\/embeds\/script\/calendar\/experienceoc\/items\/277532\/?asn=fhdn-eur&amp;asn-ref=guidetotheazores&amp;ref=guidetotheazores&amp;bookable-only=yes&amp;full-items=yes&amp;marketplace=yes&amp;flow=no&amp;branding=no\"><\/script><\/p>\n<p>Dura\u00e7\u00e3o: 6 horas<\/p>\n<p>Ponto de encontro: Experimenta a loja OC<\/p>\n<p>Cancelamentos: cancelamentos efectuados com menos de 72 horas de anteced\u00eancia: ser\u00e1 cobrado 100% do montante total<\/p>\n<p>Idade: 16+<\/p>\n","protected":false},"featured_media":25104,"comment_status":"closed","ping_status":"closed","template":"","meta":{"_acf_changed":false},"product_brand":[19604],"product_cat":[539,19293,556,547],"product_tag":[19329],"class_list":{"0":"post-25144","1":"product","2":"type-product","3":"status-publish","4":"has-post-thumbnail","6":"product_brand-flores","7":"product_cat-atividades-pt-pt","8":"product_cat-flores-pt-pt","9":"product_cat-todas-as-ilhas","10":"product_cat-visitas-guiadas","11":"product_tag-ilhadaflores","13":"first","14":"instock","15":"taxable","16":"shipping-taxable","17":"product-type-external"},"acf":[],"_links":{"self":[{"href":"https:\/\/guidetotheazores.pt\/pt-pt\/wp-json\/wp\/v2\/product\/25144","targetHints":{"allow":["GET"]}}],"collection":[{"href":"https:\/\/guidetotheazores.pt\/pt-pt\/wp-json\/wp\/v2\/product"}],"about":[{"href":"https:\/\/guidetotheazores.pt\/pt-pt\/wp-json\/wp\/v2\/types\/product"}],"replies":[{"embeddable":true,"href":"https:\/\/guidetotheazores.pt\/pt-pt\/wp-json\/wp\/v2\/comments?post=25144"}],"wp:featuredmedia":[{"embeddable":true,"href":"https:\/\/guidetotheazores.pt\/pt-pt\/wp-json\/wp\/v2\/media\/25104"}],"wp:attachment":[{"href":"https:\/\/guidetotheazores.pt\/pt-pt\/wp-json\/wp\/v2\/media?parent=25144"}],"wp:term":[{"taxonomy":"product_brand","embeddable":true,"href":"https:\/\/guidetotheazores.pt\/pt-pt\/wp-json\/wp\/v2\/product_brand?post=25144"},{"taxonomy":"product_cat","embeddable":true,"href":"https:\/\/guidetotheazores.pt\/pt-pt\/wp-json\/wp\/v2\/product_cat?post=25144"},{"taxonomy":"product_tag","embeddable":true,"href":"https:\/\/guidetotheazores.pt\/pt-pt\/wp-json\/wp\/v2\/product_tag?post=25144"}],"curies":[{"name":"wp","href":"https:\/\/api.w.org\/{rel}","templated":true}]}}