{"id":25152,"date":"2026-05-13T09:57:01","date_gmt":"2026-05-13T10:57:01","guid":{"rendered":"https:\/\/guidetotheazores.pt\/product\/excursao-de-meio-dia-lagoas-e-sul-banho-opcional-no-poco-redondo\/"},"modified":"2026-05-13T09:57:01","modified_gmt":"2026-05-13T10:57:01","slug":"excursao-de-meio-dia-lagoas-e-sul-banho-opcional-no-poco-redondo","status":"publish","type":"product","link":"https:\/\/guidetotheazores.pt\/pt-pt\/produto\/excursao-de-meio-dia-lagoas-e-sul-banho-opcional-no-poco-redondo\/","title":{"rendered":"Excurs\u00e3o de meio dia Lagoas e Sul &#8211; banho opcional no Po\u00e7o Redondo"},"content":{"rendered":"<p>Detalhes da excurs\u00e3o<br \/>\nNesta excurs\u00e3o, concebida para quem tem pouco tempo na ilha, visitamos as lagoas mais emblem\u00e1ticas da ilha. As 7 Lagoas: Negra, Comprida, Branca, Seca, Rasa, Funda e Lomba &#8211; rodeadas de vegeta\u00e7\u00e3o quase intocada. <\/p>\n<p>O passeio combina natureza, cores, texturas e hist\u00f3ria local, passando por miradouros como o Craveiro Lopes e Portal, a Rocha dos Bord\u00f5es, a famosa Rocha dos Frades e a hist\u00f3rica freguesia das Lajes das Flores.<\/p>\n<p>No final, h\u00e1 tempo para relaxar e, se o tempo o permitir, dar um mergulho nas \u00e1guas cristalinas do Po\u00e7o Redondo, um local ainda pouco visitado pelos turistas.<\/p>\n<p>O que est\u00e1 inclu\u00eddo<br \/>\nRecolha e entrega no teu alojamento<br \/>\nGuia local certificado (portugu\u00eas, ingl\u00eas, espanhol e franc\u00eas)<br \/>\nTransporte em ve\u00edculo confort\u00e1vel<br \/>\nSeguros<br \/>\nParagem para banho no Po\u00e7o Redondo<\/p>\n<p>O que n\u00e3o est\u00e1 inclu\u00eddo<br \/>\nAlmo\u00e7o<br \/>\nArtigos pessoais<br \/>\nRoupa de banho, toalhas e acess\u00f3rios<\/p>\n<p>Itiner\u00e1rio<br \/>\nRecolha no teu alojamento ou na loja Experience OC<\/p>\n<p>Lagoas Negra e Comprida<br \/>\nLagoas Branca e Seca<br \/>\nLagoa Rasa e Funda, Lomba<br \/>\nMiradouros: Craveiro Lopes e Portal<br \/>\nVila das Lajes das Flores<br \/>\nRocha dos Frades<br \/>\nRocha dos Bord\u00f5es<br \/>\nMuseu da Baleia (se dispon\u00edvel)<br \/>\nPo\u00e7o Redondo (nata\u00e7\u00e3o opcional)<br \/>\nRegresso \u00e0 loja Experience OC e\/ou alojamento<\/p>\n<p>Destaques<br \/>\nVisita as 7 Lagoas, a Rocha dos Bord\u00f5es e o Miradouro do Portal.<\/p>\n<p>Um mergulho no Po\u00e7o Redondo, para relaxar e refrescar no final do passeio.<\/p>\n<p>Um passeio pela vila hist\u00f3rica das Lajes<\/p>\n<p>Guias locais, certificados e especializados em esp\u00e9cies end\u00e9micas e na hist\u00f3ria da ilha.<\/p>\n<p>Uma experi\u00eancia curta, intensa e memor\u00e1vel, onde se destacam os principais atractivos naturais da ilha.<\/p>\n","protected":false},"excerpt":{"rendered":"<p>Neste passeio, concebido para quem tem pouco tempo na ilha, visitamos as lagoas mais emblem\u00e1ticas da ilha. As 7 Lagoas: Negra, Comprida, Branca, Seca, Rasa, Funda e Lomba &#8211; rodeadas de vegeta\u00e7\u00e3o quase intocada. <\/p>\n<p><script src=\"https:\/\/fareharbor.com\/embeds\/script\/calendar\/experienceoc\/items\/127197\/?asn=fhdn-eur&amp;asn-ref=guidetotheazores&amp;ref=guidetotheazores&amp;bookable-only=yes&amp;full-items=yes&amp;marketplace=yes&amp;flow=no&amp;branding=no\"><\/script><\/p>\n<div class=\"flex items-start gap-4 mb-4 last:mb-0\" data-v-a5b16f77=\"\">\n<div class=\"min-w-0 flex-1\"><span class=\"fh-text fh-text--body-sm fh-text--medium\" data-v-3872b9c5=\"\">Dura\u00e7\u00e3o: <\/span>4H<\/div>\n<\/div>\n<div class=\"flex items-start gap-4 mb-4 last:mb-0\" data-v-a5b16f77=\"\">\n<div class=\"mt-1 shrink-0\"><\/div>\n<div class=\"min-w-0 flex-1\"><span class=\"fh-text fh-text--body-sm fh-text--medium\" data-v-3872b9c5=\"\">Ponto de encontro: <\/span>Loja Experience OC<\/div>\n<\/div>\n<div class=\"flex items-start gap-4 mb-4 last:mb-0\" data-v-a5b16f77=\"\">\n<div class=\"mt-1 shrink-0\"><\/div>\n<div class=\"min-w-0 flex-1\"><span class=\"fh-text fh-text--body-sm fh-text--medium\" data-v-3872b9c5=\"\">Oferecido em: <\/span>Ingl\u00eas, Espanhol, Franc\u00eas<\/div>\n<\/div>\n<div class=\"flex items-start gap-4 mb-4 last:mb-0\" data-v-a5b16f77=\"\">\n<div class=\"mt-1 shrink-0\"><\/div>\n<div class=\"min-w-0 flex-1\"><\/div>\n<\/div>\n","protected":false},"featured_media":25082,"comment_status":"closed","ping_status":"closed","template":"","meta":{"_acf_changed":false},"product_brand":[19604],"product_cat":[539,19293,556,547],"product_tag":[19329],"class_list":{"0":"post-25152","1":"product","2":"type-product","3":"status-publish","4":"has-post-thumbnail","6":"product_brand-flores","7":"product_cat-atividades-pt-pt","8":"product_cat-flores-pt-pt","9":"product_cat-todas-as-ilhas","10":"product_cat-visitas-guiadas","11":"product_tag-ilhadaflores","13":"first","14":"instock","15":"taxable","16":"shipping-taxable","17":"product-type-external"},"acf":[],"_links":{"self":[{"href":"https:\/\/guidetotheazores.pt\/pt-pt\/wp-json\/wp\/v2\/product\/25152","targetHints":{"allow":["GET"]}}],"collection":[{"href":"https:\/\/guidetotheazores.pt\/pt-pt\/wp-json\/wp\/v2\/product"}],"about":[{"href":"https:\/\/guidetotheazores.pt\/pt-pt\/wp-json\/wp\/v2\/types\/product"}],"replies":[{"embeddable":true,"href":"https:\/\/guidetotheazores.pt\/pt-pt\/wp-json\/wp\/v2\/comments?post=25152"}],"wp:featuredmedia":[{"embeddable":true,"href":"https:\/\/guidetotheazores.pt\/pt-pt\/wp-json\/wp\/v2\/media\/25082"}],"wp:attachment":[{"href":"https:\/\/guidetotheazores.pt\/pt-pt\/wp-json\/wp\/v2\/media?parent=25152"}],"wp:term":[{"taxonomy":"product_brand","embeddable":true,"href":"https:\/\/guidetotheazores.pt\/pt-pt\/wp-json\/wp\/v2\/product_brand?post=25152"},{"taxonomy":"product_cat","embeddable":true,"href":"https:\/\/guidetotheazores.pt\/pt-pt\/wp-json\/wp\/v2\/product_cat?post=25152"},{"taxonomy":"product_tag","embeddable":true,"href":"https:\/\/guidetotheazores.pt\/pt-pt\/wp-json\/wp\/v2\/product_tag?post=25152"}],"curies":[{"name":"wp","href":"https:\/\/api.w.org\/{rel}","templated":true}]}}