{"id":25156,"date":"2026-05-13T09:17:51","date_gmt":"2026-05-13T10:17:51","guid":{"rendered":"https:\/\/guidetotheazores.pt\/product\/canyoning-no-alem-inferior-nivel-1\/"},"modified":"2026-05-13T09:17:51","modified_gmt":"2026-05-13T10:17:51","slug":"canyoning-no-alem-inferior-nivel-1","status":"publish","type":"product","link":"https:\/\/guidetotheazores.pt\/pt-pt\/produto\/canyoning-no-alem-inferior-nivel-1\/","title":{"rendered":"Canyoning no Al\u00e9m Inferior &#8211; N\u00edvel 1"},"content":{"rendered":"<p>Detalhes da atividade<br \/>\nDesfruta de uma experi\u00eancia intensa e \u00fanica no cora\u00e7\u00e3o de uma das paisagens mais deslumbrantes das Flores.<br \/>\nAvalanche<\/p>\n<p>Este percurso de canyoning combina natureza, hist\u00f3ria e aventura, com descidas desafiantes, \u00e1gua a correr e paisagens que s\u00f3 podem ser vistas do interior do canyon.<\/p>\n<p>Durante o percurso, far\u00e1s 7 rapeis, sendo o mais longo de 16 metros, sempre acompanhado por um guia certificado, garantindo seguran\u00e7a e orienta\u00e7\u00e3o em todas as etapas.<\/p>\n<p>Com uma dura\u00e7\u00e3o m\u00e9dia de 4 horas, esta atividade \u00e9 perfeita para quem procura emo\u00e7\u00e3o, contacto direto com a natureza e uma experi\u00eancia memor\u00e1vel na ilha.<\/p>\n<p>O que est\u00e1 inclu\u00eddo<br \/>\nGuia certificado e experiente durante todo o percurso<\/p>\n<p>Kit completo de canyoning (fato t\u00e9rmico, capacete, cal\u00e7ado e equipamento t\u00e9cnico)<\/p>\n<p>Seguro de atividade<\/p>\n<p>Fotografias da experi\u00eancia<\/p>\n<p>\u00c1gua e um lanche ligeiro<\/p>\n<p>O que n\u00e3o est\u00e1 inclu\u00eddo<br \/>\nTransporte para o ponto de encontro<br \/>\nToalha<\/p>\n<p>Itiner\u00e1rio<br \/>\nFaz o check-in na loja Experience OC<\/p>\n<p>Destaques<br \/>\nExplora uma das paisagens mais impressionantes da Ilha das Flores<\/p>\n<p>7 rapeis ao longo do percurso, incluindo um de 16 metros<\/p>\n<p>Contacto direto com a natureza e com as forma\u00e7\u00f5es \u00fanicas do canyon<\/p>\n<p>Uma aventura din\u00e2mica e segura, acompanhada por um guia certificado<\/p>\n<p>Uma experi\u00eancia de 4 horas cheia de emo\u00e7\u00e3o e paisagens memor\u00e1veis<\/p>\n<p>Ideal para quem procura desafios e aventuras no cora\u00e7\u00e3o da ilha<\/p>\n","protected":false},"excerpt":{"rendered":"<p>Desfruta de uma experi\u00eancia intensa e \u00fanica no cora\u00e7\u00e3o de uma das paisagens mais deslumbrantes das Flores.<br \/>\nAvalanche. Este percurso de canyoning combina natureza, hist\u00f3ria e aventura, com descidas desafiantes, \u00e1gua a correr e paisagens que s\u00f3 podem ser vistas do interior do canyon. <\/p>\n<p><script src=\"https:\/\/fareharbor.com\/embeds\/script\/calendar\/experienceoc\/items\/202246\/?asn=fhdn-eur&amp;asn-ref=guidetotheazores&amp;ref=guidetotheazores&amp;bookable-only=yes&amp;full-items=yes&amp;marketplace=yes&amp;flow=no&amp;branding=no\"><\/script><\/p>\n<p>Dura\u00e7\u00e3o: 4 horas<\/p>\n<p>Ponto de encontro: Experimenta a loja OC<\/p>\n<p>Dispon\u00edvel em: Ingl\u00eas, Espanhol<\/p>\n<p>Cancelamentos: cancelamentos efectuados com menos de 72 horas de anteced\u00eancia &#8211; ser\u00e1 cobrado 100% do valor total<\/p>\n<p>Idade: 8+<\/p>\n","protected":false},"featured_media":25051,"comment_status":"closed","ping_status":"closed","template":"","meta":{"_acf_changed":false},"product_brand":[19604],"product_cat":[539,543,19293,556],"product_tag":[19329],"class_list":{"0":"post-25156","1":"product","2":"type-product","3":"status-publish","4":"has-post-thumbnail","6":"product_brand-flores","7":"product_cat-atividades-pt-pt","8":"product_cat-canyoning-pt-pt","9":"product_cat-flores-pt-pt","10":"product_cat-todas-as-ilhas","11":"product_tag-ilhadaflores","13":"first","14":"instock","15":"taxable","16":"shipping-taxable","17":"product-type-external"},"acf":[],"_links":{"self":[{"href":"https:\/\/guidetotheazores.pt\/pt-pt\/wp-json\/wp\/v2\/product\/25156","targetHints":{"allow":["GET"]}}],"collection":[{"href":"https:\/\/guidetotheazores.pt\/pt-pt\/wp-json\/wp\/v2\/product"}],"about":[{"href":"https:\/\/guidetotheazores.pt\/pt-pt\/wp-json\/wp\/v2\/types\/product"}],"replies":[{"embeddable":true,"href":"https:\/\/guidetotheazores.pt\/pt-pt\/wp-json\/wp\/v2\/comments?post=25156"}],"wp:featuredmedia":[{"embeddable":true,"href":"https:\/\/guidetotheazores.pt\/pt-pt\/wp-json\/wp\/v2\/media\/25051"}],"wp:attachment":[{"href":"https:\/\/guidetotheazores.pt\/pt-pt\/wp-json\/wp\/v2\/media?parent=25156"}],"wp:term":[{"taxonomy":"product_brand","embeddable":true,"href":"https:\/\/guidetotheazores.pt\/pt-pt\/wp-json\/wp\/v2\/product_brand?post=25156"},{"taxonomy":"product_cat","embeddable":true,"href":"https:\/\/guidetotheazores.pt\/pt-pt\/wp-json\/wp\/v2\/product_cat?post=25156"},{"taxonomy":"product_tag","embeddable":true,"href":"https:\/\/guidetotheazores.pt\/pt-pt\/wp-json\/wp\/v2\/product_tag?post=25156"}],"curies":[{"name":"wp","href":"https:\/\/api.w.org\/{rel}","templated":true}]}}