{"id":25325,"date":"2026-05-14T09:08:32","date_gmt":"2026-05-14T10:08:32","guid":{"rendered":"https:\/\/guidetotheazores.pt\/product\/sete-cidades-passeio-de-meio-dia\/"},"modified":"2026-05-14T09:08:32","modified_gmt":"2026-05-14T10:08:32","slug":"sete-cidades-passeio-de-meio-dia","status":"publish","type":"product","link":"https:\/\/guidetotheazores.pt\/pt-pt\/produto\/sete-cidades-passeio-de-meio-dia\/","title":{"rendered":"Sete Cidades &#8211; Passeio de meio dia"},"content":{"rendered":"<div class=\"subsection\" data-v-a5b16f77=\"\">\n<div class=\"content-builder-markdown-view\" data-v-316d1a1e=\"\" data-v-a5b16f77=\"\">\n<p><strong><em>Uma perspetiva deslumbrante das Sete Cidades e da Vista do Rei<\/em><\/strong><\/p>\n<p>Embarca numa viagem at\u00e9 ao lado ocidental da ilha, onde te esperam vistas de cortar a respira\u00e7\u00e3o para cativar os teus sentidos. Maravilha-te com a encantadora flora a\u00e7oriana, com as hort\u00eansias a adornar os caminhos da ilha de S\u00e3o Miguel. O nosso passeio vai para al\u00e9m das vistas panor\u00e2micas, guiando-te at\u00e9 \u00e0s ic\u00f3nicas Sete Cidades de Portugal e a v\u00e1rios miradouros, incluindo o Pico do Carv\u00e3o e o imponente Escavaldo.  <\/p>\n<p>Deixa que o nosso guia local te desvende os segredos mais bem guardados dos A\u00e7ores num ambiente descontra\u00eddo e familiar, garantindo uma experi\u00eancia rica em sentidos. Mergulha na cultura local, conecta-te com a natureza e testemunha as extraordin\u00e1rias paisagens dos vulc\u00f5es adormecidos. Com uma capacidade m\u00e1xima de 8 pessoas, esta excurs\u00e3o partilhada promete uma explora\u00e7\u00e3o \u00edntima.  <\/p>\n<p>Junta-te a n\u00f3s agora e cria mem\u00f3rias que transcendem o tempo &#8211; espera-te uma viagem inesquec\u00edvel!<\/p>\n<p><strong>RECOLHA GRATUITA<\/strong><\/p>\n<p>9:00 Apanhar-te no hotel<\/p>\n<p>DROP OFF<br \/>\n1:30 pm Chegada ao Hotel \/ Igual \u00e0 partida<\/p>\n<\/div>\n<\/div>\n<div class=\"subsection\" data-v-a5b16f77=\"\">\n<div class=\"block\" data-v-a5b16f77=\"\"><span class=\"fh-text fh-text--body-lg fh-text--bold\" data-v-3872b9c5=\"\" data-v-a5b16f77=\"\">O que est\u00e1 inclu\u00eddo<\/span><\/div>\n<div class=\"content-builder-markdown-view\" data-v-316d1a1e=\"\" data-v-a5b16f77=\"\">\n<h2>Inclus\u00f5es<\/h2>\n<ul>\n<li>Condutor apaixonado e cauteloso com um guia local<\/li>\n<li>Passeio guiado na natureza (adaptado \u00e0s capacidades dos passageiros da carrinha)<\/li>\n<li>Seguros<\/li>\n<li>Recolha e entrega na cidade de Ponta Delgada<\/li>\n<\/ul>\n<\/div>\n<\/div>\n<div class=\"subsection\" data-v-a5b16f77=\"\">\n<div class=\"block\" data-v-a5b16f77=\"\"><span class=\"fh-text fh-text--body-lg fh-text--bold\" data-v-3872b9c5=\"\" data-v-a5b16f77=\"\">O que n\u00e3o est\u00e1 inclu\u00eddo<\/span><\/div>\n<div class=\"content-builder-markdown-view\" data-v-316d1a1e=\"\" data-v-a5b16f77=\"\">\n<h2>Exclus\u00f5es<\/h2>\n<ul>\n<li>Restaurantes e pausa para almo\u00e7o<\/li>\n<li>Taxas de entrada<\/li>\n<\/ul>\n<\/div>\n<\/div>\n<div class=\"subsection\" data-v-a5b16f77=\"\">\n<div class=\"block\" data-v-a5b16f77=\"\"><span class=\"fh-text fh-text--body-lg fh-text--bold\" data-v-3872b9c5=\"\" data-v-a5b16f77=\"\">Itiner\u00e1rio<\/span><\/div>\n<div class=\"content-builder-markdown-view\" data-v-316d1a1e=\"\" data-v-a5b16f77=\"\">\n<ul>\n<li>Miradouro do Pico do Carv\u00e3o (Sete Cidades, Ponta Delgada)<\/li>\n<li>Miradouro da Lagoa do Can\u00e1rio (Sete Cidades, Ponta Delgada)<\/li>\n<li>Miradouro da Grota do Inferno (Sete Cidades, Ponta Delgada)<\/li>\n<li>Miradouro Vista do Rei (Sete Cidades, Ponta Delgada)<\/li>\n<li>Miradouro do Cerrado das Freiras (Sete Cidades, Ponta Delgada)<\/li>\n<li>Miradouro da Lagoa do Santiago (Sete Cidades, Ponta Delgada)<\/li>\n<li>Visita Sete Cidades (freguesia)<\/li>\n<\/ul>\n<\/div>\n<\/div>\n","protected":false},"excerpt":{"rendered":"<p>Embarca numa viagem at\u00e9 ao lado ocidental da ilha, onde te esperam vistas de cortar a respira\u00e7\u00e3o para cativar os teus sentidos. Maravilha-te com a encantadora flora a\u00e7oriana, com as hort\u00eansias a adornar os caminhos da ilha de S\u00e3o Miguel. O nosso passeio vai para al\u00e9m das vistas panor\u00e2micas, guiando-te at\u00e9 \u00e0s ic\u00f3nicas Sete Cidades de Portugal e a v\u00e1rios miradouros, incluindo o Pico do Carv\u00e3o e o imponente Escavaldo.  <\/p>\n<p><script src=\"https:\/\/fareharbor.com\/embeds\/script\/calendar\/intothewildazorestours\/items\/124748\/?asn=fhdn-eur&amp;asn-ref=guidetotheazores&amp;ref=guidetotheazores&amp;bookable-only=yes&amp;full-items=yes&amp;marketplace=yes&amp;flow=no&amp;branding=no\"><\/script><\/p>\n<div class=\"flex items-start gap-4 mb-4 last:mb-0\" data-v-a5b16f77=\"\">\n<div class=\"min-w-0 flex-1\"><span class=\"fh-text fh-text--body-sm fh-text--medium\" data-v-3872b9c5=\"\">Dura\u00e7\u00e3o: <\/span>4,5 horas<\/div>\n<\/div>\n<div class=\"flex items-start gap-4 mb-4 last:mb-0\" data-v-a5b16f77=\"\">\n<div class=\"mt-1 shrink-0\"><\/div>\n<div class=\"min-w-0 flex-1\"><span class=\"fh-text fh-text--body-sm fh-text--medium\" data-v-3872b9c5=\"\">Ponto de encontro: <\/span>Recolha no hotel<\/div>\n<\/div>\n","protected":false},"featured_media":25195,"comment_status":"closed","ping_status":"closed","template":"","meta":{"_acf_changed":false},"product_brand":[19592],"product_cat":[539,19306,556,547],"product_tag":[19324],"class_list":{"0":"post-25325","1":"product","2":"type-product","3":"status-publish","4":"has-post-thumbnail","6":"product_brand-sao-miguel","7":"product_cat-atividades-pt-pt","8":"product_cat-sao-miguel-pt-pt","9":"product_cat-todas-as-ilhas","10":"product_cat-visitas-guiadas","11":"product_tag-ilhasaomiguel","13":"first","14":"instock","15":"taxable","16":"shipping-taxable","17":"product-type-external"},"acf":[],"_links":{"self":[{"href":"https:\/\/guidetotheazores.pt\/pt-pt\/wp-json\/wp\/v2\/product\/25325","targetHints":{"allow":["GET"]}}],"collection":[{"href":"https:\/\/guidetotheazores.pt\/pt-pt\/wp-json\/wp\/v2\/product"}],"about":[{"href":"https:\/\/guidetotheazores.pt\/pt-pt\/wp-json\/wp\/v2\/types\/product"}],"replies":[{"embeddable":true,"href":"https:\/\/guidetotheazores.pt\/pt-pt\/wp-json\/wp\/v2\/comments?post=25325"}],"wp:featuredmedia":[{"embeddable":true,"href":"https:\/\/guidetotheazores.pt\/pt-pt\/wp-json\/wp\/v2\/media\/25195"}],"wp:attachment":[{"href":"https:\/\/guidetotheazores.pt\/pt-pt\/wp-json\/wp\/v2\/media?parent=25325"}],"wp:term":[{"taxonomy":"product_brand","embeddable":true,"href":"https:\/\/guidetotheazores.pt\/pt-pt\/wp-json\/wp\/v2\/product_brand?post=25325"},{"taxonomy":"product_cat","embeddable":true,"href":"https:\/\/guidetotheazores.pt\/pt-pt\/wp-json\/wp\/v2\/product_cat?post=25325"},{"taxonomy":"product_tag","embeddable":true,"href":"https:\/\/guidetotheazores.pt\/pt-pt\/wp-json\/wp\/v2\/product_tag?post=25325"}],"curies":[{"name":"wp","href":"https:\/\/api.w.org\/{rel}","templated":true}]}}