{"id":25329,"date":"2026-05-14T09:23:04","date_gmt":"2026-05-14T10:23:04","guid":{"rendered":"https:\/\/guidetotheazores.pt\/product\/sete-cidades-e-lagoa-do-fogo\/"},"modified":"2026-05-14T09:23:04","modified_gmt":"2026-05-14T10:23:04","slug":"sete-cidades-e-lagoa-do-fogo","status":"publish","type":"product","link":"https:\/\/guidetotheazores.pt\/pt-pt\/produto\/sete-cidades-e-lagoa-do-fogo\/","title":{"rendered":"Sete Cidades e Lagoa do Fogo"},"content":{"rendered":"<div class=\"flex justify-between py-4 cursor-pointer\" data-v-c46ac7a2=\"\">\n<div class=\"heading-left\" data-v-c46ac7a2=\"\">\n<div class=\"fh-title fh-title--display-xl\" data-v-9d6554c3=\"\" data-v-c46ac7a2=\"\">\n<h1 class=\"fh-text fh-text--display-xl fh-text--medium\" data-v-3872b9c5=\"\" data-v-9d6554c3=\"\">Detalhes da atividade<\/h1>\n<\/div>\n<\/div>\n<div data-v-c46ac7a2=\"\">Embarca numa viagem m\u00e1gica explorando o encantador lado ocidental da ilha de S\u00e3o Miguel com o nosso simp\u00e1tico guia tur\u00edstico. Deixa-te cativar pelas famosas crateras das Sete Cidades e da Lagoa do Fogo, pelas encantadoras cascatas, pelas fal\u00e9sias de cortar a respira\u00e7\u00e3o e pelas impressionantes forma\u00e7\u00f5es rochosas ao longo da costa da ilha.  A tua aventura come\u00e7a nas Sete Cidades, uma das 7 Maravilhas Naturais de Portugal, onde poder\u00e1s desfrutar de uma vista deslumbrante sobre os lagos g\u00e9meos a partir de duas perspectivas \u00fanicas.<\/div>\n<\/div>\n<div class=\"content pb-4\" data-v-c46ac7a2=\"\">\n<div class=\"subsection\" data-v-a5b16f77=\"\">\n<div class=\"content-builder-markdown-view\" data-v-316d1a1e=\"\" data-v-a5b16f77=\"\">\n<p>Depois de uma deliciosa refei\u00e7\u00e3o, levamos-te at\u00e9 ao cora\u00e7\u00e3o da ilha de S\u00e3o Miguel, onde ficar\u00e1s deslumbrado com a beleza das not\u00e1veis fal\u00e9sias da costa norte. Aventura-te no interior para descobrires a imponente cascata do Salto do Cabrito, escondida por uma vegeta\u00e7\u00e3o luxuriante. Sobe ao cimo da Lagoa do Fogo para uma vista deslumbrante sobre as primitivas e m\u00e1gicas crateras de S\u00e3o Miguel. Por fim, conclui a tua viagem no cimo da montanha, maravilhado com as extraordin\u00e1rias panor\u00e2micas que abrangem uma parte significativa da ilha.   <\/p>\n<p>Prepara-te para uma experi\u00eancia inesquec\u00edvel que d\u00e1 vida \u00e0 beleza de S\u00e3o Miguel!<\/p>\n<\/div>\n<\/div>\n<div class=\"subsection\" data-v-a5b16f77=\"\">\n<div class=\"block\" data-v-a5b16f77=\"\"><span class=\"fh-text fh-text--body-lg fh-text--bold\" data-v-3872b9c5=\"\" data-v-a5b16f77=\"\">Itiner\u00e1rio<\/span><\/div>\n<div class=\"content-builder-markdown-view\" data-v-316d1a1e=\"\" data-v-a5b16f77=\"\">\n<ul>\n<li>Miradouro do Pico do Carv\u00e3o (Sete Cidades, Ponta Delgada)<\/li>\n<li>Miradouro da Lagoa do Can\u00e1rio (Sete Cidades, Ponta Delgada)<\/li>\n<li>Miradouro da Grota do Inferno (Sete Cidades, Ponta Delgada)<\/li>\n<li>Miradouro Vista do Rei (Sete Cidades, Ponta Delgada)<\/li>\n<li>Miradouro do Cerrado das Freiras (Sete Cidades, Ponta Delgada)<\/li>\n<li>Miradouro da Lagoa do Santiago (Sete Cidades, Ponta Delgada)<\/li>\n<li>Visita Sete Cidades (freguesia)<\/li>\n<li>Miradouro do Pico da Barrosa (Ribeira Grande)<\/li>\n<li>Miradouro da Lagoa do Fogo (Ribeira Grande)<\/li>\n<li>Visita a Cascata do Salto do Cabrito (Ribeira Grande)<\/li>\n<\/ul>\n<\/div>\n<\/div>\n<\/div>\n","protected":false},"excerpt":{"rendered":"<div class=\"flex justify-between py-4 cursor-pointer\" data-v-c46ac7a2=\"\">\n<div data-v-c46ac7a2=\"\">Embarca numa viagem m\u00e1gica explorando o encantador lado ocidental da ilha de S\u00e3o Miguel com o nosso simp\u00e1tico guia tur\u00edstico. Deixa-te cativar pelas famosas crateras das Sete Cidades e da Lagoa do Fogo, pelas encantadoras cascatas, pelas fal\u00e9sias de cortar a respira\u00e7\u00e3o e pelas impressionantes forma\u00e7\u00f5es rochosas ao longo da costa da ilha. <\/div>\n<\/div>\n<p><script src=\"https:\/\/fareharbor.com\/embeds\/script\/calendar\/intothewildazorestours\/items\/124743\/?asn=fhdn-eur&amp;asn-ref=guidetotheazores&amp;ref=guidetotheazores&amp;bookable-only=yes&amp;full-items=yes&amp;marketplace=yes&amp;flow=no&amp;branding=no\"><\/script><\/p>\n<div class=\"flex items-start gap-4 mb-4 last:mb-0\" data-v-a5b16f77=\"\">\n<div class=\"min-w-0 flex-1\">Dura\u00e7\u00e3o: 8 horas<\/div>\n<\/div>\n<div class=\"flex items-start gap-4 mb-4 last:mb-0\" data-v-a5b16f77=\"\">\n<div class=\"mt-1 shrink-0\"><\/div>\n<div class=\"min-w-0 flex-1\"><span class=\"fh-text fh-text--body-sm fh-text--medium\" data-v-3872b9c5=\"\">Ponto de encontro: <\/span>Recolha no hotel<\/div>\n<\/div>\n","protected":false},"featured_media":25216,"comment_status":"closed","ping_status":"closed","template":"","meta":{"_acf_changed":false},"product_brand":[19592],"product_cat":[539,19306,556,547],"product_tag":[19324],"class_list":{"0":"post-25329","1":"product","2":"type-product","3":"status-publish","4":"has-post-thumbnail","6":"product_brand-sao-miguel","7":"product_cat-atividades-pt-pt","8":"product_cat-sao-miguel-pt-pt","9":"product_cat-todas-as-ilhas","10":"product_cat-visitas-guiadas","11":"product_tag-ilhasaomiguel","13":"first","14":"instock","15":"taxable","16":"shipping-taxable","17":"product-type-external"},"acf":[],"_links":{"self":[{"href":"https:\/\/guidetotheazores.pt\/pt-pt\/wp-json\/wp\/v2\/product\/25329","targetHints":{"allow":["GET"]}}],"collection":[{"href":"https:\/\/guidetotheazores.pt\/pt-pt\/wp-json\/wp\/v2\/product"}],"about":[{"href":"https:\/\/guidetotheazores.pt\/pt-pt\/wp-json\/wp\/v2\/types\/product"}],"replies":[{"embeddable":true,"href":"https:\/\/guidetotheazores.pt\/pt-pt\/wp-json\/wp\/v2\/comments?post=25329"}],"wp:featuredmedia":[{"embeddable":true,"href":"https:\/\/guidetotheazores.pt\/pt-pt\/wp-json\/wp\/v2\/media\/25216"}],"wp:attachment":[{"href":"https:\/\/guidetotheazores.pt\/pt-pt\/wp-json\/wp\/v2\/media?parent=25329"}],"wp:term":[{"taxonomy":"product_brand","embeddable":true,"href":"https:\/\/guidetotheazores.pt\/pt-pt\/wp-json\/wp\/v2\/product_brand?post=25329"},{"taxonomy":"product_cat","embeddable":true,"href":"https:\/\/guidetotheazores.pt\/pt-pt\/wp-json\/wp\/v2\/product_cat?post=25329"},{"taxonomy":"product_tag","embeddable":true,"href":"https:\/\/guidetotheazores.pt\/pt-pt\/wp-json\/wp\/v2\/product_tag?post=25329"}],"curies":[{"name":"wp","href":"https:\/\/api.w.org\/{rel}","templated":true}]}}