{"id":25337,"date":"2026-05-14T12:24:21","date_gmt":"2026-05-14T13:24:21","guid":{"rendered":"https:\/\/guidetotheazores.pt\/product\/furnas-tour-meio-dia\/"},"modified":"2026-05-14T12:24:21","modified_gmt":"2026-05-14T13:24:21","slug":"furnas-tour-meio-dia","status":"publish","type":"product","link":"https:\/\/guidetotheazores.pt\/pt-pt\/produto\/furnas-tour-meio-dia\/","title":{"rendered":"Furnas Tour &#8211; Meio dia"},"content":{"rendered":"<h2>Sobre<\/h2>\n<p>Assiste e banha o teu corpo nas \u00e1guas termais geot\u00e9rmicas dos A\u00e7ores, \u00e0 noite ou de manh\u00e3, numa esp\u00e9cie de grande aventura rom\u00e2ntica e encantadora no lugar mais ex\u00f3tico do mundo.<\/p>\n<p>Al\u00e9m disso, na regi\u00e3o do concelho das Furnas, delicia-te com uma receita exclusiva \u00e0 moda antiga, saborosa mas saud\u00e1vel, preparada debaixo da terra com o vapor de \u00e1gua proveniente do vulc\u00e3o das Furnas.<\/p>\n<p><strong>Locais de paragem selecionados:<\/strong><\/p>\n<ul>\n<li>Miradouro St\u00aa Iria (Ribeira Grande)<\/li>\n<li>Visita a planta\u00e7\u00e3o de ch\u00e1 mais antiga da Europa, a Gorreana (Ribeira Grande)<\/li>\n<li>Miradouro do Pico do Ferro (Furnas, Vila da Povoa\u00e7\u00e3o)<\/li>\n<li>Visita a Lagoa das Furnas (Furnas, Vila da Povoa\u00e7\u00e3o)<\/li>\n<li>Visita as Caldeiras das Furnas (Furnas, Vila da Povoa\u00e7\u00e3o)<\/li>\n<li>Terra Nostra (opcional) (Furnas, Vila da Povoa\u00e7\u00e3o) ou Po\u00e7a da Dona Beija (opcional) (Furnas, Vila da Povoa\u00e7\u00e3o)<\/li>\n<\/ul>\n<p><strong>RECOLHA GRATUITA<\/strong><\/p>\n<p>9:00 ou 14:00 horas Recolha no Hotel com a op\u00e7\u00e3o de come\u00e7ar cedo para desfrutar do nascer do sol. 7:00 am. <\/p>\n<p>DROP OFF<br \/>\n13:30 \/ 18:30 Chegada ao Hotel \/ Igual \u00e0 partida<\/p>\n<p>L\u00ea informa\u00e7\u00f5es sobre a depend\u00eancia<\/p>\n","protected":false},"excerpt":{"rendered":"<p>Assiste e banha o teu corpo nas \u00e1guas termais geot\u00e9rmicas dos A\u00e7ores, \u00e0 noite ou de manh\u00e3, numa aventura rom\u00e2ntica e encantadora no lugar mais ex\u00f3tico do mundo.<\/p>\n<p><script src=\"https:\/\/fareharbor.com\/embeds\/script\/calendar\/intothewildazorestours\/items\/124746\/?asn=fhdn-eur&amp;asn-ref=guidetotheazores&amp;ref=guidetotheazores&amp;bookable-only=yes&amp;full-items=yes&amp;marketplace=yes&amp;flow=no&amp;branding=no\"><\/script><\/p>\n<p><em>Visita guiada de meio dia Furnas<\/em><\/p>\n<p>Dura\u00e7\u00e3o: meio dia 5 hrs<\/p>\n","protected":false},"featured_media":25254,"comment_status":"closed","ping_status":"closed","template":"","meta":{"_acf_changed":false},"product_brand":[19592],"product_cat":[539,19306,556,547],"product_tag":[19324],"class_list":{"0":"post-25337","1":"product","2":"type-product","3":"status-publish","4":"has-post-thumbnail","6":"product_brand-sao-miguel","7":"product_cat-atividades-pt-pt","8":"product_cat-sao-miguel-pt-pt","9":"product_cat-todas-as-ilhas","10":"product_cat-visitas-guiadas","11":"product_tag-ilhasaomiguel","13":"first","14":"instock","15":"taxable","16":"shipping-taxable","17":"product-type-external"},"acf":[],"_links":{"self":[{"href":"https:\/\/guidetotheazores.pt\/pt-pt\/wp-json\/wp\/v2\/product\/25337","targetHints":{"allow":["GET"]}}],"collection":[{"href":"https:\/\/guidetotheazores.pt\/pt-pt\/wp-json\/wp\/v2\/product"}],"about":[{"href":"https:\/\/guidetotheazores.pt\/pt-pt\/wp-json\/wp\/v2\/types\/product"}],"replies":[{"embeddable":true,"href":"https:\/\/guidetotheazores.pt\/pt-pt\/wp-json\/wp\/v2\/comments?post=25337"}],"wp:featuredmedia":[{"embeddable":true,"href":"https:\/\/guidetotheazores.pt\/pt-pt\/wp-json\/wp\/v2\/media\/25254"}],"wp:attachment":[{"href":"https:\/\/guidetotheazores.pt\/pt-pt\/wp-json\/wp\/v2\/media?parent=25337"}],"wp:term":[{"taxonomy":"product_brand","embeddable":true,"href":"https:\/\/guidetotheazores.pt\/pt-pt\/wp-json\/wp\/v2\/product_brand?post=25337"},{"taxonomy":"product_cat","embeddable":true,"href":"https:\/\/guidetotheazores.pt\/pt-pt\/wp-json\/wp\/v2\/product_cat?post=25337"},{"taxonomy":"product_tag","embeddable":true,"href":"https:\/\/guidetotheazores.pt\/pt-pt\/wp-json\/wp\/v2\/product_tag?post=25337"}],"curies":[{"name":"wp","href":"https:\/\/api.w.org\/{rel}","templated":true}]}}