{"id":25341,"date":"2026-05-14T12:39:39","date_gmt":"2026-05-14T13:39:39","guid":{"rendered":"https:\/\/guidetotheazores.pt\/product\/sete-cidades-lagoa-do-fogo-dia-inteiro-tour-privado\/"},"modified":"2026-05-14T12:39:39","modified_gmt":"2026-05-14T13:39:39","slug":"sete-cidades-lagoa-do-fogo-dia-inteiro-tour-privado","status":"publish","type":"product","link":"https:\/\/guidetotheazores.pt\/pt-pt\/produto\/sete-cidades-lagoa-do-fogo-dia-inteiro-tour-privado\/","title":{"rendered":"Sete Cidades &amp; Lagoa do Fogo dia inteiro &#8211; Tour Privado"},"content":{"rendered":"<h2>Sobre<\/h2>\n<p>Nesta visita, ver\u00e1s o lado poente, a deslumbrante Sete Cidades, e a perspetiva da Vista do Rei, dando-te a ver a Irresist\u00edvel Lagoa Azul e Verde ao lado da sedutora freguesia das Sete Cidades, a vista da Serra da Lagoa do Fogo, terminando com o m\u00e1gico banho de \u00e1guas termais para um dia inesquec\u00edvel no para\u00edso.<\/p>\n<p>Desfruta de uma aventura de 8 horas passando pelas Sete Cidades e Lagoa do Fogo. Parte do teu alojamento e sai \u00e0 descoberta de uma das sete maravilhas de Portugal. Come\u00e7aremos com uma viagem em dire\u00e7\u00e3o \u00e0 parte norte da ilha, passando por v\u00e1rios miradouros localizados no Pico do Carv\u00e3o, Lagoa do Can\u00e1rio, Grota do Inferno e Vista do Rei, onde poder\u00e1s desfrutar de uma das mais belas vistas para as duas lagoas das Sete Cidades, bem como visitar a sua freguesia no centro.  <\/p>\n<p>Depois do almo\u00e7o, segue para o miradouro do Pico da Barrosa (o segundo ponto mais alto da ilha). Est\u00e1 tamb\u00e9m programada uma paragem em alguns miradouros na descida da montanha at\u00e9 chegarmos \u00e0 Caldeira Velha, onde poder\u00e1s desfrutar de banhos termais. De seguida, visita \u00e0 f\u00e1brica da Mulher do Capote, onde ter\u00e1s a oportunidade de provar os nossos licores.  <\/p>\n<p>A nossa aventura continua com a ida \u00e0 praia de Santa B\u00e1rbara, na Ribeira Grande, e, no final, visitaremos a planta\u00e7\u00e3o de ananases situada na Faj\u00e3 de Baixo, em Ponta Delgada<\/p>\n<p><strong>Locais de paragem selecionados:<\/strong><\/p>\n<ul>\n<li>Visita a uma planta\u00e7\u00e3o de ananases (Faj\u00e3 de Baixo, Ponta Delgada)<\/li>\n<li>Miradouro do Carv\u00e3o (Sete Cidades, Ponta Delgada)<\/li>\n<li>Miradouro Lagoa do Can\u00e1rio (Sete Cidades, Ponta Delgada)<\/li>\n<li>Miradouro Grota do Inferno (Sete Cidades, Ponta Delgada)<\/li>\n<li>Miradouro Vista do Rei (Sete Cidades, Ponta Delgada)<\/li>\n<li>Miradouro Cerrado das Freiras (Sete Cidades, Ponta Delgada)<\/li>\n<li>Miradouro Lagoa do Santiago (Sete Cidades, Ponta Delgada)<\/li>\n<li>Visita a Lagoa das Sete Cidades (centro)<\/li>\n<li>Miradouro do Pico da Barrosa (Ribeira Grande)<\/li>\n<li>Miradouro Lagoa do Fogo (Ribeira Grande)<\/li>\n<li>Banho termal na Caldeira Velha (opcional) (Ribeira Grande)<\/li>\n<li>Visita o licor da F\u00e1brica Mulher do Capote (Ribeira Grande)<\/li>\n<li>Visita a praia de Santa B\u00e1rbara (Ribeira Grande)<\/li>\n<\/ul>\n<p><strong>RECOLHA GRATUITA<\/strong><\/p>\n<p>9:00 Pick up no Hotel com a op\u00e7\u00e3o de come\u00e7ar cedo para desfrutar do nascer do sol. 7:00 hs. <\/p>\n<p>DROP OFF<br \/>\n17:00 Chegada ao Hotel \/ Igual \u00e0 partida<\/p>\n","protected":false},"excerpt":{"rendered":"<p>Nesta visita, ver\u00e1s o lado poente, a deslumbrante Sete Cidades, e a perspetiva da Vista do Rei, dando-te a ver a Irresist\u00edvel Lagoa Azul e Verde ao lado da sedutora freguesia das Sete Cidades, a vista da Serra da Lagoa do Fogo, terminando com o m\u00e1gico banho de \u00e1guas termais para um dia inesquec\u00edvel no para\u00edso.<\/p>\n<p><script src=\"https:\/\/fareharbor.com\/embeds\/script\/calendar\/intothewildazorestours\/items\/124750\/?asn=fhdn-eur&amp;asn-ref=guidetotheazores&amp;ref=guidetotheazores&amp;bookable-only=yes&amp;full-items=yes&amp;marketplace=yes&amp;flow=no&amp;branding=no\"><\/script><\/p>\n<p>Grupo: m\u00e1ximo 8 pax<\/p>\n<p>Dura\u00e7\u00e3o: dia inteiro 8 hrs<\/p>\n","protected":false},"featured_media":25270,"comment_status":"closed","ping_status":"closed","template":"","meta":{"_acf_changed":false},"product_brand":[19592],"product_cat":[539,19306,556,547],"product_tag":[19324],"class_list":{"0":"post-25341","1":"product","2":"type-product","3":"status-publish","4":"has-post-thumbnail","6":"product_brand-sao-miguel","7":"product_cat-atividades-pt-pt","8":"product_cat-sao-miguel-pt-pt","9":"product_cat-todas-as-ilhas","10":"product_cat-visitas-guiadas","11":"product_tag-ilhasaomiguel","13":"first","14":"instock","15":"taxable","16":"shipping-taxable","17":"product-type-external"},"acf":[],"_links":{"self":[{"href":"https:\/\/guidetotheazores.pt\/pt-pt\/wp-json\/wp\/v2\/product\/25341","targetHints":{"allow":["GET"]}}],"collection":[{"href":"https:\/\/guidetotheazores.pt\/pt-pt\/wp-json\/wp\/v2\/product"}],"about":[{"href":"https:\/\/guidetotheazores.pt\/pt-pt\/wp-json\/wp\/v2\/types\/product"}],"replies":[{"embeddable":true,"href":"https:\/\/guidetotheazores.pt\/pt-pt\/wp-json\/wp\/v2\/comments?post=25341"}],"wp:featuredmedia":[{"embeddable":true,"href":"https:\/\/guidetotheazores.pt\/pt-pt\/wp-json\/wp\/v2\/media\/25270"}],"wp:attachment":[{"href":"https:\/\/guidetotheazores.pt\/pt-pt\/wp-json\/wp\/v2\/media?parent=25341"}],"wp:term":[{"taxonomy":"product_brand","embeddable":true,"href":"https:\/\/guidetotheazores.pt\/pt-pt\/wp-json\/wp\/v2\/product_brand?post=25341"},{"taxonomy":"product_cat","embeddable":true,"href":"https:\/\/guidetotheazores.pt\/pt-pt\/wp-json\/wp\/v2\/product_cat?post=25341"},{"taxonomy":"product_tag","embeddable":true,"href":"https:\/\/guidetotheazores.pt\/pt-pt\/wp-json\/wp\/v2\/product_tag?post=25341"}],"curies":[{"name":"wp","href":"https:\/\/api.w.org\/{rel}","templated":true}]}}