{"id":25345,"date":"2026-05-14T12:47:22","date_gmt":"2026-05-14T13:47:22","guid":{"rendered":"https:\/\/guidetotheazores.pt\/product\/furnas-night-experience\/"},"modified":"2026-05-14T12:47:22","modified_gmt":"2026-05-14T13:47:22","slug":"furnas-night-experience","status":"publish","type":"product","link":"https:\/\/guidetotheazores.pt\/pt-pt\/produto\/furnas-night-experience\/","title":{"rendered":"Furnas Night Experience"},"content":{"rendered":"<div class=\"subsection\" data-v-a5b16f77=\"\">\n<div class=\"content-builder-markdown-view\" data-v-316d1a1e=\"\" data-v-a5b16f77=\"\">\n<h2><em>Experi\u00eancia nocturna nas Furnas com Banho Termal e Jantar inclu\u00eddo<\/em><\/h2>\n<p>\u00c0 noite, testemunha e banha o teu corpo nas \u00e1guas termais geot\u00e9rmicas do Vale das Furnas, numa encantadora aventura rom\u00e2ntica sob as estrelas. Al\u00e9m disso, na regi\u00e3o das Furnas, delicia-te com uma receita exclusiva, saborosa mas saud\u00e1vel, preparada debaixo da terra, utilizando o vapor de \u00e1gua proveniente dos g\u00e9iseres do vulc\u00e3o das Furnas. <\/p>\n<p><strong>Locais de paragem selecionados:<\/strong><\/p>\n<ul>\n<li>Visita as Caldeiras das Furnas (Furnas, Vila da Povoa\u00e7\u00e3o)<\/li>\n<li>Visita a Lagoa das Furnas (Furnas, Vila da Povoa\u00e7\u00e3o)<\/li>\n<li>Banha-te e cura a tua mente nas \u00e1guas termais da Po\u00e7a da Dona Beija (inclu\u00eddo no pacote) (Furnas, Vila da Povoa\u00e7\u00e3o)<\/li>\n<li>Come o famoso Cozido das Furnas (inclu\u00eddo no pacote) (Furnas, Vila da Povoa\u00e7\u00e3o)<\/li>\n<\/ul>\n<p><strong>RECOLHA GRATUITA<\/strong><\/p>\n<p>6:00 PM Recolha no Hotel ou em qualquer outra propriedade residencial nos arredores de Ponta Delgada<\/p>\n<p>DROP OFF<br \/>\n11:30 PM \/ 12:00 AM Chegada ao Hotel \/ Mesmo dia da partida<\/p>\n<\/div>\n<\/div>\n<div class=\"subsection\" data-v-a5b16f77=\"\">\n<div class=\"block\" data-v-a5b16f77=\"\"><span class=\"fh-text fh-text--body-lg fh-text--bold\" data-v-3872b9c5=\"\" data-v-a5b16f77=\"\">O que est\u00e1 inclu\u00eddo<\/span><\/div>\n<div class=\"content-builder-markdown-view\" data-v-316d1a1e=\"\" data-v-a5b16f77=\"\">\n<ul>\n<li>Guia local\/condutor<\/li>\n<li>Jantar, bebidas alco\u00f3licas, sobremesa e caf\u00e9 ou ch\u00e1.<\/li>\n<li>Bilhete de entrada nas Termas (Po\u00e7a da Beija)<\/li>\n<li>Passeio guiado na natureza (adaptado \u00e0s capacidades dos passageiros da carrinha)<\/li>\n<li>Recolha e entrega na cidade de Ponta Delgada<\/li>\n<li>Seguros<\/li>\n<li>Ve\u00edculo com ar condicionado<\/li>\n<\/ul>\n<\/div>\n<\/div>\n<div class=\"subsection\" data-v-a5b16f77=\"\">\n<div class=\"block\" data-v-a5b16f77=\"\"><span class=\"fh-text fh-text--body-lg fh-text--bold\" data-v-3872b9c5=\"\" data-v-a5b16f77=\"\">O que n\u00e3o est\u00e1 inclu\u00eddo<\/span><\/div>\n<div class=\"content-builder-markdown-view\" data-v-316d1a1e=\"\" data-v-a5b16f77=\"\">\n<ul>\n<li>Aluguer de cacifos\/chuveiro quente (opcional mas dispon\u00edvel)<\/li>\n<li>Toalhas\/fato de banho<\/li>\n<\/ul>\n<\/div>\n<\/div>\n","protected":false},"excerpt":{"rendered":"<p>Assiste e banha o teu corpo nas \u00e1guas termais geot\u00e9rmicas do Vale das Furnas \u00e0 noite, numa esp\u00e9cie de grande aventura rom\u00e2ntica e encantadora sob as estrelas.<\/p>\n<p><script src=\"https:\/\/fareharbor.com\/embeds\/script\/calendar\/intothewildazorestours\/items\/124749\/?asn=fhdn-eur&amp;asn-ref=guidetotheazores&amp;ref=guidetotheazores&amp;bookable-only=yes&amp;full-items=yes&amp;marketplace=yes&amp;flow=no&amp;branding=no\"><\/script><\/p>\n<div class=\"flex items-start gap-4 mb-4 last:mb-0\" data-v-a5b16f77=\"\">\n<div class=\"min-w-0 flex-1\"><span class=\"fh-text fh-text--body-sm fh-text--medium\" data-v-3872b9c5=\"\">Dura\u00e7\u00e3o: <\/span>6 h \/ 6h 30<\/div>\n<\/div>\n<div class=\"flex items-start gap-4 mb-4 last:mb-0\" data-v-a5b16f77=\"\">\n<div class=\"mt-1 shrink-0\"><\/div>\n<div class=\"min-w-0 flex-1\"><span class=\"fh-text fh-text--body-sm fh-text--medium\" data-v-3872b9c5=\"\">Ponto de encontro: <\/span>Recolha no Hotel ou em qualquer outra resid\u00eancia nos arredores de Ponta Delgada<\/div>\n<\/div>\n","protected":false},"featured_media":25286,"comment_status":"closed","ping_status":"closed","template":"","meta":{"_acf_changed":false},"product_brand":[19592],"product_cat":[539,19306,556,547],"product_tag":[19324],"class_list":{"0":"post-25345","1":"product","2":"type-product","3":"status-publish","4":"has-post-thumbnail","6":"product_brand-sao-miguel","7":"product_cat-atividades-pt-pt","8":"product_cat-sao-miguel-pt-pt","9":"product_cat-todas-as-ilhas","10":"product_cat-visitas-guiadas","11":"product_tag-ilhasaomiguel","13":"first","14":"instock","15":"taxable","16":"shipping-taxable","17":"product-type-external"},"acf":[],"_links":{"self":[{"href":"https:\/\/guidetotheazores.pt\/pt-pt\/wp-json\/wp\/v2\/product\/25345","targetHints":{"allow":["GET"]}}],"collection":[{"href":"https:\/\/guidetotheazores.pt\/pt-pt\/wp-json\/wp\/v2\/product"}],"about":[{"href":"https:\/\/guidetotheazores.pt\/pt-pt\/wp-json\/wp\/v2\/types\/product"}],"replies":[{"embeddable":true,"href":"https:\/\/guidetotheazores.pt\/pt-pt\/wp-json\/wp\/v2\/comments?post=25345"}],"wp:featuredmedia":[{"embeddable":true,"href":"https:\/\/guidetotheazores.pt\/pt-pt\/wp-json\/wp\/v2\/media\/25286"}],"wp:attachment":[{"href":"https:\/\/guidetotheazores.pt\/pt-pt\/wp-json\/wp\/v2\/media?parent=25345"}],"wp:term":[{"taxonomy":"product_brand","embeddable":true,"href":"https:\/\/guidetotheazores.pt\/pt-pt\/wp-json\/wp\/v2\/product_brand?post=25345"},{"taxonomy":"product_cat","embeddable":true,"href":"https:\/\/guidetotheazores.pt\/pt-pt\/wp-json\/wp\/v2\/product_cat?post=25345"},{"taxonomy":"product_tag","embeddable":true,"href":"https:\/\/guidetotheazores.pt\/pt-pt\/wp-json\/wp\/v2\/product_tag?post=25345"}],"curies":[{"name":"wp","href":"https:\/\/api.w.org\/{rel}","templated":true}]}}