{"id":25349,"date":"2026-05-14T12:55:09","date_gmt":"2026-05-14T13:55:09","guid":{"rendered":"https:\/\/guidetotheazores.pt\/product\/nordeste-dia-inteiro\/"},"modified":"2026-05-14T12:55:09","modified_gmt":"2026-05-14T13:55:09","slug":"nordeste-dia-inteiro","status":"publish","type":"product","link":"https:\/\/guidetotheazores.pt\/pt-pt\/produto\/nordeste-dia-inteiro\/","title":{"rendered":"Nordeste Dia Inteiro"},"content":{"rendered":"<p>Tempo para explorar a bela vila de Nordeste com miradouros de encher o cora\u00e7\u00e3o, parques naturais, paisagens inesquec\u00edveis e cascatas tentadoras cobertas pela vegeta\u00e7\u00e3o da Macaron\u00e9sia.<\/p>\n<p><strong>Locais de paragem selecionados:<\/strong><\/p>\n<ul>\n<li>Miradouro Sta Iria View<\/li>\n<li>F\u00e1brica de ch\u00e1 da Gorreana (Ribeira Grande)<\/li>\n<li>Parque Natural da Ribeira dos Caldeir\u00f5es (Nordeste)<\/li>\n<li>Miradouro da Vigia das Baleias; (Algarvia)<\/li>\n<li>Vila do Nordeste ( visita o centro )<\/li>\n<li>Miradouro Ponta do Arnel (Nordeste)<\/li>\n<li>Miradouro Vista dos Barcos (Nordeste)<\/li>\n<li>Miradouro Ponta do Sossego (Nordeste)<\/li>\n<li>Miradouro Ponta da Madrugada (Nordeste)<\/li>\n<li>\u00c1gua Retorta (Passagem)<\/li>\n<li>Miradouro P\u00f4r-do-Sol (Povoa\u00e7\u00e3o)<\/li>\n<li>Vila da Povoa\u00e7\u00e3o (visita o centro)<\/li>\n<\/ul>\n<p><strong>RECOLHA GRATUITA<\/strong><\/p>\n<p>9:00 Apanhar-te no hotel<\/p>\n<p>DROP OFF<br \/>\n17:00 \/ 18:00 Chegada ao Hotel \/ Igual \u00e0 partida<\/p>\n","protected":false},"excerpt":{"rendered":"<p>Tempo para explorar a bela vila de Nordeste com miradouros, parques naturais, paisagens inesquec\u00edveis e cascatas tentadoras cobertas pela vegeta\u00e7\u00e3o da Macaron\u00e9sia.<\/p>\n<p><script src=\"https:\/\/fareharbor.com\/embeds\/script\/calendar\/intothewildazorestours\/items\/124752\/?asn=fhdn-eur&amp;asn-ref=guidetotheazores&amp;ref=guidetotheazores&amp;bookable-only=yes&amp;full-items=yes&amp;marketplace=yes&amp;flow=no&amp;branding=no\"><\/script><\/p>\n<p>Grupo de no m\u00e1ximo 8 pessoas<\/p>\n<p>Dura\u00e7\u00e3o: dia inteiro 8 horas<\/p>\n","protected":false},"featured_media":25302,"comment_status":"closed","ping_status":"closed","template":"","meta":{"_acf_changed":false},"product_brand":[19592],"product_cat":[539,19306,556,547],"product_tag":[19324],"class_list":{"0":"post-25349","1":"product","2":"type-product","3":"status-publish","4":"has-post-thumbnail","6":"product_brand-sao-miguel","7":"product_cat-atividades-pt-pt","8":"product_cat-sao-miguel-pt-pt","9":"product_cat-todas-as-ilhas","10":"product_cat-visitas-guiadas","11":"product_tag-ilhasaomiguel","13":"first","14":"instock","15":"taxable","16":"shipping-taxable","17":"product-type-external"},"acf":[],"_links":{"self":[{"href":"https:\/\/guidetotheazores.pt\/pt-pt\/wp-json\/wp\/v2\/product\/25349","targetHints":{"allow":["GET"]}}],"collection":[{"href":"https:\/\/guidetotheazores.pt\/pt-pt\/wp-json\/wp\/v2\/product"}],"about":[{"href":"https:\/\/guidetotheazores.pt\/pt-pt\/wp-json\/wp\/v2\/types\/product"}],"replies":[{"embeddable":true,"href":"https:\/\/guidetotheazores.pt\/pt-pt\/wp-json\/wp\/v2\/comments?post=25349"}],"wp:featuredmedia":[{"embeddable":true,"href":"https:\/\/guidetotheazores.pt\/pt-pt\/wp-json\/wp\/v2\/media\/25302"}],"wp:attachment":[{"href":"https:\/\/guidetotheazores.pt\/pt-pt\/wp-json\/wp\/v2\/media?parent=25349"}],"wp:term":[{"taxonomy":"product_brand","embeddable":true,"href":"https:\/\/guidetotheazores.pt\/pt-pt\/wp-json\/wp\/v2\/product_brand?post=25349"},{"taxonomy":"product_cat","embeddable":true,"href":"https:\/\/guidetotheazores.pt\/pt-pt\/wp-json\/wp\/v2\/product_cat?post=25349"},{"taxonomy":"product_tag","embeddable":true,"href":"https:\/\/guidetotheazores.pt\/pt-pt\/wp-json\/wp\/v2\/product_tag?post=25349"}],"curies":[{"name":"wp","href":"https:\/\/api.w.org\/{rel}","templated":true}]}}