{"id":25353,"date":"2026-05-14T13:03:32","date_gmt":"2026-05-14T14:03:32","guid":{"rendered":"https:\/\/guidetotheazores.pt\/product\/furnas-dia-inteiro-visita-privada\/"},"modified":"2026-05-14T13:03:32","modified_gmt":"2026-05-14T14:03:32","slug":"furnas-dia-inteiro-visita-privada","status":"publish","type":"product","link":"https:\/\/guidetotheazores.pt\/pt-pt\/produto\/furnas-dia-inteiro-visita-privada\/","title":{"rendered":"Furnas &#8211; Dia Inteiro &#8211; Visita Privada"},"content":{"rendered":"<p>Descobre a costa sul da Ilha de S\u00e3o Miguel, apresentando paisagens como o Ilh\u00e9u de Vila Franca, (conhecido pelo mergulho Red Bull), prova as famosas Queijadas da Vila, e faz uma visita \u00e0 capela de Nossa Sra da Paz.<\/p>\n<p>Ao aproximares-te da pequena aldeia das Furnas, aprecia a tranquila Lagoa das Furnas, onde poder\u00e1s ver os reconhecidos vapores onde os habitantes locais preparam uma refei\u00e7\u00e3o conhecida como Cozido das Furnas, que ser\u00e1 oferecida aos clientes.<\/p>\n<p>Toma um banho quente e saud\u00e1vel, contido em seguran\u00e7a nas conhecidas Termas das Furnas, descontraindo-te por dentro, rodeado de paisagens \u00fanicas de um ambiente repousante e natural, que por sua vez, te encher\u00e1 o cora\u00e7\u00e3o de mem\u00f3rias dos A\u00e7ores.<\/p>\n<p><strong>Locais de paragem selecionados:<\/strong><\/p>\n<ul>\n<li>Miradouro Pis\u00e3o<\/li>\n<li>Ilh\u00e9u (Vista de Vila Franca)<\/li>\n<li>Ermida da Nossa Senhora da Paz (Vila Franca)<\/li>\n<li>Lagoa das Furnas (Furnas, Vila da Povoa\u00e7\u00e3o)<\/li>\n<li>Caldeiras das Furnas (Furnas, Vila da Povoa\u00e7\u00e3o)<\/li>\n<li>Terra Nostra (opcional) ou Termas da Po\u00e7a da Dona Beija (opcional) (Furnas, Vila da Povoa\u00e7\u00e3o)<\/li>\n<li>Miradouro do Pico do Ferro (Furnas, Vila da Povoa\u00e7\u00e3o)<\/li>\n<li>Visita a f\u00e1brica de ch\u00e1 da Gorreana (Ribeira Grande)<\/li>\n<li>Miradouro de Sta Iria<\/li>\n<\/ul>\n<p><strong>RECOLHA GRATUITA<\/strong><\/p>\n<p>9:00 Pick up no Hotel com a op\u00e7\u00e3o de come\u00e7ar cedo para desfrutar do nascer do sol. 7:00 hs. <\/p>\n<p>DROP OFF<br \/>\n17:00 Chegada ao Hotel \/ Igual \u00e0 partida<\/p>\n","protected":false},"excerpt":{"rendered":"<p>Descobre a costa sul da Ilha de S\u00e3o Miguel, apresentando paisagens como o Ilh\u00e9u de Vila Franca, (conhecido pelo mergulho Red Bull), prova as famosas Queijadas da Vila, e visita a capela de Nossa Sra da Paz.<\/p>\n<p><script src=\"https:\/\/fareharbor.com\/embeds\/script\/calendar\/intothewildazorestours\/items\/124751\/?asn=fhdn-eur&amp;asn-ref=guidetotheazores&amp;ref=guidetotheazores&amp;bookable-only=yes&amp;full-items=yes&amp;marketplace=yes&amp;flow=no&amp;branding=no\"><\/script><\/p>\n<p>Grupo de no m\u00e1ximo 8 pax<\/p>\n<p>Dura\u00e7\u00e3o: dia inteiro 8 hrs<\/p>\n","protected":false},"featured_media":25313,"comment_status":"closed","ping_status":"closed","template":"","meta":{"_acf_changed":false},"product_brand":[19592],"product_cat":[539,19306,556,547],"product_tag":[19324],"class_list":{"0":"post-25353","1":"product","2":"type-product","3":"status-publish","4":"has-post-thumbnail","6":"product_brand-sao-miguel","7":"product_cat-atividades-pt-pt","8":"product_cat-sao-miguel-pt-pt","9":"product_cat-todas-as-ilhas","10":"product_cat-visitas-guiadas","11":"product_tag-ilhasaomiguel","13":"first","14":"instock","15":"taxable","16":"shipping-taxable","17":"product-type-external"},"acf":[],"_links":{"self":[{"href":"https:\/\/guidetotheazores.pt\/pt-pt\/wp-json\/wp\/v2\/product\/25353","targetHints":{"allow":["GET"]}}],"collection":[{"href":"https:\/\/guidetotheazores.pt\/pt-pt\/wp-json\/wp\/v2\/product"}],"about":[{"href":"https:\/\/guidetotheazores.pt\/pt-pt\/wp-json\/wp\/v2\/types\/product"}],"replies":[{"embeddable":true,"href":"https:\/\/guidetotheazores.pt\/pt-pt\/wp-json\/wp\/v2\/comments?post=25353"}],"wp:featuredmedia":[{"embeddable":true,"href":"https:\/\/guidetotheazores.pt\/pt-pt\/wp-json\/wp\/v2\/media\/25313"}],"wp:attachment":[{"href":"https:\/\/guidetotheazores.pt\/pt-pt\/wp-json\/wp\/v2\/media?parent=25353"}],"wp:term":[{"taxonomy":"product_brand","embeddable":true,"href":"https:\/\/guidetotheazores.pt\/pt-pt\/wp-json\/wp\/v2\/product_brand?post=25353"},{"taxonomy":"product_cat","embeddable":true,"href":"https:\/\/guidetotheazores.pt\/pt-pt\/wp-json\/wp\/v2\/product_cat?post=25353"},{"taxonomy":"product_tag","embeddable":true,"href":"https:\/\/guidetotheazores.pt\/pt-pt\/wp-json\/wp\/v2\/product_tag?post=25353"}],"curies":[{"name":"wp","href":"https:\/\/api.w.org\/{rel}","templated":true}]}}