{"id":8770,"date":"2021-11-02T13:56:16","date_gmt":"2021-11-02T14:56:16","guid":{"rendered":"https:\/\/guidetotheazores.pt\/shop\/sem%20categoria\/the-wooden-house-oferta-de-teste-nao-reservavel\/"},"modified":"2026-02-02T14:48:29","modified_gmt":"2026-02-02T15:48:29","slug":"casa-aguaplano-cottage","status":"publish","type":"product","link":"https:\/\/guidetotheazores.pt\/pt-pt\/produto\/casa-aguaplano-cottage\/","title":{"rendered":"Casa Aguaplano Casa de campo acolhedora"},"content":{"rendered":"<p>A Casa Aguaplano \u00e9 uma acolhedora casa de madeira com 30 m2, adjacente \u00e0 nossa casa, com vista para uma floresta luxuriante e para o oceano, virada para sudoeste no Capelo, Ilha do Faial, A\u00e7ores<\/p>\n<p>Desfrute dos fabulosos pores-do-sol a partir de uma casa coberta de madeira totalmente renovada, equipada com cozinha, forno de lenha tradicional, desumidificador, wi-fi, deck e p\u00e1tio lateral com barbecue para relaxar e ter privacidade.<\/p>\n<p>Valeria e Sigfrido d\u00e3o-lhe as boas-vindas ao seu esconderijo a\u00e7oriano.<\/p>\n<p>O Vulc\u00e3o dos Capelinhos e as piscinas naturais do Varadouro est\u00e3o a poucos minutos de dist\u00e2ncia (explora mais no nosso <a href=\"https:\/\/guidetotheazores.pt\/pt-pt\/varadouro-faial-azores-guia-completo-de-viagem\/\">guia de viagem Varadouro Faial<\/a>), existe um bom restaurante (Bela Vista), bem como uma loja e 2 snack-bares a uma curta dist\u00e2ncia a p\u00e9. O aeroporto pode ser alcan\u00e7ado em 10 minutos de carro. A Horta fica apenas a 20 minutos de dist\u00e2ncia.<\/p>\n<p>Falamos ingl\u00eas, portugu\u00eas, franc\u00eas, espanhol e, claro, italiano<\/p>\n<p>Dispon\u00edvel de mar\u00e7o a novembro<\/p>\n<p>Carater\u00edsticas e comodidades:<\/p>\n<p>Cozinha completa com fog\u00e3o el\u00e9trico, frigor\u00edfico, forno e todas as formas poss\u00edveis de fazer caf\u00e9<\/p>\n<p>Casa de banho privativa com cabina de duche ao n\u00edvel do ch\u00e3o<\/p>\n<p>P\u00e1tio com vista para a floresta e o oceano<\/p>\n<p>\u00c1rea de churrasco<\/p>\n<p>Lavandaria com m\u00e1quina de lavar roupa e m\u00e1quina de secar roupa<\/p>\n<p>Wi-fi e TV<\/p>\n<p>No ver\u00e3o, legumes frescos e ervas arom\u00e1ticas cultivadas na nossa estufa<\/p>\n<p>&nbsp;<\/p>\n<p>&nbsp;<\/p>\n<p>&nbsp;<\/p>\n","protected":false},"excerpt":{"rendered":"<p>Aconchegante casa de madeira de 30 m2 perto do Vulc\u00e3o dos Capelinhos com vista para o mar, fabuloso p\u00f4r do sol, p\u00e1tio para churrasco e todas as comodidades. A minutos das piscinas naturais e da Horta. <\/p>\n","protected":false},"featured_media":10742,"comment_status":"open","ping_status":"closed","template":"","meta":{"_acf_changed":false},"product_brand":[],"product_cat":[536,533,535,556],"product_tag":[19333],"class_list":{"0":"post-8770","1":"product","2":"type-product","3":"status-publish","4":"has-post-thumbnail","6":"product_cat-alojamento","7":"product_cat-alojamento-local-pt-pt","8":"product_cat-faial-pt-pt","9":"product_cat-todas-as-ilhas","10":"product_tag-ilhadofaial","12":"first","13":"instock","14":"virtual","15":"sold-individually","16":"taxable","17":"purchasable","18":"product-type-phive_booking"},"acf":[],"_links":{"self":[{"href":"https:\/\/guidetotheazores.pt\/pt-pt\/wp-json\/wp\/v2\/product\/8770","targetHints":{"allow":["GET"]}}],"collection":[{"href":"https:\/\/guidetotheazores.pt\/pt-pt\/wp-json\/wp\/v2\/product"}],"about":[{"href":"https:\/\/guidetotheazores.pt\/pt-pt\/wp-json\/wp\/v2\/types\/product"}],"replies":[{"embeddable":true,"href":"https:\/\/guidetotheazores.pt\/pt-pt\/wp-json\/wp\/v2\/comments?post=8770"}],"wp:featuredmedia":[{"embeddable":true,"href":"https:\/\/guidetotheazores.pt\/pt-pt\/wp-json\/wp\/v2\/media\/10742"}],"wp:attachment":[{"href":"https:\/\/guidetotheazores.pt\/pt-pt\/wp-json\/wp\/v2\/media?parent=8770"}],"wp:term":[{"taxonomy":"product_brand","embeddable":true,"href":"https:\/\/guidetotheazores.pt\/pt-pt\/wp-json\/wp\/v2\/product_brand?post=8770"},{"taxonomy":"product_cat","embeddable":true,"href":"https:\/\/guidetotheazores.pt\/pt-pt\/wp-json\/wp\/v2\/product_cat?post=8770"},{"taxonomy":"product_tag","embeddable":true,"href":"https:\/\/guidetotheazores.pt\/pt-pt\/wp-json\/wp\/v2\/product_tag?post=8770"}],"curies":[{"name":"wp","href":"https:\/\/api.w.org\/{rel}","templated":true}]}}