{"id":8782,"date":"2022-02-18T12:11:28","date_gmt":"2022-02-18T13:11:28","guid":{"rendered":"https:\/\/guidetotheazores.pt\/shop\/sem%20categoria\/escuna-quarto-individual-casa-de-banho-partilhada\/"},"modified":"2026-02-01T10:01:00","modified_gmt":"2026-02-01T11:01:00","slug":"escuna","status":"publish","type":"product","link":"https:\/\/guidetotheazores.pt\/pt-pt\/produto\/escuna\/","title":{"rendered":"ESCUNA &#8211; Quarto individual, casa de banho partilhada"},"content":{"rendered":"<p>ESCUNA &#8211; Quarto individual<br \/>\nSegundo andar (sem elevador)<br \/>\nVista para o p\u00e1tio interior<br \/>\nCasa de banho partilhada apenas com o quarto duplo Clipper (mesmo andar)<\/p>\n<p>Todos os quartos da Casa BuonVento est\u00e3o equipados com secret\u00e1ria, roupeiro ou cabide, ventoinha e\/ou aquecedor radiante.<br \/>\nS\u00e3o fornecidas toalhas e roupa de cama.<\/p>\n<p>Os nossos h\u00f3spedes t\u00eam \u00e0 sua disposi\u00e7\u00e3o uma cozinha comum totalmente equipada (lou\u00e7a, talheres, electrodom\u00e9sticos) e uma pequena sala de estar com sof\u00e1, televis\u00e3o e livros.<\/p>\n<p><strong>SERVI\u00c7OS<\/strong><\/p>\n<ul>\n<li>Servi\u00e7o de limpeza a cada 3 dias, mudan\u00e7a de toalhas e roupa de cama uma vez por semana (mudan\u00e7a extra a pedido)<\/li>\n<li>Wifi gratuito em toda a estrutura<\/li>\n<li>Toalhas de praia (a pedido)<\/li>\n<li>Utiliza\u00e7\u00e3o da cozinha partilhada<\/li>\n<li>Acesso gratuito ao pequeno sal\u00e3o partilhado com televis\u00e3o, sof\u00e1 e livros<\/li>\n<li>Reserva de servi\u00e7o de transfer de\/para Aeroporto\/Terminal Mar\u00edtimo (a pedido)<\/li>\n<li>Organiza\u00e7\u00e3o de actividades nas ilhas do Faial e do Pico (observa\u00e7\u00e3o de cet\u00e1ceos, visitas \u00e0 cidade e \u00e0s ilhas, escalada na montanha do Pico, etc.) &#8211; a pedido)<\/li>\n<li>Reserva de restaurantes (a pedido)<\/li>\n<li>Alugar um carro (a pedido)<\/li>\n<li>Lavandaria (a pedido, custo adicional)<\/li>\n<li>Armazenamento de bagagens<\/li>\n<\/ul>\n","protected":false},"excerpt":{"rendered":"<p>ESCUNA &#8211; Quarto individual<br \/>\nSegundo andar (sem elevador)<br \/>\nVista para o p\u00e1tio interior<br \/>\nCasa de banho partilhada apenas com o quarto duplo Clipper (mesmo andar)<\/p>\n","protected":false},"featured_media":8556,"comment_status":"open","ping_status":"closed","template":"","meta":{"_acf_changed":false},"product_brand":[],"product_cat":[536,533,535,556],"product_tag":[19333],"class_list":{"0":"post-8782","1":"product","2":"type-product","3":"status-publish","4":"has-post-thumbnail","6":"product_cat-alojamento","7":"product_cat-alojamento-local-pt-pt","8":"product_cat-faial-pt-pt","9":"product_cat-todas-as-ilhas","10":"product_tag-ilhadofaial","12":"first","13":"instock","14":"virtual","15":"sold-individually","16":"taxable","17":"purchasable","18":"product-type-phive_booking"},"acf":[],"_links":{"self":[{"href":"https:\/\/guidetotheazores.pt\/pt-pt\/wp-json\/wp\/v2\/product\/8782","targetHints":{"allow":["GET"]}}],"collection":[{"href":"https:\/\/guidetotheazores.pt\/pt-pt\/wp-json\/wp\/v2\/product"}],"about":[{"href":"https:\/\/guidetotheazores.pt\/pt-pt\/wp-json\/wp\/v2\/types\/product"}],"replies":[{"embeddable":true,"href":"https:\/\/guidetotheazores.pt\/pt-pt\/wp-json\/wp\/v2\/comments?post=8782"}],"wp:featuredmedia":[{"embeddable":true,"href":"https:\/\/guidetotheazores.pt\/pt-pt\/wp-json\/wp\/v2\/media\/8556"}],"wp:attachment":[{"href":"https:\/\/guidetotheazores.pt\/pt-pt\/wp-json\/wp\/v2\/media?parent=8782"}],"wp:term":[{"taxonomy":"product_brand","embeddable":true,"href":"https:\/\/guidetotheazores.pt\/pt-pt\/wp-json\/wp\/v2\/product_brand?post=8782"},{"taxonomy":"product_cat","embeddable":true,"href":"https:\/\/guidetotheazores.pt\/pt-pt\/wp-json\/wp\/v2\/product_cat?post=8782"},{"taxonomy":"product_tag","embeddable":true,"href":"https:\/\/guidetotheazores.pt\/pt-pt\/wp-json\/wp\/v2\/product_tag?post=8782"}],"curies":[{"name":"wp","href":"https:\/\/api.w.org\/{rel}","templated":true}]}}