{"id":8948,"date":"2023-01-04T12:56:48","date_gmt":"2023-01-04T13:56:48","guid":{"rendered":"https:\/\/guidetotheazores.pt\/shop\/sem%20categoria\/planeamento-das-viagens-aos-acores\/"},"modified":"2023-01-10T10:33:52","modified_gmt":"2023-01-10T11:33:52","slug":"azores-travel-planning","status":"publish","type":"product","link":"https:\/\/guidetotheazores.pt\/pt-pt\/produto\/azores-travel-planning\/","title":{"rendered":"Planeamento de Viagens aos A\u00e7ores &#8211; Sess\u00e3o Privada"},"content":{"rendered":"<p>Videoconfer\u00eancia de uma hora com Ilaria &#8211; Designer de viagens aos A\u00e7ores<\/p>\n<p>Est\u00e1 a planear uma viagem &#8220;fa\u00e7a voc\u00ea mesmo&#8221; aos A\u00e7ores e gostaria de obter conselhos sobre as ilhas, poss\u00edveis itiner\u00e1rios, como se deslocar, o que n\u00e3o perder, tempos de viagem, dias m\u00ednimos necess\u00e1rios, bagagem para levar e mil outras coisas? Com este servi\u00e7o organizaremos uma videochamada de 40&#8242; com a minha introdu\u00e7\u00e3o \u00e0s coisas b\u00e1sicas a saber para um planeamento de viagem bem sucedido e uma sess\u00e3o de tempo para as suas perguntas na fila de espera.<\/p>\n<p>Pre\u00e7o: 50 euros &#8211; Sess\u00e3o Privada<\/p>\n<p>Uma vez reservada a sess\u00e3o, ser\u00e1 contactado por Ilaria para acordar o melhor momento poss\u00edvel.<\/p>\n<p>&nbsp;<\/p>\n","protected":false},"excerpt":{"rendered":"<p>Uma hora de videoconfer\u00eancia com Ilaria (Azores Travel Designer) para um planeamento de viagens bem sucedido!<\/p>\n","protected":false},"featured_media":8947,"comment_status":"open","ping_status":"closed","template":"","meta":{"_acf_changed":false},"product_brand":[],"product_cat":[558,557],"product_tag":[],"class_list":{"0":"post-8948","1":"product","2":"type-product","3":"status-publish","4":"has-post-thumbnail","6":"product_cat-designer-de-viagens","7":"product_cat-servicos","9":"first","10":"instock","11":"virtual","12":"taxable","13":"purchasable","14":"product-type-simple"},"acf":[],"_links":{"self":[{"href":"https:\/\/guidetotheazores.pt\/pt-pt\/wp-json\/wp\/v2\/product\/8948","targetHints":{"allow":["GET"]}}],"collection":[{"href":"https:\/\/guidetotheazores.pt\/pt-pt\/wp-json\/wp\/v2\/product"}],"about":[{"href":"https:\/\/guidetotheazores.pt\/pt-pt\/wp-json\/wp\/v2\/types\/product"}],"replies":[{"embeddable":true,"href":"https:\/\/guidetotheazores.pt\/pt-pt\/wp-json\/wp\/v2\/comments?post=8948"}],"wp:featuredmedia":[{"embeddable":true,"href":"https:\/\/guidetotheazores.pt\/pt-pt\/wp-json\/wp\/v2\/media\/8947"}],"wp:attachment":[{"href":"https:\/\/guidetotheazores.pt\/pt-pt\/wp-json\/wp\/v2\/media?parent=8948"}],"wp:term":[{"taxonomy":"product_brand","embeddable":true,"href":"https:\/\/guidetotheazores.pt\/pt-pt\/wp-json\/wp\/v2\/product_brand?post=8948"},{"taxonomy":"product_cat","embeddable":true,"href":"https:\/\/guidetotheazores.pt\/pt-pt\/wp-json\/wp\/v2\/product_cat?post=8948"},{"taxonomy":"product_tag","embeddable":true,"href":"https:\/\/guidetotheazores.pt\/pt-pt\/wp-json\/wp\/v2\/product_tag?post=8948"}],"curies":[{"name":"wp","href":"https:\/\/api.w.org\/{rel}","templated":true}]}}